{"id":317,"date":"2016-06-08T07:16:18","date_gmt":"2016-06-08T07:16:18","guid":{"rendered":"http:\/\/www.ramatuelle-tourisme.com\/wp\/?page_id=317"},"modified":"2025-09-29T14:35:37","modified_gmt":"2025-09-29T12:35:37","slug":"notre-documentation","status":"publish","type":"page","link":"https:\/\/www.ramatuelle-tourisme.com\/pro\/loffice-de-tourisme\/notre-documentation\/","title":{"rendered":"Notre documentation"},"content":{"rendered":"<p>Tout au long de la saison, nous vous rappelons que vous pouvez obtenir cette documentation qui vous sera livr\u00e9e directement dans votre \u00e9tablissement. N&rsquo;h\u00e9sitez pas \u00e0 nous appeler ou envoyer un mail pour nous faire part des quantit\u00e9s souhait\u00e9es.<\/p>\n<p>Vous trouverez ci-dessous les PDF de nos principaux d\u00e9pliants touristiques et culturels.<\/p>\n\n\n<iframe id=\"frame-avizi-widget1\" src=\"https:\/\/app.avizi.fr\/widgets\/public\/86fbf1ab01d6d3c8f48b1cdf2e65818e\/343\" frameborder=\"0\" width=\"100%\"><\/iframe>\n<script type=\"text\/javascript\" src=\"https:\/\/app.avizi.fr\/widgets\/js\/widget-iframe-resizer.client.js\"><\/script>\n<script>\n    iFrameAviziResize({\n        checkOrigin: ['https:\/\/app.avizi.fr'],\n        autoResize: false,\n        sizeWidth: true,\n        messageCallback: function(messageData) {\n            switch(messageData.message) {\n                case 'resize_scroll':\n                    document.getElementById('frame-avizi-widget1').scrollIntoView();\n                    break;\n            }\n        }\n    });\n<\/script>\n\n\n\n<p><\/p>\n","protected":false},"excerpt":{"rendered":"<p>Tout au long de la saison, nous vous rappelons que vous pouvez obtenir cette documentation qui vous sera livr\u00e9e directement dans votre \u00e9tablissement. N&rsquo;h\u00e9sitez pas \u00e0 nous appeler ou envoyer un mail pour nous faire part des quantit\u00e9s souhait\u00e9es. Vous trouverez ci-dessous les PDF de nos principaux d\u00e9pliants touristiques et culturels.<\/p>\n","protected":false},"author":1,"featured_media":0,"parent":134,"menu_order":6,"comment_status":"closed","ping_status":"closed","template":"","meta":{"footnotes":""},"class_list":["post-317","page","type-page","status-publish","hentry"],"_links":{"self":[{"href":"https:\/\/www.ramatuelle-tourisme.com\/pro\/wp-json\/wp\/v2\/pages\/317","targetHints":{"allow":["GET"]}}],"collection":[{"href":"https:\/\/www.ramatuelle-tourisme.com\/pro\/wp-json\/wp\/v2\/pages"}],"about":[{"href":"https:\/\/www.ramatuelle-tourisme.com\/pro\/wp-json\/wp\/v2\/types\/page"}],"author":[{"embeddable":true,"href":"https:\/\/www.ramatuelle-tourisme.com\/pro\/wp-json\/wp\/v2\/users\/1"}],"replies":[{"embeddable":true,"href":"https:\/\/www.ramatuelle-tourisme.com\/pro\/wp-json\/wp\/v2\/comments?post=317"}],"version-history":[{"count":11,"href":"https:\/\/www.ramatuelle-tourisme.com\/pro\/wp-json\/wp\/v2\/pages\/317\/revisions"}],"predecessor-version":[{"id":1691,"href":"https:\/\/www.ramatuelle-tourisme.com\/pro\/wp-json\/wp\/v2\/pages\/317\/revisions\/1691"}],"up":[{"embeddable":true,"href":"https:\/\/www.ramatuelle-tourisme.com\/pro\/wp-json\/wp\/v2\/pages\/134"}],"wp:attachment":[{"href":"https:\/\/www.ramatuelle-tourisme.com\/pro\/wp-json\/wp\/v2\/media?parent=317"}],"curies":[{"name":"wp","href":"https:\/\/api.w.org\/{rel}","templated":true}]}}