{"id":183,"date":"2015-05-26T10:14:17","date_gmt":"2015-05-26T10:14:17","guid":{"rendered":"http:\/\/www.ramatuelle-tourisme.com\/wp\/?page_id=183"},"modified":"2025-08-07T11:57:24","modified_gmt":"2025-08-07T09:57:24","slug":"mairie-de-ramatuelle","status":"publish","type":"page","link":"https:\/\/www.ramatuelle-tourisme.com\/pro\/sites-web-partenaires\/mairie-de-ramatuelle\/","title":{"rendered":"Nos partenaires"},"content":{"rendered":"\n<div class=\"wp-block-media-text alignwide is-stacked-on-mobile\" style=\"grid-template-columns:22% auto\"><figure class=\"wp-block-media-text__media\"><img loading=\"lazy\" decoding=\"async\" width=\"200\" height=\"193\" src=\"https:\/\/www.ramatuelle-tourisme.com\/pro\/wp-content\/uploads\/2015\/05\/mairie-de-ramatuelle.gif\" alt=\"\" class=\"wp-image-255 size-full\"\/><\/figure><div class=\"wp-block-media-text__content\">\n<h4 class=\"wp-block-heading has-text-align-center\"><a rel=\"noreferrer noopener\" href=\"http:\/\/www.ramatuelle.fr\/\" target=\"_blank\">MAIRIE DE RAMATUELLE <\/a><\/h4>\n\n\n\n<p><\/p>\n<\/div><\/div>\n\n\n\n<div class=\"wp-block-media-text alignwide is-stacked-on-mobile\" style=\"grid-template-columns:17% auto\"><figure class=\"wp-block-media-text__media\"><img loading=\"lazy\" decoding=\"async\" width=\"945\" height=\"532\" src=\"https:\/\/www.ramatuelle-tourisme.com\/pro\/wp-content\/uploads\/2023\/08\/Atout-France-Logo.png\" alt=\"\" class=\"wp-image-1620 size-full\" srcset=\"https:\/\/www.ramatuelle-tourisme.com\/pro\/wp-content\/uploads\/2023\/08\/Atout-France-Logo.png 945w, https:\/\/www.ramatuelle-tourisme.com\/pro\/wp-content\/uploads\/2023\/08\/Atout-France-Logo-300x169.png 300w, https:\/\/www.ramatuelle-tourisme.com\/pro\/wp-content\/uploads\/2023\/08\/Atout-France-Logo-768x432.png 768w\" sizes=\"auto, (max-width: 709px) 85vw, (max-width: 909px) 67vw, (max-width: 1362px) 62vw, 840px\" \/><\/figure><div class=\"wp-block-media-text__content\">\n<h4 class=\"wp-block-heading has-text-align-center\"><a href=\"https:\/\/www.atout-france.fr\/\" target=\"_blank\" rel=\"noreferrer noopener\">ATOUT FRANCE<\/a><\/h4>\n<\/div><\/div>\n\n\n\n<div class=\"wp-block-media-text alignwide is-stacked-on-mobile\" style=\"grid-template-columns:27% auto\"><figure class=\"wp-block-media-text__media\"><img loading=\"lazy\" decoding=\"async\" width=\"320\" height=\"140\" src=\"https:\/\/www.ramatuelle-tourisme.com\/pro\/wp-content\/uploads\/2019\/07\/LogoFrotsiPaca.png\" alt=\"\" class=\"wp-image-1091 size-full\" srcset=\"https:\/\/www.ramatuelle-tourisme.com\/pro\/wp-content\/uploads\/2019\/07\/LogoFrotsiPaca.png 320w, https:\/\/www.ramatuelle-tourisme.com\/pro\/wp-content\/uploads\/2019\/07\/LogoFrotsiPaca-300x131.png 300w\" sizes=\"auto, (max-width: 320px) 85vw, 320px\" \/><\/figure><div class=\"wp-block-media-text__content\">\n<p><\/p>\n\n\n\n<h4 class=\"wp-block-heading has-text-align-center\" id=\"mce_33\"><a href=\"http:\/\/www.frotsi-paca.fr\">f\u00e9d\u00e9ration r\u00e9gionale<\/a><br><a href=\"http:\/\/www.frotsi-paca.fr\">des Offices de tourisme<\/a><\/h4>\n\n\n\n<p><\/p>\n<\/div><\/div>\n\n\n\n<div class=\"wp-block-media-text alignwide is-stacked-on-mobile\" style=\"grid-template-columns:21% auto\"><figure class=\"wp-block-media-text__media\"><img loading=\"lazy\" decoding=\"async\" width=\"1024\" height=\"276\" src=\"https:\/\/www.ramatuelle-tourisme.com\/pro\/wp-content\/uploads\/2025\/08\/logo-le-var-1-1024x276.png\" alt=\"\" class=\"wp-image-1686 size-full\" srcset=\"https:\/\/www.ramatuelle-tourisme.com\/pro\/wp-content\/uploads\/2025\/08\/logo-le-var-1-1024x276.png 1024w, https:\/\/www.ramatuelle-tourisme.com\/pro\/wp-content\/uploads\/2025\/08\/logo-le-var-1-300x81.png 300w, https:\/\/www.ramatuelle-tourisme.com\/pro\/wp-content\/uploads\/2025\/08\/logo-le-var-1-768x207.png 768w, https:\/\/www.ramatuelle-tourisme.com\/pro\/wp-content\/uploads\/2025\/08\/logo-le-var-1-1200x324.png 1200w, https:\/\/www.ramatuelle-tourisme.com\/pro\/wp-content\/uploads\/2025\/08\/logo-le-var-1.png 1387w\" sizes=\"auto, (max-width: 709px) 85vw, (max-width: 909px) 67vw, (max-width: 1362px) 62vw, 840px\" \/><\/figure><div class=\"wp-block-media-text__content\">\n<h4 class=\"wp-block-heading has-text-align-center\"><a rel=\"noreferrer noopener\" href=\"http:\/\/www.visitvar.fr\/\" target=\"_blank\">VAR TOURISME<\/a><\/h4>\n\n\n\n<p><\/p>\n<\/div><\/div>\n\n\n\n\n\n<p><\/p>\n","protected":false},"excerpt":{"rendered":"<p>MAIRIE DE RAMATUELLE ATOUT FRANCE f\u00e9d\u00e9ration r\u00e9gionaledes Offices de tourisme VAR TOURISME<\/p>\n","protected":false},"author":1,"featured_media":0,"parent":126,"menu_order":1,"comment_status":"open","ping_status":"open","template":"","meta":{"footnotes":""},"class_list":["post-183","page","type-page","status-publish","hentry"],"_links":{"self":[{"href":"https:\/\/www.ramatuelle-tourisme.com\/pro\/wp-json\/wp\/v2\/pages\/183","targetHints":{"allow":["GET"]}}],"collection":[{"href":"https:\/\/www.ramatuelle-tourisme.com\/pro\/wp-json\/wp\/v2\/pages"}],"about":[{"href":"https:\/\/www.ramatuelle-tourisme.com\/pro\/wp-json\/wp\/v2\/types\/page"}],"author":[{"embeddable":true,"href":"https:\/\/www.ramatuelle-tourisme.com\/pro\/wp-json\/wp\/v2\/users\/1"}],"replies":[{"embeddable":true,"href":"https:\/\/www.ramatuelle-tourisme.com\/pro\/wp-json\/wp\/v2\/comments?post=183"}],"version-history":[{"count":10,"href":"https:\/\/www.ramatuelle-tourisme.com\/pro\/wp-json\/wp\/v2\/pages\/183\/revisions"}],"predecessor-version":[{"id":1687,"href":"https:\/\/www.ramatuelle-tourisme.com\/pro\/wp-json\/wp\/v2\/pages\/183\/revisions\/1687"}],"up":[{"embeddable":true,"href":"https:\/\/www.ramatuelle-tourisme.com\/pro\/wp-json\/wp\/v2\/pages\/126"}],"wp:attachment":[{"href":"https:\/\/www.ramatuelle-tourisme.com\/pro\/wp-json\/wp\/v2\/media?parent=183"}],"curies":[{"name":"wp","href":"https:\/\/api.w.org\/{rel}","templated":true}]}}