{"id":1641,"date":"2024-01-31T23:03:23","date_gmt":"2024-01-31T22:03:23","guid":{"rendered":"https:\/\/www.ramatuelle-tourisme.com\/pro\/?page_id=1641"},"modified":"2024-07-22T12:35:37","modified_gmt":"2024-07-22T10:35:37","slug":"page-daccueil","status":"publish","type":"page","link":"https:\/\/www.ramatuelle-tourisme.com\/pro\/","title":{"rendered":"Bienvenue"},"content":{"rendered":"\n<h1 class=\"wp-block-heading\">Bienvenue<\/h1>\n\n\n\n<p>Acteurs \u00e9conomiques de la commune, professionnels du tourisme (h\u00e9bergement, restauration, activit\u00e9s, services&#8230;), artisans, commerces, etc. ceci est votre espace r\u00e9serv\u00e9.<\/p>\n\n\n<div class=\"wp-block-image\">\n<figure class=\"aligncenter size-full is-resized\"><img loading=\"lazy\" decoding=\"async\" width=\"512\" height=\"512\" src=\"https:\/\/www.ramatuelle-tourisme.com\/pro\/wp-content\/uploads\/2023\/01\/cropped-Carre-240x240-Un-amour-de-village-OK-scaled-1.jpg\" alt=\"\" class=\"wp-image-1556\" style=\"width:270px;height:auto\" srcset=\"https:\/\/www.ramatuelle-tourisme.com\/pro\/wp-content\/uploads\/2023\/01\/cropped-Carre-240x240-Un-amour-de-village-OK-scaled-1.jpg 512w, https:\/\/www.ramatuelle-tourisme.com\/pro\/wp-content\/uploads\/2023\/01\/cropped-Carre-240x240-Un-amour-de-village-OK-scaled-1-300x300.jpg 300w, https:\/\/www.ramatuelle-tourisme.com\/pro\/wp-content\/uploads\/2023\/01\/cropped-Carre-240x240-Un-amour-de-village-OK-scaled-1-150x150.jpg 150w, https:\/\/www.ramatuelle-tourisme.com\/pro\/wp-content\/uploads\/2023\/01\/cropped-Carre-240x240-Un-amour-de-village-OK-scaled-1-270x270.jpg 270w, https:\/\/www.ramatuelle-tourisme.com\/pro\/wp-content\/uploads\/2023\/01\/cropped-Carre-240x240-Un-amour-de-village-OK-scaled-1-192x192.jpg 192w, https:\/\/www.ramatuelle-tourisme.com\/pro\/wp-content\/uploads\/2023\/01\/cropped-Carre-240x240-Un-amour-de-village-OK-scaled-1-180x180.jpg 180w, https:\/\/www.ramatuelle-tourisme.com\/pro\/wp-content\/uploads\/2023\/01\/cropped-Carre-240x240-Un-amour-de-village-OK-scaled-1-32x32.jpg 32w\" sizes=\"auto, (max-width: 512px) 85vw, 512px\" \/><\/figure>\n<\/div>\n\n\n<p><strong>Vous y retrouverez de nombreuses informations utiles sur tous les sujets dont :<\/strong><br><\/p>\n\n\n\n<ul class=\"wp-block-list\">\n<li><a href=\"https:\/\/www.ramatuelle-tourisme.com\/pro\/informations-pour-les-professionnels\/devenir-adherent\/\">Devenir partenaire de l&rsquo;Office de Tourisme et de la Culture<\/a><\/li>\n\n\n\n<li><a href=\"https:\/\/www.ramatuelle-tourisme.com\/pro\/informations-pour-les-professionnels\/la-taxe-de-sejour\/\">Tout savoir sur la taxe de s\u00e9jour<\/a><\/li>\n\n\n\n<li><a href=\"https:\/\/www.ramatuelle-tourisme.com\/fr\/classement-des-meubles-de-tourisme\/\">Faire classer son meubl\u00e9 de tourisme<\/a><\/li>\n\n\n\n<li><a href=\"https:\/\/www.ramatuelle-tourisme.com\/pro\/informations-pour-les-professionnels\/des-labels-pour-valoriser-vos-etablissements\/\">Conna\u00eetre la marque Qualit\u00e9 Tourisme et les labels pour valoriser son activit\u00e9<\/a><\/li>\n\n\n\n<li><a href=\"https:\/\/www.ramatuelle-tourisme.com\/pro\/loffice-de-tourisme\/notre-documentation\/\">Commander de la documentation<\/a><\/li>\n<\/ul>\n\n\n\n<p><strong>Marge Cassar est d\u00e9di\u00e9e aux relations avec les socio-professionnels.<\/strong><\/p>\n\n\n<div class=\"wp-block-image\">\n<figure class=\"aligncenter size-medium\"><img loading=\"lazy\" decoding=\"async\" width=\"300\" height=\"290\" src=\"https:\/\/www.ramatuelle-tourisme.com\/pro\/wp-content\/uploads\/2024\/02\/Marge-recadree-300x290.jpg\" alt=\"\" class=\"wp-image-1649\" srcset=\"https:\/\/www.ramatuelle-tourisme.com\/pro\/wp-content\/uploads\/2024\/02\/Marge-recadree-300x290.jpg 300w, https:\/\/www.ramatuelle-tourisme.com\/pro\/wp-content\/uploads\/2024\/02\/Marge-recadree-1024x991.jpg 1024w, https:\/\/www.ramatuelle-tourisme.com\/pro\/wp-content\/uploads\/2024\/02\/Marge-recadree-768x743.jpg 768w, https:\/\/www.ramatuelle-tourisme.com\/pro\/wp-content\/uploads\/2024\/02\/Marge-recadree-1200x1161.jpg 1200w, https:\/\/www.ramatuelle-tourisme.com\/pro\/wp-content\/uploads\/2024\/02\/Marge-recadree.jpg 1325w\" sizes=\"auto, (max-width: 300px) 85vw, 300px\" \/><\/figure>\n<\/div>\n\n\n<p>Vous pouvez la joindre les lundis, mardis, jeudis ou vendredis de 8h30 \u00e0 12h30 et de 14h \u00e0 18h au 04.98.12.64.09 ou par mail \u00e0 l&rsquo;adresse margepro@ramatuelle-tourisme.com<\/p>\n\n\n\n<p><\/p>\n","protected":false},"excerpt":{"rendered":"<p>Bienvenue Acteurs \u00e9conomiques de la commune, professionnels du tourisme (h\u00e9bergement, restauration, activit\u00e9s, services&#8230;), artisans, commerces, etc. ceci est votre espace r\u00e9serv\u00e9. Vous y retrouverez de nombreuses informations utiles sur tous les sujets dont : Marge Cassar est d\u00e9di\u00e9e aux relations avec les socio-professionnels. Vous pouvez la joindre les lundis, mardis, jeudis ou vendredis de 8h30 &hellip; <a href=\"https:\/\/www.ramatuelle-tourisme.com\/pro\/\" class=\"more-link\">Continuer la lecture<span class=\"screen-reader-text\"> de &laquo;&nbsp;Bienvenue&nbsp;&raquo;<\/span><\/a><\/p>\n","protected":false},"author":1,"featured_media":0,"parent":0,"menu_order":0,"comment_status":"closed","ping_status":"closed","template":"","meta":{"footnotes":""},"class_list":["post-1641","page","type-page","status-publish","hentry"],"_links":{"self":[{"href":"https:\/\/www.ramatuelle-tourisme.com\/pro\/wp-json\/wp\/v2\/pages\/1641","targetHints":{"allow":["GET"]}}],"collection":[{"href":"https:\/\/www.ramatuelle-tourisme.com\/pro\/wp-json\/wp\/v2\/pages"}],"about":[{"href":"https:\/\/www.ramatuelle-tourisme.com\/pro\/wp-json\/wp\/v2\/types\/page"}],"author":[{"embeddable":true,"href":"https:\/\/www.ramatuelle-tourisme.com\/pro\/wp-json\/wp\/v2\/users\/1"}],"replies":[{"embeddable":true,"href":"https:\/\/www.ramatuelle-tourisme.com\/pro\/wp-json\/wp\/v2\/comments?post=1641"}],"version-history":[{"count":7,"href":"https:\/\/www.ramatuelle-tourisme.com\/pro\/wp-json\/wp\/v2\/pages\/1641\/revisions"}],"predecessor-version":[{"id":1659,"href":"https:\/\/www.ramatuelle-tourisme.com\/pro\/wp-json\/wp\/v2\/pages\/1641\/revisions\/1659"}],"wp:attachment":[{"href":"https:\/\/www.ramatuelle-tourisme.com\/pro\/wp-json\/wp\/v2\/media?parent=1641"}],"curies":[{"name":"wp","href":"https:\/\/api.w.org\/{rel}","templated":true}]}}