{"id":160,"date":"2015-04-14T13:35:27","date_gmt":"2015-04-14T13:35:27","guid":{"rendered":"http:\/\/www.ramatuelle-tourisme.com\/wp\/?page_id=160"},"modified":"2019-05-01T17:11:16","modified_gmt":"2019-05-01T15:11:16","slug":"contacts-pour-les-porteurs-de-projets","status":"publish","type":"page","link":"https:\/\/www.ramatuelle-tourisme.com\/pro\/informations-pour-les-professionnels\/contacts-pour-les-porteurs-de-projets\/","title":{"rendered":"Contacts pour les porteurs de projets"},"content":{"rendered":"<p>Afin d\u2019accompagner et d\u2019aider les porteurs de projets de la r\u00e9gion PACA, un certain nombre de structures ont \u00e9t\u00e9 cr\u00e9\u00e9es. En voici une liste non exhaustive :<\/p>\n<p><strong><span style=\"color: #0000ff;\"> VAR INITIATIVE<\/span> <\/strong><br \/>\nObjectif : soutenir la cr\u00e9ation, la reprise, et le primo-d\u00e9veloppement (moins d\u2019un an) des entreprises du Var par des pr\u00eats \u00e0 taux 0 sans garantie, destin\u00e9s \u00e0 faire effet levier sur les pr\u00eats bancaires. T\u00e9l : 04 94 91 02 02 \/ 178, Avenue Vauban 83000 TOULON \/ http:\/\/www.var-initiative.fr\/<\/p>\n<p><a href=\"http:\/\/www.var-initiative.fr\"><img loading=\"lazy\" decoding=\"async\" class=\"alignnone size-full wp-image-434\" src=\"https:\/\/www.ramatuelle-tourisme.com\/pro\/wp-content\/uploads\/2015\/04\/var-initiative1-e1478769472776.png\" alt=\"var initiative\" width=\"131\" height=\"41\" \/><\/a><\/p>\n<p><span style=\"color: #0000ff;\"><strong> ACCES CONSEIL<\/strong><\/span><br \/>\n\u00ab Acc\u00e8s conseil \u00bb fait partie du R\u00e9seau national des boutiques de Gestion, qui est le premier r\u00e9seau ind\u00e9pendant d\u2019appui \u00e0 la cr\u00e9ation d\u2019activit\u00e9s. Elle a \u00e9galement pour mission de consolider et de d\u00e9velopper les organismes relevant du champ de l\u2019\u00e9conomie sociale et solidaire que ce soit au niveau de la gestion ou en ce qui concerne la recherche de financement.<br \/>\nT\u00e9l : 04 94 91 99 94 \/ 86 Avenue des Fr\u00e8res Lumi\u00e8res 83160 LA VALETTE DU VAR \/ http:\/\/www.acces-conseil.fr<br \/>\n<a href=\"https:\/\/www.ramatuelle-tourisme.com\/pro\/wp-content\/uploads\/2015\/04\/Acc\u00e8s-conseil-Logo.jpg\"><img loading=\"lazy\" decoding=\"async\" class=\"alignnone size-full wp-image-425\" src=\"https:\/\/www.ramatuelle-tourisme.com\/pro\/wp-content\/uploads\/2015\/04\/Acc\u00e8s-conseil-Logo.jpg\" alt=\"Acc\u00e8s-conseil-Logo\" width=\"137\" height=\"101\" \/><\/a><\/p>\n<p><strong><span style=\"color: #0000ff;\"> LA COUVEUSE D&rsquo;ENTREPRISE INTERFACE 83<\/span> <\/strong><br \/>\nS\u2019adresse aux porteurs de projets pour leur permettre de tester leur projet de cr\u00e9ation d\u2019entreprise, d\u2019apprendre et d\u2019exercer le m\u00e9tier de chef d\u2019entreprise avec des modules de formations et enfin de b\u00e9n\u00e9ficier de conseils de professionnels de la cr\u00e9ation d\u2019entreprises durant la p\u00e9riode de test. T\u00e9l : 04 94 23 25 99 \/ 86, Avenue des fr\u00e8res Lumi\u00e8res 83160 LA VALETTE DU VAR \/ http:\/\/www.couveuse-interface.fr<br \/>\n<a href=\"https:\/\/www.ramatuelle-tourisme.com\/pro\/wp-content\/uploads\/2015\/04\/couveuse-interface.jpg\"><img loading=\"lazy\" decoding=\"async\" class=\"alignnone size-full wp-image-428\" src=\"https:\/\/www.ramatuelle-tourisme.com\/pro\/wp-content\/uploads\/2015\/04\/couveuse-interface.jpg\" alt=\"couveuse interface\" width=\"192\" height=\"107\" \/><\/a><\/p>\n<p><strong><span style=\"color: #0000ff;\"> CHAMBRE DE COMMERCE ET D&rsquo;INDUSTRIE DU VAR<\/span> <\/strong><br \/>\nElle a en charge les missions d\u2019accueil, d\u2019information et d\u2019accompagnement des candidats \u00e0 la cr\u00e9ation et \u00e0 la reprise d\u2019entreprises. De plus, elle propose des conseils sur les financements et les aides au montage des Pr\u00eats de la R\u00e9gion. T\u00e9l : 04 94 22 63 20 \/ Fax : 04 94 22 63 21 \/ Avenue du G\u00e9n\u00e9ral de Gaulle &#8211; CS 20132 &#8211; 83993 SAINT-TROPEZ Cedex \/ @ : antenne.golfe-st-tropez@var.cci.fr \/ www.var.cci.fr<br \/>\n<a href=\"https:\/\/www.ramatuelle-tourisme.com\/pro\/wp-content\/uploads\/2015\/04\/cci-var-e1478769634316.jpg\"><img loading=\"lazy\" decoding=\"async\" class=\"alignnone size-full wp-image-426\" src=\"https:\/\/www.ramatuelle-tourisme.com\/pro\/wp-content\/uploads\/2015\/04\/cci-var-e1478769634316.jpg\" alt=\"cci var\" width=\"137\" height=\"42\" \/><\/a><\/p>\n<p><strong><span style=\"color: #0000ff;\"> CHAMBRE DES METIERS ET D&rsquo;ARTISANAT DU VAR<\/span> <\/strong><br \/>\nElle a en charge les missions d\u2019accueil, d\u2019information et d\u2019accompagnement des porteurs de projet dans le secteur de l\u2019artisanat. Cette structure met \u00e9galement en place des actions sp\u00e9cifiques de conseils et d\u2019aides dans le domaine de la transmission reprise, en faveur des c\u00e9dants, et des repreneurs d\u2019entreprises artisanales. T\u00e9l : 04 94 61 99 35 \/ Avenue des Fr\u00e8res Lumi\u00e8res \u00e0 La Valette-du-Var \u2013 BP 5 &#8211; 83040 TOULON Cedex 9 \/ www.cm-var.fr<br \/>\n<a href=\"https:\/\/www.ramatuelle-tourisme.com\/pro\/wp-content\/uploads\/2015\/04\/chambre-des-metiers-et-artisanat-du-var-e1478769734367.png\"><img loading=\"lazy\" decoding=\"async\" class=\"alignnone size-full wp-image-427\" src=\"https:\/\/www.ramatuelle-tourisme.com\/pro\/wp-content\/uploads\/2015\/04\/chambre-des-metiers-et-artisanat-du-var-e1478769734367.png\" alt=\"chambre des metiers et artisanat du var\" width=\"140\" height=\"125\" \/><\/a><\/p>\n<p><strong><span style=\"color: #0000ff;\"> RESEAU ENTREPRENDRE PACA<\/span> <\/strong><br \/>\nCe r\u00e9seau s\u2019adresse principalement aux futures PME et aux entreprises innovantes. Elle a pour objectif d\u2019accompagner les cr\u00e9ateurs et repreneurs de PME gr\u00e2ce au savoir-faire de chefs d \u00bb\u2019entreprises confirm\u00e9s. Cet organisme peut \u00e9galement accorder une aide financi\u00e8re, de 15.000 \u00e0 90.000 euros, pour renforcer les fonds propres et faire effet de levier sur les pr\u00eats bancaires.<br \/>\nT\u00e9l : 04 94 03 89 24 \/ Adresse : Maison des Technologies, Place Georges Pompidou 83000 TOULON \/ http:\/\/www.paca-entreprendre.org \/ http:\/\/www.reseau-entreprendre.org<br \/>\n<a href=\"https:\/\/www.ramatuelle-tourisme.com\/pro\/wp-content\/uploads\/2015\/04\/r\u00e9seau-entreprendre-paca-e1478770293848.jpg\"><img loading=\"lazy\" decoding=\"async\" class=\"alignnone size-full wp-image-431\" src=\"https:\/\/www.ramatuelle-tourisme.com\/pro\/wp-content\/uploads\/2015\/04\/r\u00e9seau-entreprendre-paca-e1478770293848.jpg\" alt=\"r\u00e9seau entreprendre paca\" width=\"140\" height=\"78\" \/><\/a><\/p>\n<p><strong><span style=\"color: #0000ff;\"> TOULON VAR TECHNOLOGIES<\/span> <\/strong><br \/>\nCette structure agit en cr\u00e9ant des projets coop\u00e9ratifs et en mettant en \u0153uvre l\u2019ing\u00e9nierie globale d\u2019accompagnement des projets innovants. T\u00e9l : 04 94 03 89 01. Adresse : Maison des Technologies, Place Georges Pompidou 83000 TOULON \/ http:\/\/www.tvt.fr<br \/>\n<a href=\"https:\/\/www.ramatuelle-tourisme.com\/pro\/wp-content\/uploads\/2015\/04\/toulon-var-technologies-e1478770310367.jpg\"><img loading=\"lazy\" decoding=\"async\" class=\"alignnone size-full wp-image-433\" src=\"https:\/\/www.ramatuelle-tourisme.com\/pro\/wp-content\/uploads\/2015\/04\/toulon-var-technologies-e1478770310367.jpg\" alt=\"toulon var technologies\" width=\"140\" height=\"85\" \/><\/a><\/p>\n<p><strong><span style=\"color: #0000ff;\"> L\u2019INCUBATEUR PACA EST<\/span> <\/strong><br \/>\nObjectif la valorisation des comp\u00e9tences et le transfert des technologies issues des laboratoires universitaires et organismes de recherche publics \u00e0 travers la cr\u00e9ation d\u2019entreprises innovantes et la cr\u00e9ation d\u2019emplois \u00e0 haute valeur ajout\u00e9e. Il soutient et accompagne les projets d\u2019innovation technologiques issus ou en lien avec la recherche publique fran\u00e7aise : pour cela il offre un accompagnement personnalis\u00e9, des formations, l\u2019attribution d\u2019une enveloppe financi\u00e8re tout au long de la p\u00e9riode d\u2019incubation et des facilit\u00e9s d\u2019h\u00e9bergement. Cet organisme s\u2019adresse \u00e0 des projets de cr\u00e9ation ou \u00e0 de tr\u00e8s jeunes soci\u00e9t\u00e9s et leur propose un ensemble de services adapt\u00e9s. T\u00e9l. : 04 94 03 89 20 \/ Maison des Technologies, Place Georges Pompidou 83000 TOULON \/ http:\/\/www.pacaest.com<br \/>\n<a href=\"https:\/\/www.ramatuelle-tourisme.com\/pro\/wp-content\/uploads\/2015\/04\/incubateur-paca-est-e1478770330221.jpg\"><img loading=\"lazy\" decoding=\"async\" class=\"alignnone size-full wp-image-429\" src=\"https:\/\/www.ramatuelle-tourisme.com\/pro\/wp-content\/uploads\/2015\/04\/incubateur-paca-est-e1478770330221.jpg\" alt=\"incubateur paca est\" width=\"140\" height=\"73\" \/><\/a><\/p>\n<p>Concernant les emprunts bancaires, le Conseil G\u00e9n\u00e9ral prend en charge 50 % des frais de garantie bancaire pour les pr\u00eats contract\u00e9s. Les dossiers ne sont \u00e9tudi\u00e9s que par deux Soci\u00e9t\u00e9s de caution mutuelle partenaires du CONSEIL GENERAL DU VAR :<\/p>\n<p>&#8211; <strong> La soci\u00e9t\u00e9 SIAGI <\/strong> (Soci\u00e9t\u00e9 Interprofessionnelle Artisanale d\u2019Investissement)<br \/>\nT\u00e9l : 04 94 61 99 48 \/ CMAV BP 5 Avenue des fr\u00e8res Lumi\u00e8res 83040 TOULON Cedex 9 \/ http:\/\/www.siagi.com<\/p>\n<p>&#8211; <strong> La soci\u00e9t\u00e9 SOCAMA C\u00f4te d\u2019azur <\/strong> (Soci\u00e9t\u00e9 de Caution Mutuelle Artisanale de la C\u00f4te d\u2019azur). T\u00e9l 04 93 21 54 97 \/ http:\/\/www.socama.com<\/p>\n","protected":false},"excerpt":{"rendered":"<p>Afin d\u2019accompagner et d\u2019aider les porteurs de projets de la r\u00e9gion PACA, un certain nombre de structures ont \u00e9t\u00e9 cr\u00e9\u00e9es. En voici une liste non exhaustive : VAR INITIATIVE Objectif : soutenir la cr\u00e9ation, la reprise, et le primo-d\u00e9veloppement (moins d\u2019un an) des entreprises du Var par des pr\u00eats \u00e0 taux 0 sans garantie, destin\u00e9s &hellip; <a href=\"https:\/\/www.ramatuelle-tourisme.com\/pro\/informations-pour-les-professionnels\/contacts-pour-les-porteurs-de-projets\/\" class=\"more-link\">Continuer la lecture<span class=\"screen-reader-text\"> de &laquo;&nbsp;Contacts pour les porteurs de projets&nbsp;&raquo;<\/span><\/a><\/p>\n","protected":false},"author":1,"featured_media":0,"parent":118,"menu_order":5,"comment_status":"closed","ping_status":"open","template":"","meta":{"footnotes":""},"class_list":["post-160","page","type-page","status-publish","hentry"],"_links":{"self":[{"href":"https:\/\/www.ramatuelle-tourisme.com\/pro\/wp-json\/wp\/v2\/pages\/160","targetHints":{"allow":["GET"]}}],"collection":[{"href":"https:\/\/www.ramatuelle-tourisme.com\/pro\/wp-json\/wp\/v2\/pages"}],"about":[{"href":"https:\/\/www.ramatuelle-tourisme.com\/pro\/wp-json\/wp\/v2\/types\/page"}],"author":[{"embeddable":true,"href":"https:\/\/www.ramatuelle-tourisme.com\/pro\/wp-json\/wp\/v2\/users\/1"}],"replies":[{"embeddable":true,"href":"https:\/\/www.ramatuelle-tourisme.com\/pro\/wp-json\/wp\/v2\/comments?post=160"}],"version-history":[{"count":3,"href":"https:\/\/www.ramatuelle-tourisme.com\/pro\/wp-json\/wp\/v2\/pages\/160\/revisions"}],"predecessor-version":[{"id":1019,"href":"https:\/\/www.ramatuelle-tourisme.com\/pro\/wp-json\/wp\/v2\/pages\/160\/revisions\/1019"}],"up":[{"embeddable":true,"href":"https:\/\/www.ramatuelle-tourisme.com\/pro\/wp-json\/wp\/v2\/pages\/118"}],"wp:attachment":[{"href":"https:\/\/www.ramatuelle-tourisme.com\/pro\/wp-json\/wp\/v2\/media?parent=160"}],"curies":[{"name":"wp","href":"https:\/\/api.w.org\/{rel}","templated":true}]}}