{"id":152,"date":"2015-04-07T07:53:19","date_gmt":"2015-04-07T05:53:19","guid":{"rendered":"http:\/\/www.ramatuelle-tourisme.com\/wp\/?page_id=152"},"modified":"2023-08-08T10:36:34","modified_gmt":"2023-08-08T08:36:34","slug":"contact-presse","status":"publish","type":"page","link":"https:\/\/www.ramatuelle-tourisme.com\/pro\/contact-presse\/","title":{"rendered":"Presse"},"content":{"rendered":"\n<p>Actualit\u00e9 touristique, dossiers de presse, phototh\u00e8que&#8230;<\/p>\n\n\n\n<p>Vous cherchez une info, un visuel ou un sujet pour un article ?<br>Vous souhaitez venir \u00e0 Ramatuelle pour faire un reportage ?<\/p>\n\n\n\n<p>Laissez-nous vous aider \u00e0 tout pr\u00e9parer !<\/p>\n\n\n\n<p><u><strong>Votre contact<\/strong><\/u><strong> : Bruno Ca\u00efetti<\/strong><br>Tel : 33 (0)4 98 12 64 02 \/ 33 (0)6 43 53 63 71<br>E-mail : <a href=\"mailto:direction@ramatuelle-tourisme.com\">direction@ramatuelle-tourisme.com<\/a><\/p>\n","protected":false},"excerpt":{"rendered":"<p>Actualit\u00e9 touristique, dossiers de presse, phototh\u00e8que&#8230; Vous cherchez une info, un visuel ou un sujet pour un article ?Vous souhaitez venir \u00e0 Ramatuelle pour faire un reportage ? Laissez-nous vous aider \u00e0 tout pr\u00e9parer ! Votre contact : Bruno Ca\u00efettiTel : 33 (0)4 98 12 64 02 \/ 33 (0)6 43 53 63 71E-mail : &hellip; <a href=\"https:\/\/www.ramatuelle-tourisme.com\/pro\/contact-presse\/\" class=\"more-link\">Continuer la lecture<span class=\"screen-reader-text\"> de &laquo;&nbsp;Presse&nbsp;&raquo;<\/span><\/a><\/p>\n","protected":false},"author":1,"featured_media":0,"parent":0,"menu_order":1,"comment_status":"closed","ping_status":"closed","template":"","meta":{"footnotes":""},"class_list":["post-152","page","type-page","status-publish","hentry"],"_links":{"self":[{"href":"https:\/\/www.ramatuelle-tourisme.com\/pro\/wp-json\/wp\/v2\/pages\/152","targetHints":{"allow":["GET"]}}],"collection":[{"href":"https:\/\/www.ramatuelle-tourisme.com\/pro\/wp-json\/wp\/v2\/pages"}],"about":[{"href":"https:\/\/www.ramatuelle-tourisme.com\/pro\/wp-json\/wp\/v2\/types\/page"}],"author":[{"embeddable":true,"href":"https:\/\/www.ramatuelle-tourisme.com\/pro\/wp-json\/wp\/v2\/users\/1"}],"replies":[{"embeddable":true,"href":"https:\/\/www.ramatuelle-tourisme.com\/pro\/wp-json\/wp\/v2\/comments?post=152"}],"version-history":[{"count":10,"href":"https:\/\/www.ramatuelle-tourisme.com\/pro\/wp-json\/wp\/v2\/pages\/152\/revisions"}],"predecessor-version":[{"id":1624,"href":"https:\/\/www.ramatuelle-tourisme.com\/pro\/wp-json\/wp\/v2\/pages\/152\/revisions\/1624"}],"wp:attachment":[{"href":"https:\/\/www.ramatuelle-tourisme.com\/pro\/wp-json\/wp\/v2\/media?parent=152"}],"curies":[{"name":"wp","href":"https:\/\/api.w.org\/{rel}","templated":true}]}}