{"id":1473,"date":"2021-12-28T23:31:39","date_gmt":"2021-12-28T22:31:39","guid":{"rendered":"https:\/\/www.ramatuelle-tourisme.com\/pro\/?page_id=1473"},"modified":"2024-01-29T11:43:38","modified_gmt":"2024-01-29T10:43:38","slug":"classement-des-hebergements-touristiques","status":"publish","type":"page","link":"https:\/\/www.ramatuelle-tourisme.com\/pro\/informations-pour-les-professionnels\/classement-des-hebergements-touristiques\/","title":{"rendered":"Classement des h\u00e9bergements touristiques"},"content":{"rendered":"\n<p>Les h\u00f4tels, les r\u00e9sidences de tourisme, les villages vacances, l\u2019h\u00f4tellerie de plein air (campings et parcs r\u00e9sidentiels de loisirs), les meubl\u00e9s de tourisme et les chambres d\u2019h\u00f4tes constituent les principales formes d\u2019h\u00e9bergement touristique propos\u00e9es en France.<\/p>\n\n\n\n<p>Tous, \u00e0 l\u2019exception des chambres d\u2019h\u00f4tes et des auberges de jeunesse, peuvent disposer d\u2019un classement officiel par \u00e9toiles, qui comporte 5 cat\u00e9gories allant de 1 \u00e0 5 \u00e9toiles. Le classement est volontaire, le contr\u00f4le des h\u00e9bergements class\u00e9s est effectu\u00e9 par des organismes de contr\u00f4le accr\u00e9dit\u00e9s sur la base de crit\u00e8res homologu\u00e9s par arr\u00eat\u00e9. Il est d\u00e9livr\u00e9 pour 5 ans, p\u00e9riode \u00e0 l\u2019issue de laquelle l\u2019\u00e9tablissement doit renouveler la demande de classement.<\/p>\n\n\n\n<h2 class=\"wp-block-heading\">Pour tout savoir sur les principes du classement<\/h2>\n\n\n\n<ul class=\"wp-block-list\">\n<li>Le<strong>&nbsp;site de classement d&rsquo;Atout France<\/strong>&nbsp;&#8211; op\u00e9rateur unique de l\u2019\u00c9tat en mati\u00e8re de tourisme -, met \u00e0 disposition des professionnels un site internet d\u00e9di\u00e9 au nouveau classement des h\u00e9bergements touristiques.&nbsp;<a rel=\"noreferrer noopener\" href=\"https:\/\/www.classement.atout-france.fr\/les-principes-generaux\" target=\"_blank\">Cliquez ici<\/a><\/li>\n\n\n\n<li>La&nbsp;<strong>Direction g\u00e9n\u00e9rale des entreprises<\/strong>.&nbsp;<a rel=\"noreferrer noopener\" href=\"https:\/\/www.entreprises.gouv.fr\/tourisme\/principes-communs-au-classement-des-hebergements-touristiques-marchands\" target=\"_blank\">Cliquez ici<\/a><\/li>\n\n\n\n<li>&nbsp;La&nbsp;<strong>Veille info tourisme<\/strong>.&nbsp;<a rel=\"noreferrer noopener\" href=\"https:\/\/www.veilleinfotourisme.fr\/juridique\/abecedaire-du-droit-du-tourisme\/le-classement-des-hebergements-touristiques\" target=\"_blank\">Cliquez ici<\/a><\/li>\n<\/ul>\n\n\n\n<h2 class=\"wp-block-heading\">Pour en savoir plus sur les d\u00e9marches \u00e0 suivre pour classer votre \u00e9tablissement&nbsp;<\/h2>\n\n\n\n<p class=\"has-yellow-background-color has-background\">Pour les&nbsp;<strong>h\u00f4tels, campings, r\u00e9sidences de tourisme, villages de vacances<\/strong>,&nbsp;nous vous invitons \u00e0 consulter&nbsp;:<\/p>\n\n\n\n<ul class=\"wp-block-list\">\n<li>La d\u00e9marche de classement.&nbsp;<a href=\"https:\/\/www.classement.atout-france.fr\/la-demarche-de-classement\" target=\"_blank\" rel=\"noreferrer noopener\">Cliquez ici<\/a><\/li>\n\n\n\n<li>Les textes et documents de r\u00e9f\u00e9rence par cat\u00e9gorie d&rsquo;h\u00e9bergement.&nbsp;<a href=\"https:\/\/www.classement.atout-france.fr\/nos-documents-de-classement\" target=\"_blank\" rel=\"noreferrer noopener\">Cliquez ici<\/a><\/li>\n<\/ul>\n\n\n\n<p class=\"has-yellow-background-color has-background\">Pour les&nbsp;<strong>meubl\u00e9s de tourisme<\/strong>,&nbsp;nous vous invitons \u00e0 consulter&nbsp;:<\/p>\n\n\n\n<ul class=\"wp-block-list\">\n<li>R\u00e9glementation et d\u00e9clarations pour ouvrir un meubl\u00e9 de tourisme.&nbsp;<a href=\"https:\/\/www.entreprises.gouv.fr\/tourisme\/meubles-tourisme\" target=\"_blank\" rel=\"noreferrer noopener\">Cliquez ici<\/a><\/li>\n<\/ul>\n\n\n\n<p>Pour la commune de Ramatuelle, la d\u00e9claration simple en mairie s\u2019applique.<\/p>\n\n\n\n<p>Les loueurs poss\u00e9dant  un meubl\u00e9 sur la commune doivent donc effectuer une d\u00e9claration en mairie de Ramatuelle.<\/p>\n\n\n\n<ul class=\"wp-block-list\">\n<li>La proc\u00e9dure, les textes et documents du classement.\u00a0<a href=\"https:\/\/www.classement.atout-france.fr\/le-classement-des-meubles-de-tourisme\" target=\"_blank\" rel=\"noreferrer noopener\">Cliquez ici<\/a><\/li>\n\n\n\n<li>Information \u00ab\u00a0classement des meubl\u00e9s de tourisme\u00a0\u00bb sur le site de l&rsquo;OTC : <a href=\"https:\/\/www.ramatuelle-tourisme.com\/fr\/classement-des-meubles-de-tourisme\/\">cliquez ici.<\/a><\/li>\n<\/ul>\n\n\n\n<p><\/p>\n\n\n\n<p><\/p>\n","protected":false},"excerpt":{"rendered":"<p>Les h\u00f4tels, les r\u00e9sidences de tourisme, les villages vacances, l\u2019h\u00f4tellerie de plein air (campings et parcs r\u00e9sidentiels de loisirs), les meubl\u00e9s de tourisme et les chambres d\u2019h\u00f4tes constituent les principales formes d\u2019h\u00e9bergement touristique propos\u00e9es en France. Tous, \u00e0 l\u2019exception des chambres d\u2019h\u00f4tes et des auberges de jeunesse, peuvent disposer d\u2019un classement officiel par \u00e9toiles, qui &hellip; <a href=\"https:\/\/www.ramatuelle-tourisme.com\/pro\/informations-pour-les-professionnels\/classement-des-hebergements-touristiques\/\" class=\"more-link\">Continuer la lecture<span class=\"screen-reader-text\"> de &laquo;&nbsp;Classement des h\u00e9bergements touristiques&nbsp;&raquo;<\/span><\/a><\/p>\n","protected":false},"author":1,"featured_media":0,"parent":118,"menu_order":0,"comment_status":"closed","ping_status":"closed","template":"","meta":{"footnotes":""},"class_list":["post-1473","page","type-page","status-publish","hentry"],"_links":{"self":[{"href":"https:\/\/www.ramatuelle-tourisme.com\/pro\/wp-json\/wp\/v2\/pages\/1473","targetHints":{"allow":["GET"]}}],"collection":[{"href":"https:\/\/www.ramatuelle-tourisme.com\/pro\/wp-json\/wp\/v2\/pages"}],"about":[{"href":"https:\/\/www.ramatuelle-tourisme.com\/pro\/wp-json\/wp\/v2\/types\/page"}],"author":[{"embeddable":true,"href":"https:\/\/www.ramatuelle-tourisme.com\/pro\/wp-json\/wp\/v2\/users\/1"}],"replies":[{"embeddable":true,"href":"https:\/\/www.ramatuelle-tourisme.com\/pro\/wp-json\/wp\/v2\/comments?post=1473"}],"version-history":[{"count":6,"href":"https:\/\/www.ramatuelle-tourisme.com\/pro\/wp-json\/wp\/v2\/pages\/1473\/revisions"}],"predecessor-version":[{"id":1640,"href":"https:\/\/www.ramatuelle-tourisme.com\/pro\/wp-json\/wp\/v2\/pages\/1473\/revisions\/1640"}],"up":[{"embeddable":true,"href":"https:\/\/www.ramatuelle-tourisme.com\/pro\/wp-json\/wp\/v2\/pages\/118"}],"wp:attachment":[{"href":"https:\/\/www.ramatuelle-tourisme.com\/pro\/wp-json\/wp\/v2\/media?parent=1473"}],"curies":[{"name":"wp","href":"https:\/\/api.w.org\/{rel}","templated":true}]}}