{"id":145,"date":"2015-04-07T07:28:25","date_gmt":"2015-04-07T07:28:25","guid":{"rendered":"http:\/\/www.ramatuelle-tourisme.com\/wp\/?page_id=145"},"modified":"2023-08-08T10:15:55","modified_gmt":"2023-08-08T08:15:55","slug":"les-membres-du-conseil-dadministration","status":"publish","type":"page","link":"https:\/\/www.ramatuelle-tourisme.com\/pro\/loffice-de-tourisme\/les-membres-du-conseil-dadministration\/","title":{"rendered":"Les membres du conseil d&rsquo;administration 2020-2026"},"content":{"rendered":"<p><strong>REPRESENTANTS DE LA COMMUNE<\/strong><br \/>\nM. BAUDARD-CONTESSE Enzo<br \/>\nMme DE COLMONT Camille<br \/>\nM. FRANCO Michel<br \/>\nM. GOETHALS Bruno<br \/>\nMme MITELMANN Danielle<br \/>\nM. VILLEMIN L\u00e9onie<\/p>\n<p><strong>REPRESENTANTS SOCIOPROFESSIONNELS<\/strong><br \/>\nMme SAMUEL Alexandra (H\u00e9bergement)<br \/>\nM. ROMANO Christian (H\u00e9bergement)<br \/>\nM. BOLOGNA Nicolas (Camping)<br \/>\nMme CEZANNE Florence (Camping)<br \/>\nMme COUSSANES Conchita (Association \u00ab\u00a0Foyer Rural\u00a0\u00bb)<br \/>\nM. CRAVERIS S\u00e9bastien (Domaine vinicole)<br \/>\nM. GENDRY Loup (Activit\u00e9)<br \/>\nMme KAIGRE Anne (H\u00e9bergement)<br \/>\nM. MARTINIANI Romain (Restaurant)<br \/>\nMme ROGLIARDO Gis\u00e8le (Association \u00ab\u00a0Cercle du littoral)<br \/>\nM. RONCHIN Jean-Pierre (Etablissement de plage)<br \/>\nM. VERGLAS C\u00e9dric (Artisan)<\/p>\n","protected":false},"excerpt":{"rendered":"<p>REPRESENTANTS DE LA COMMUNE M. BAUDARD-CONTESSE Enzo Mme DE COLMONT Camille M. FRANCO Michel M. GOETHALS Bruno Mme MITELMANN Danielle M. VILLEMIN L\u00e9onie REPRESENTANTS SOCIOPROFESSIONNELS Mme SAMUEL Alexandra (H\u00e9bergement) M. ROMANO Christian (H\u00e9bergement) M. BOLOGNA Nicolas (Camping) Mme CEZANNE Florence (Camping) Mme COUSSANES Conchita (Association \u00ab\u00a0Foyer Rural\u00a0\u00bb) M. CRAVERIS S\u00e9bastien (Domaine vinicole) M. GENDRY Loup &hellip; <a href=\"https:\/\/www.ramatuelle-tourisme.com\/pro\/loffice-de-tourisme\/les-membres-du-conseil-dadministration\/\" class=\"more-link\">Continuer la lecture<span class=\"screen-reader-text\"> de &laquo;&nbsp;Les membres du conseil d&rsquo;administration 2020-2026&nbsp;&raquo;<\/span><\/a><\/p>\n","protected":false},"author":1,"featured_media":0,"parent":134,"menu_order":5,"comment_status":"closed","ping_status":"open","template":"","meta":{"footnotes":""},"class_list":["post-145","page","type-page","status-publish","hentry"],"_links":{"self":[{"href":"https:\/\/www.ramatuelle-tourisme.com\/pro\/wp-json\/wp\/v2\/pages\/145","targetHints":{"allow":["GET"]}}],"collection":[{"href":"https:\/\/www.ramatuelle-tourisme.com\/pro\/wp-json\/wp\/v2\/pages"}],"about":[{"href":"https:\/\/www.ramatuelle-tourisme.com\/pro\/wp-json\/wp\/v2\/types\/page"}],"author":[{"embeddable":true,"href":"https:\/\/www.ramatuelle-tourisme.com\/pro\/wp-json\/wp\/v2\/users\/1"}],"replies":[{"embeddable":true,"href":"https:\/\/www.ramatuelle-tourisme.com\/pro\/wp-json\/wp\/v2\/comments?post=145"}],"version-history":[{"count":5,"href":"https:\/\/www.ramatuelle-tourisme.com\/pro\/wp-json\/wp\/v2\/pages\/145\/revisions"}],"predecessor-version":[{"id":1612,"href":"https:\/\/www.ramatuelle-tourisme.com\/pro\/wp-json\/wp\/v2\/pages\/145\/revisions\/1612"}],"up":[{"embeddable":true,"href":"https:\/\/www.ramatuelle-tourisme.com\/pro\/wp-json\/wp\/v2\/pages\/134"}],"wp:attachment":[{"href":"https:\/\/www.ramatuelle-tourisme.com\/pro\/wp-json\/wp\/v2\/media?parent=145"}],"curies":[{"name":"wp","href":"https:\/\/api.w.org\/{rel}","templated":true}]}}