{"id":1446,"date":"2021-12-28T22:58:03","date_gmt":"2021-12-28T21:58:03","guid":{"rendered":"https:\/\/www.ramatuelle-tourisme.com\/pro\/?page_id=1446"},"modified":"2025-01-03T10:28:11","modified_gmt":"2025-01-03T09:28:11","slug":"des-labels-pour-valoriser-vos-etablissements","status":"publish","type":"page","link":"https:\/\/www.ramatuelle-tourisme.com\/pro\/informations-pour-les-professionnels\/des-labels-pour-valoriser-vos-etablissements\/","title":{"rendered":"Des labels pour valoriser vos \u00e9tablissements"},"content":{"rendered":"\n<p>En tant qu\u2019acteurs touristiques,&nbsp;<strong>diff\u00e9rents labels peuvent vous permettre de valoriser la qualit\u00e9 de votre \u00e9tablissement et de vos prestations<\/strong>.<\/p>\n\n\n\n<p>Afin de vous aider \u00e0 vous rep\u00e9rer face aux diff\u00e9rents labels, voici une s\u00e9lection de labels sp\u00e9cifiques pr\u00e9sents sur notre territoire et caract\u00e9ristiques des diff\u00e9rentes structures touristiques qui le composent.<\/p>\n\n\n\n<h2 class=\"wp-block-heading\">Pour tous les \u00e9tablissements<\/h2>\n\n\n\n<figure class=\"wp-block-table\"><table><thead><tr><th class=\"has-text-align-center\" data-align=\"center\"><strong>Les labels<\/strong><\/th><th><\/th><th>Structures \u00e9ligibles<\/th><th>D\u00e9couvrir le label<\/th><\/tr><\/thead><tbody><tr><td class=\"has-text-align-center\" data-align=\"center\"><img loading=\"lazy\" decoding=\"async\" width=\"150\" height=\"159\" class=\"wp-image-1534\" style=\"width: 150px;\" src=\"https:\/\/www.ramatuelle-tourisme.com\/pro\/wp-content\/uploads\/2022\/06\/Qualite-tourisme-coul_cartouche-RF.png\" alt=\"\" srcset=\"https:\/\/www.ramatuelle-tourisme.com\/pro\/wp-content\/uploads\/2022\/06\/Qualite-tourisme-coul_cartouche-RF.png 2186w, https:\/\/www.ramatuelle-tourisme.com\/pro\/wp-content\/uploads\/2022\/06\/Qualite-tourisme-coul_cartouche-RF-283x300.png 283w, https:\/\/www.ramatuelle-tourisme.com\/pro\/wp-content\/uploads\/2022\/06\/Qualite-tourisme-coul_cartouche-RF-967x1024.png 967w, https:\/\/www.ramatuelle-tourisme.com\/pro\/wp-content\/uploads\/2022\/06\/Qualite-tourisme-coul_cartouche-RF-768x813.png 768w, https:\/\/www.ramatuelle-tourisme.com\/pro\/wp-content\/uploads\/2022\/06\/Qualite-tourisme-coul_cartouche-RF-1450x1536.png 1450w, https:\/\/www.ramatuelle-tourisme.com\/pro\/wp-content\/uploads\/2022\/06\/Qualite-tourisme-coul_cartouche-RF-1934x2048.png 1934w, https:\/\/www.ramatuelle-tourisme.com\/pro\/wp-content\/uploads\/2022\/06\/Qualite-tourisme-coul_cartouche-RF-1200x1271.png 1200w\" sizes=\"auto, (max-width: 150px) 85vw, 150px\" \/><\/td><td><strong>Qualit\u00e9 Tourisme<\/strong><br>devient<br><strong>Destination d&rsquo;Excellence<\/strong><br><br><\/td><td>La branche tourisme est en cours de validation du r\u00e9f\u00e9rentiel et des modalit\u00e9s de classement.<\/td><td>Pour rappel sur la Marque Qualit\u00e9 Tourisme,\u00a0<a href=\"https:\/\/www.qualite-tourisme.gouv.fr\/fr\" target=\"_blank\" rel=\"noreferrer noopener\">cliquez ici<\/a><\/td><\/tr><tr><td class=\"has-text-align-center\" data-align=\"center\"><img decoding=\"async\" src=\"https:\/\/www.ramatuelle-tourisme.com\/pro\/wp-content\/uploads\/2021\/12\/ecolabel-europen.jpg\" alt=\"\" style=\"width: 130px;\"><\/td><td><strong>Ecolabel Europ\u00e9en<\/strong><br>L\u2019Ecolabel Europ\u00e9en certifie votre engagement dans une d\u00e9marche touristique respectueuse de l\u2019environnement. Avec une reconnaissance europ\u00e9enne, ce label valorise votre projet \u00e9cotouristique aupr\u00e8s d\u2019un large public.<\/td><td>Les services d\u2019h\u00e9bergements touristiques et les services auxiliaires \u00e0 ces h\u00e9bergements (restauration, site de loisirs&#8230;)&nbsp;<\/td><td>Ecolabel Europ\u00e9en,&nbsp;<a rel=\"noreferrer noopener\" href=\"https:\/\/www.ecolabels.fr\/categories\/tourisme\/ecolabel-europeen-hebergement-touristique-nf543\/\" target=\"_blank\">cliquez ici<\/a><\/td><\/tr><tr><td class=\"has-text-align-center\" data-align=\"center\"><img decoding=\"async\" src=\"https:\/\/www.ramatuelle-tourisme.com\/pro\/wp-content\/uploads\/2021\/12\/tourisme-et-handicap.jpg\" alt=\"\" style=\"width: 130px;\"><\/td><td><strong>Tourisme et Handicap<\/strong><br>Tourisme &amp; Handicap est une marque de niveau national qui prend en compte les quatre familles de handicaps (auditif, mental, moteur et visuel) et vise \u00e0 d\u00e9velopper une offre touristique adapt\u00e9e et int\u00e9gr\u00e9e \u00e0 l\u2019offre g\u00e9n\u00e9raliste.<\/td><td>Tous types d\u2019h\u00e9bergements touristiques<br>Restaurants<br>Sites d\u2019activit\u00e9s et de visites<br>Visites guid\u00e9es, sports de nature et sorties nature<\/td><td>Tourisme et Handicap,&nbsp;<a href=\"https:\/\/www.entreprises.gouv.fr\/marques-nationales-tourisme\/marque-d-etat-tourisme-et-handicap\" target=\"_blank\" rel=\"noreferrer noopener\">cliquez ici<\/a><\/td><\/tr><tr><td class=\"has-text-align-center\" data-align=\"center\"><img decoding=\"async\" src=\"https:\/\/www.ramatuelle-tourisme.com\/pro\/wp-content\/uploads\/2021\/12\/accueil-vlo.jpg\" alt=\"\" style=\"width: 130px;\"><\/td><td><strong>Accueil v\u00e9lo<\/strong><br>Accueil V\u00e9lo est un label qui est attribu\u00e9 aux structures proposant des services adapt\u00e9s aux touristes \u00e0 v\u00e9lo. C\u2019est un outil de r\u00e9f\u00e9rence pour les cyclotouristes qui sont de plus en plus nombreux, en particulier sur les itin\u00e9raires cyclables am\u00e9nag\u00e9s.<\/td><td>Tous types d\u2019h\u00e9bergements touristiques<br>Restaurants<br>Sites d\u2019activit\u00e9s et de visites<br>Loueurs et r\u00e9parateurs de v\u00e9los<br>Offices de tourisme<\/td><td>Accueil V\u00e9lo,&nbsp;<a rel=\"noreferrer noopener\" href=\"https:\/\/www.francevelotourisme.com\/devenir-accueil-velo\" target=\"_blank\">cliquez ici<\/a><br><\/td><\/tr><\/tbody><\/table><\/figure>\n\n\n\n<p><\/p>\n\n\n\n<h2 class=\"wp-block-heading\">Pour les&nbsp;h\u00e9bergements et les restaurants<\/h2>\n\n\n\n<figure class=\"wp-block-table\"><table><thead><tr><th class=\"has-text-align-center\" data-align=\"center\">Les labels<\/th><th><\/th><th>Structures \u00e9ligibles<\/th><th>D\u00e9couvrir le label<\/th><\/tr><\/thead><tbody><tr><td class=\"has-text-align-center\" data-align=\"center\"><img decoding=\"async\" src=\"https:\/\/www.ramatuelle-tourisme.com\/pro\/wp-content\/uploads\/2021\/12\/logis.png\" alt=\"\" style=\"width: 130px;\"><\/td><td>&nbsp;<strong>Logis de France<\/strong><br>Le label Logis de France poss\u00e8de une reconnaissance nationale. Il promeut une \u00ab&nbsp;h\u00f4tellerie \u00e0 visage humain&nbsp;\u00bb et s\u2019appuie sur des valeurs de tradition et de convivialit\u00e9. Obtenir ce label apportera \u00e0 votre \u00e9tablissement un gage de s\u00e9rieux, d\u2019authenticit\u00e9 et de qualit\u00e9.<\/td><td>&nbsp;H\u00f4tels<br>Restaurants&nbsp;<\/td><td>&nbsp;Label Logis de France,&nbsp;<a href=\"https:\/\/www.logishotels.com\/fr\" target=\"_blank\" rel=\"noreferrer noopener\">cliquez ici<\/a><\/td><\/tr><tr><td class=\"has-text-align-center\" data-align=\"center\"><img decoding=\"async\" src=\"https:\/\/www.ramatuelle-tourisme.com\/pro\/wp-content\/uploads\/2021\/12\/clef-verte.jpg\" alt=\"\" style=\"width: 130px;\"><\/td><td><strong>La Clef Verte<\/strong><br>La Clef Verte est le premier label environnemental reconnu au niveau international. Il est d\u00e9livr\u00e9 aux \u00e9tablissements ayant une politique environnementale bas\u00e9e sur le partage des \u00e9cogestes, les achats responsables ainsi que la gestion des d\u00e9chets et des ressources naturelles. L\u2019objectif est de valoriser votre engagement dans une gestion touristique durable.<\/td><td>Tous types d\u2019h\u00e9bergements touristiques<br>Restaurants<\/td><td>R\u00e9seau Clef Verte,&nbsp;<a href=\"https:\/\/www.laclefverte.org\/\" target=\"_blank\" rel=\"noreferrer noopener\">cliquez ici<\/a><\/td><\/tr><\/tbody><\/table><\/figure>\n\n\n\n<h2 class=\"wp-block-heading\">Pour les h\u00e9bergements<\/h2>\n\n\n\n<figure class=\"wp-block-table\"><table><thead><tr><th class=\"has-text-align-center\" data-align=\"center\">Les labels<\/th><th><\/th><th>Structures \u00e9ligibles<\/th><th>D\u00e9couvrir le label<\/th><\/tr><\/thead><tbody><tr><td class=\"has-text-align-center\" data-align=\"center\"><img decoding=\"async\" src=\"https:\/\/www.ramatuelle-tourisme.com\/pro\/wp-content\/uploads\/2021\/12\/gites-de-france.jpg\" alt=\"\" style=\"width: 130px;\"><\/td><td><strong>Gites de France<\/strong><br>G\u00eetes de France est le premier r\u00e9seau et un label de r\u00e9f\u00e9rence nationale et europ\u00e9enne en termes d\u2019h\u00e9bergement chez l\u2019habitant. Le label de qualit\u00e9 G\u00eetes de France garantit aux touristes des normes de confort pr\u00e9cises (en 1, 2, 3, 4 et 5 \u00e9pis) et le respect d&rsquo;une charte qui contient des normes de confort, d\u2019accueil et de convivialit\u00e9, d\u2019architecture, de services et de d\u00e9coration. Les g\u00eetes et les chambres d\u2019h\u00f4tes sont reclass\u00e9s au moins tous les 5 ans.Ainsi, obtenir le label G\u00eetes de France valorise votre h\u00e9bergement et lui apporte une visibilit\u00e9 et une reconnaissance aupr\u00e8s de votre client\u00e8le.<\/td><td>&nbsp;Meubl\u00e9s de tourisme<br>Chambres d\u2019h\u00f4tes<br>Campings<\/td><td>R\u00e9seau G\u00eetes de France,&nbsp;<a rel=\"noreferrer noopener\" href=\"https:\/\/www.gites-de-france.com\/fr\" target=\"_blank\">cliquez ici<\/a><a rel=\"noreferrer noopener\" href=\"https:\/\/www.oisetourisme-pro.com\/2019\/10\/03\/gites-de-france-de-loise-5-raisons-dadherer-au-reseau\/\" target=\"_blank\"><br><br><\/a><\/td><\/tr><tr><td class=\"has-text-align-center\" data-align=\"center\"><img decoding=\"async\" src=\"https:\/\/www.ramatuelle-tourisme.com\/pro\/wp-content\/uploads\/2021\/12\/cle-vacances.jpg\" alt=\"\" style=\"width: 130px;\">&nbsp;<\/td><td>&nbsp;<strong>Cl\u00e9 Vacances<\/strong><br>Cl\u00e9 Vacances est un label national destin\u00e9 \u00e0 garantir la qualit\u00e9 des h\u00e9bergements. Tous les h\u00e9bergements ayant ce label r\u00e9pondent \u00e0 une charte de qualit\u00e9, reposant sur 3 crit\u00e8res primordiaux :&nbsp;la mise en valeur de l\u2019environnement ext\u00e9rieur,&nbsp;le confort int\u00e9rieur,&nbsp;la qualit\u00e9 de l\u2019accueil. C\u2019est un gage de qualit\u00e9 pour votre h\u00e9bergement et vos prestations.<\/td><td>&nbsp;Meubl\u00e9s de tourisme<br>Chambres d\u2019h\u00f4tes<br>Locations de vacances<\/td><td>R\u00e9seau Cl\u00e9vacances,&nbsp;<a rel=\"noreferrer noopener\" href=\"https:\/\/www.clevacances.com\/fr\/label-clevacances\" target=\"_blank\">cliquez ici<br><\/a><\/td><\/tr><tr><td class=\"has-text-align-center\" data-align=\"center\"><img decoding=\"async\" src=\"https:\/\/www.ramatuelle-tourisme.com\/pro\/wp-content\/uploads\/2021\/12\/bienvenue-la-ferme.jpg\" alt=\"\" style=\"width: 130px;\"><\/td><td>&nbsp;<strong>Bienvenue \u00e0 la Ferme<\/strong><br>Le label Bienvenue \u00e0 la Ferme est attribu\u00e9 \u00e0 des h\u00e9bergements, activit\u00e9s ou produits de qualit\u00e9 \u00e9labor\u00e9s par des agriculteurs sur le lieu de leur exploitation. Ce label assure la qualit\u00e9 de l\u2019accueil et de l\u2019environnement de votre activit\u00e9 ainsi que votre professionnalisme. De plus, il valorise vos engagements dans une d\u00e9marche d\u2019agriculture durable et responsable.<\/td><td>&nbsp;Meubl\u00e9s de tourisme<br>Chambres d\u2019h\u00f4tes<br>Campings<br>Fermes<br>Fermes auberges<\/td><td>&nbsp;R\u00e9seau Bienvenue \u00e0 la ferme,&nbsp;<a rel=\"noreferrer noopener\" href=\"https:\/\/www.bienvenue-a-la-ferme.com\/\" target=\"_blank\">cliquez ici<\/a><br><\/td><\/tr><\/tbody><\/table><\/figure>\n\n\n\n<h2 class=\"wp-block-heading\">Pour les&nbsp;restaurants<\/h2>\n\n\n\n<p><\/p>\n\n\n\n<figure class=\"wp-block-table\"><table><thead><tr><th class=\"has-text-align-center\" data-align=\"center\">Les labels<\/th><th><\/th><th>Structures \u00e9ligibles <\/th><th>D\u00e9couvrir le label <\/th><\/tr><\/thead><tbody><tr><td class=\"has-text-align-center\" data-align=\"center\"><img decoding=\"async\" src=\"https:\/\/www.ramatuelle-tourisme.com\/pro\/wp-content\/uploads\/2021\/12\/le-guide-michelin.jpg\" alt=\"\" style=\"width: 130px;\"><\/td><td><strong>Le Guide Michelin<\/strong><br>Les \u00e9toiles Michelin r\u00e9compensent les restaurateurs qui proposent une cuisine de grande qualit\u00e9. Les crit\u00e8res d\u2019\u00e9valuation se basent sur la qualit\u00e9 des produits, la ma\u00eetrise des cuissons et des saveurs, la personnalit\u00e9 du chef dans sa cuisine, le rapport qualit\u00e9 prix ainsi que la r\u00e9gularit\u00e9 dans le temps et sur l\u2019ensemble de la carte. L\u2019obtention d\u2019une, deux ou trois \u00e9toiles Michelin se fait sur visites myst\u00e8res d\u2019inspecteurs du Guide Michelin.<\/td><td>Restaurants<\/td><td>Le Guide Michelin,&nbsp;<a href=\"https:\/\/guide.michelin.com\/fr\/fr\" target=\"_blank\" rel=\"noreferrer noopener\">cliquez ici<\/a><\/td><\/tr><tr><td class=\"has-text-align-center\" data-align=\"center\"><img decoding=\"async\" src=\"https:\/\/www.ramatuelle-tourisme.com\/pro\/wp-content\/uploads\/2021\/12\/maitre-restaurateur.jpg\" alt=\"\" style=\"width: 130px;\"><\/td><td><strong>Ma\u00eetre Restaurateur<\/strong><br>Le titre de Ma\u00eetre Restaurateur est attribu\u00e9 aux restaurateurs de m\u00e9tier qui s\u2019engagent \u00e0 cuisiner sur place des produits bruts (cuisine enti\u00e8rement faite maison), majoritairement frais et int\u00e9grant les circuits courts. Obtenir ce label est un gage d\u2019excellence et de qualit\u00e9 pour votre restaurant et la prestation que vous proposez.<\/td><td>Restaurants<\/td><td>Ma\u00eetre Restaurateur,<a href=\"https:\/\/www.maitresrestaurateurs.fr\/\" target=\"_blank\" rel=\"noreferrer noopener\">&nbsp;cliquez ici<\/a><\/td><\/tr><\/tbody><\/table><\/figure>\n","protected":false},"excerpt":{"rendered":"<p>En tant qu\u2019acteurs touristiques,&nbsp;diff\u00e9rents labels peuvent vous permettre de valoriser la qualit\u00e9 de votre \u00e9tablissement et de vos prestations. Afin de vous aider \u00e0 vous rep\u00e9rer face aux diff\u00e9rents labels, voici une s\u00e9lection de labels sp\u00e9cifiques pr\u00e9sents sur notre territoire et caract\u00e9ristiques des diff\u00e9rentes structures touristiques qui le composent. Pour tous les \u00e9tablissements Les labels &hellip; <a href=\"https:\/\/www.ramatuelle-tourisme.com\/pro\/informations-pour-les-professionnels\/des-labels-pour-valoriser-vos-etablissements\/\" class=\"more-link\">Continuer la lecture<span class=\"screen-reader-text\"> de &laquo;&nbsp;Des labels pour valoriser vos \u00e9tablissements&nbsp;&raquo;<\/span><\/a><\/p>\n","protected":false},"author":1,"featured_media":0,"parent":118,"menu_order":0,"comment_status":"closed","ping_status":"closed","template":"","meta":{"footnotes":""},"class_list":["post-1446","page","type-page","status-publish","hentry"],"_links":{"self":[{"href":"https:\/\/www.ramatuelle-tourisme.com\/pro\/wp-json\/wp\/v2\/pages\/1446","targetHints":{"allow":["GET"]}}],"collection":[{"href":"https:\/\/www.ramatuelle-tourisme.com\/pro\/wp-json\/wp\/v2\/pages"}],"about":[{"href":"https:\/\/www.ramatuelle-tourisme.com\/pro\/wp-json\/wp\/v2\/types\/page"}],"author":[{"embeddable":true,"href":"https:\/\/www.ramatuelle-tourisme.com\/pro\/wp-json\/wp\/v2\/users\/1"}],"replies":[{"embeddable":true,"href":"https:\/\/www.ramatuelle-tourisme.com\/pro\/wp-json\/wp\/v2\/comments?post=1446"}],"version-history":[{"count":19,"href":"https:\/\/www.ramatuelle-tourisme.com\/pro\/wp-json\/wp\/v2\/pages\/1446\/revisions"}],"predecessor-version":[{"id":1665,"href":"https:\/\/www.ramatuelle-tourisme.com\/pro\/wp-json\/wp\/v2\/pages\/1446\/revisions\/1665"}],"up":[{"embeddable":true,"href":"https:\/\/www.ramatuelle-tourisme.com\/pro\/wp-json\/wp\/v2\/pages\/118"}],"wp:attachment":[{"href":"https:\/\/www.ramatuelle-tourisme.com\/pro\/wp-json\/wp\/v2\/media?parent=1446"}],"curies":[{"name":"wp","href":"https:\/\/api.w.org\/{rel}","templated":true}]}}