{"id":141,"date":"2015-04-07T07:20:30","date_gmt":"2015-04-07T07:20:30","guid":{"rendered":"http:\/\/www.ramatuelle-tourisme.com\/wp\/?page_id=141"},"modified":"2021-08-14T15:18:45","modified_gmt":"2021-08-14T13:18:45","slug":"lot-et-le-developpement-durable","status":"publish","type":"page","link":"https:\/\/www.ramatuelle-tourisme.com\/pro\/loffice-de-tourisme\/lot-et-le-developpement-durable\/","title":{"rendered":"L&rsquo;OT et le d\u00e9veloppement durable"},"content":{"rendered":"<h2><strong>Nos engagements :<\/strong><\/h2>\n<p><img loading=\"lazy\" decoding=\"async\" class=\"wp-image-1006 alignleft\" src=\"https:\/\/www.ramatuelle-tourisme.com\/pro\/wp-content\/uploads\/2019\/05\/DD.jpg\" alt=\"\" width=\"264\" height=\"172\" srcset=\"https:\/\/www.ramatuelle-tourisme.com\/pro\/wp-content\/uploads\/2019\/05\/DD.jpg 420w, https:\/\/www.ramatuelle-tourisme.com\/pro\/wp-content\/uploads\/2019\/05\/DD-300x196.jpg 300w\" sizes=\"auto, (max-width: 264px) 85vw, 264px\" \/><\/p>\n<p><strong><span style=\"color: #008000;\">&#8211; Collaboration avec un imprimeur certifi\u00e9 PEFC* pour nos \u00e9ditions <\/span><\/strong><span style=\"color: #008000;\"><em>(* programme de reconnaissance des certifications foresti\u00e8res)<\/em><\/span><\/p>\n<p><strong><span style=\"color: #008000;\">&#8211; L&rsquo;ensemble des brochures sont t\u00e9l\u00e9chargeables sur notre site Internet<\/span><\/strong><\/p>\n<p><strong><span style=\"color: #008000;\">&#8211; En interne, les impressions de documents sont raisonn\u00e9es ; le recto\/verso ou le papier brouillon sont favoris\u00e9s<\/span><\/strong><\/p>\n<p><strong><span style=\"color: #008000;\">&#8211; Le tri s\u00e9lectif est effectu\u00e9 par l&rsquo;ensemble du personnel<\/span><\/strong><\/p>\n<p><strong><span style=\"color: #008000;\">&#8211; Le mat\u00e9riel informatique est \u00e9teint chaque soir<\/span><\/strong><\/p>\n<p><strong><span style=\"color: #008000;\">&#8211; Les lumi\u00e8res sont \u00e9teintes dans les pi\u00e8ces non occup\u00e9es<\/span><\/strong><\/p>\n<p><span style=\"color: #008000;\"><span style=\"color: #008000;\"><b>&#8211; La climatisation et le chauffage sont utilis\u00e9s avec parcimonie\u00a0<\/b><\/span><\/span><\/p>\n<p style=\"text-align: center;\"><a href=\"https:\/\/www.ramatuelle-tourisme.com\/fr\/developpement-durable\/\" target=\"_blank\" rel=\"noopener\">Retrouvez notre page d\u00e9di\u00e9e au d\u00e9veloppement durable sur le site principal.<\/a><\/p>\n","protected":false},"excerpt":{"rendered":"<p>Nos engagements : &#8211; Collaboration avec un imprimeur certifi\u00e9 PEFC* pour nos \u00e9ditions (* programme de reconnaissance des certifications foresti\u00e8res) &#8211; L&rsquo;ensemble des brochures sont t\u00e9l\u00e9chargeables sur notre site Internet &#8211; En interne, les impressions de documents sont raisonn\u00e9es ; le recto\/verso ou le papier brouillon sont favoris\u00e9s &#8211; Le tri s\u00e9lectif est effectu\u00e9 par &hellip; <a href=\"https:\/\/www.ramatuelle-tourisme.com\/pro\/loffice-de-tourisme\/lot-et-le-developpement-durable\/\" class=\"more-link\">Continuer la lecture<span class=\"screen-reader-text\"> de &laquo;&nbsp;L&rsquo;OT et le d\u00e9veloppement durable&nbsp;&raquo;<\/span><\/a><\/p>\n","protected":false},"author":1,"featured_media":0,"parent":134,"menu_order":3,"comment_status":"closed","ping_status":"open","template":"","meta":{"footnotes":""},"class_list":["post-141","page","type-page","status-publish","hentry"],"_links":{"self":[{"href":"https:\/\/www.ramatuelle-tourisme.com\/pro\/wp-json\/wp\/v2\/pages\/141","targetHints":{"allow":["GET"]}}],"collection":[{"href":"https:\/\/www.ramatuelle-tourisme.com\/pro\/wp-json\/wp\/v2\/pages"}],"about":[{"href":"https:\/\/www.ramatuelle-tourisme.com\/pro\/wp-json\/wp\/v2\/types\/page"}],"author":[{"embeddable":true,"href":"https:\/\/www.ramatuelle-tourisme.com\/pro\/wp-json\/wp\/v2\/users\/1"}],"replies":[{"embeddable":true,"href":"https:\/\/www.ramatuelle-tourisme.com\/pro\/wp-json\/wp\/v2\/comments?post=141"}],"version-history":[{"count":5,"href":"https:\/\/www.ramatuelle-tourisme.com\/pro\/wp-json\/wp\/v2\/pages\/141\/revisions"}],"predecessor-version":[{"id":1412,"href":"https:\/\/www.ramatuelle-tourisme.com\/pro\/wp-json\/wp\/v2\/pages\/141\/revisions\/1412"}],"up":[{"embeddable":true,"href":"https:\/\/www.ramatuelle-tourisme.com\/pro\/wp-json\/wp\/v2\/pages\/134"}],"wp:attachment":[{"href":"https:\/\/www.ramatuelle-tourisme.com\/pro\/wp-json\/wp\/v2\/media?parent=141"}],"curies":[{"name":"wp","href":"https:\/\/api.w.org\/{rel}","templated":true}]}}