{"id":120,"date":"2015-04-03T15:25:57","date_gmt":"2015-04-03T15:25:57","guid":{"rendered":"http:\/\/www.ramatuelle-tourisme.com\/wp\/?page_id=120"},"modified":"2021-08-14T16:37:56","modified_gmt":"2021-08-14T14:37:56","slug":"la-taxe-de-sejour","status":"publish","type":"page","link":"https:\/\/www.ramatuelle-tourisme.com\/pro\/informations-pour-les-professionnels\/la-taxe-de-sejour\/","title":{"rendered":"Taxe de s\u00e9jour &#038; plateforme de d\u00e9claration"},"content":{"rendered":"<p><img loading=\"lazy\" decoding=\"async\" class=\" wp-image-992 alignleft\" src=\"https:\/\/www.ramatuelle-tourisme.com\/pro\/wp-content\/uploads\/2019\/05\/logo-declaloc.png\" alt=\"\" width=\"265\" height=\"116\" srcset=\"https:\/\/www.ramatuelle-tourisme.com\/pro\/wp-content\/uploads\/2019\/05\/logo-declaloc.png 340w, https:\/\/www.ramatuelle-tourisme.com\/pro\/wp-content\/uploads\/2019\/05\/logo-declaloc-300x132.png 300w\" sizes=\"auto, (max-width: 265px) 85vw, 265px\" \/>Depuis le 1er janvier 2019, la d\u00e9claration pr\u00e9alable est obligatoire pour les locations de courte dur\u00e9e \u00e0 une client\u00e8le de passage.<\/p>\n<p>Toutes les locations touristiques devront disposer d&rsquo;un num\u00e9ro d&rsquo;enregistrement.<\/p>\n<p>Pour obtenir ce num\u00e9ro et se d\u00e9clarer, il suffit de se connecter sur le <a href=\"https:\/\/www.declaloc.fr\/\" target=\"_blank\" rel=\"noopener noreferrer\">t\u00e9l\u00e9service D\u00e9claloc<\/a><\/p>\n<p>De plus, nous vous rappelons que la collecte de la taxe de s\u00e9jour est op\u00e9rationnelle depuis la mi-janvier et doit \u00eatre effectu\u00e9e sur la <a href=\"https:\/\/ramatuelle.taxesejour.fr\/\" target=\"_blank\" rel=\"noopener noreferrer\">plateforme de d\u00e9claration et reversement<\/a>, accessible depuis le site de la <a href=\"https:\/\/ramatuelle.fr\/\" target=\"_blank\" rel=\"noopener noreferrer\">commune<\/a>.<\/p>\n\n\n<pre class=\"wp-block-verse has-text-align-center has-white-color has-light-blue-background-color has-text-color has-background\">\n<strong><a rel=\"noreferrer noopener\" href=\"https:\/\/www.ramatuelle-tourisme.com\/pro\/wp-content\/uploads\/2019\/05\/guide-t%C3%A9l%C3%A9d%C3%A9claration.pdf\" target=\"_blank\">Guide de la t\u00e9l\u00e9d\u00e9claration<\/a><\/strong> \n <\/pre>\n\n\n\n<p><\/p>\n","protected":false},"excerpt":{"rendered":"<p>Depuis le 1er janvier 2019, la d\u00e9claration pr\u00e9alable est obligatoire pour les locations de courte dur\u00e9e \u00e0 une client\u00e8le de passage. Toutes les locations touristiques devront disposer d&rsquo;un num\u00e9ro d&rsquo;enregistrement. Pour obtenir ce num\u00e9ro et se d\u00e9clarer, il suffit de se connecter sur le t\u00e9l\u00e9service D\u00e9claloc De plus, nous vous rappelons que la collecte de &hellip; <a href=\"https:\/\/www.ramatuelle-tourisme.com\/pro\/informations-pour-les-professionnels\/la-taxe-de-sejour\/\" class=\"more-link\">Continuer la lecture<span class=\"screen-reader-text\"> de &laquo;&nbsp;Taxe de s\u00e9jour &#038; plateforme de d\u00e9claration&nbsp;&raquo;<\/span><\/a><\/p>\n","protected":false},"author":1,"featured_media":0,"parent":118,"menu_order":1,"comment_status":"closed","ping_status":"open","template":"","meta":{"footnotes":""},"class_list":["post-120","page","type-page","status-publish","hentry"],"_links":{"self":[{"href":"https:\/\/www.ramatuelle-tourisme.com\/pro\/wp-json\/wp\/v2\/pages\/120","targetHints":{"allow":["GET"]}}],"collection":[{"href":"https:\/\/www.ramatuelle-tourisme.com\/pro\/wp-json\/wp\/v2\/pages"}],"about":[{"href":"https:\/\/www.ramatuelle-tourisme.com\/pro\/wp-json\/wp\/v2\/types\/page"}],"author":[{"embeddable":true,"href":"https:\/\/www.ramatuelle-tourisme.com\/pro\/wp-json\/wp\/v2\/users\/1"}],"replies":[{"embeddable":true,"href":"https:\/\/www.ramatuelle-tourisme.com\/pro\/wp-json\/wp\/v2\/comments?post=120"}],"version-history":[{"count":7,"href":"https:\/\/www.ramatuelle-tourisme.com\/pro\/wp-json\/wp\/v2\/pages\/120\/revisions"}],"predecessor-version":[{"id":1438,"href":"https:\/\/www.ramatuelle-tourisme.com\/pro\/wp-json\/wp\/v2\/pages\/120\/revisions\/1438"}],"up":[{"embeddable":true,"href":"https:\/\/www.ramatuelle-tourisme.com\/pro\/wp-json\/wp\/v2\/pages\/118"}],"wp:attachment":[{"href":"https:\/\/www.ramatuelle-tourisme.com\/pro\/wp-json\/wp\/v2\/media?parent=120"}],"curies":[{"name":"wp","href":"https:\/\/api.w.org\/{rel}","templated":true}]}}