{"id":808,"date":"2017-03-02T23:19:47","date_gmt":"2017-03-02T22:19:47","guid":{"rendered":"http:\/\/www.ramatuelle-tourisme.com\/?page_id=808\/"},"modified":"2025-08-04T15:11:38","modified_gmt":"2025-08-04T13:11:38","slug":"la-chiesa-notre-dame","status":"publish","type":"page","link":"https:\/\/www.ramatuelle-tourisme.com\/it\/alla-scoperta-della-penisola\/lato-villaggio\/le-tracce-del-passato\/la-chiesa-notre-dame\/","title":{"rendered":"LA CHIESA NOTRE DAME"},"content":{"rendered":"<p><img loading=\"lazy\" decoding=\"async\" class=\"alignnone size-full wp-image-197\" src=\"https:\/\/www.ramatuelle-tourisme.com\/wp-content\/uploads\/2016\/12\/eglise.jpg\" alt=\"\" width=\"600\" height=\"400\" srcset=\"https:\/\/www.ramatuelle-tourisme.com\/wp-content\/uploads\/2016\/12\/eglise.jpg 600w, https:\/\/www.ramatuelle-tourisme.com\/wp-content\/uploads\/2016\/12\/eglise-300x200.jpg 300w, https:\/\/www.ramatuelle-tourisme.com\/wp-content\/uploads\/2016\/12\/eglise-370x247.jpg 370w\" sizes=\"auto, (max-width: 600px) 100vw, 600px\" \/><br \/>\nLa chiesa parrocchiale di Ramatuelle \u00e8 addossata alle antiche mura che circondavano il villaggio.<\/p>\n<p>Alla fine del XVI secolo, la chiesa parrocchiale di Ramatuelle fu distrutta in seguito alle Guerre di religione. I consoli della comunit\u00e0 decisero allora di ricostruirla senza chiederne l&#8217;autorizzazione al vescovo della diocesi o al priore. Questo nuovo luogo di culto edificato intorno all&#8217;anno 1582 fu addossato al bastione che cingeva il villaggio per fare economia della costruzione di un muro. Ma, nei decenni che seguirono, gli abitanti di Ramatuelle furono costretti ad inviare numerose lagnanze al vescovo di Fr\u00e9jus, perch\u00e0 il priore si rifiutava di pagare la sua quota dei lavori. La copertura non essendo finita, col brutto tempo pioveva nella chiesa e ci impediva la celebrazione del &#8220;culto divino.&#8221; \u00e8 solamente ai primi anni del XVII secolo che questa chiesa fu finita coll\u00e0apertura della grande porta datata 1620. Questa entrata \u00e8 ornata di un ricco portale in serpentinite, pi\u00f9 comunemente chiamata serpentina, porfiro verde di cui si son estratti i blocchi in una cava del quartiere Carrade a Cavalaire. Parecchi indizi lasciano supporre che la chiesa era all&#8217;origine disposta in senso opposto.<\/p>\n<p>L\u2019altare maggiore doveva dunque trovarsi al posto dell&#8217;attuale porta di entrata (si vedeno ancora ai lati le piccole nicchie di evacuazione delle acque di servizio dell&#8217;altare). La sagrestia attuale non esisteva ed il suo posto era occupato da una tribuna aperta sulla volta della chiesa e dominata da un grande asse di pietra visibile ancora al di sotto della sagrestia. L\u2019occhio di bue che si apre sulla via del campanile illuminava allora l&#8217;interno della chiesa.Il campanile porta la traccia di una delle quattro torri di guardia attestate nel XIV secolo e che facevano parte della cinta fortificata. La sala delle guardie \u00e8 stata conservata ed una parte del cammino di ronda corre lungo il tetto della chiesa. Queste torri erano indispensabili alla popolazione perch\u00e0 permettevano di vedere i numerosi pericoli che venivano dal mare, o dalla pianura : i pirati barbareschi, soldati ed invasori di ogni tipo dei quali ci si tentava in tal modo di premunire.<\/p>\n<p>La parte laterale sinistra della chiesa corrisponde al muro del vecchio bastione e comprende quattro archi. Il secondo arco conserva una vetrina blindata che presenta 3 santoni : San Giuseppe e la Madonna, XVI secolo) classificati a titolo di Monumenti storici ed un Bambin Ges\u00f9 offerto dall&#8217;attore Jean-Claude BRIALY (1933 -2007) che ha risieduto a Ramatuelle. Nel terzo arco, si pu\u00f9 vedere il busto reliquiario di sant\u00e0 Andrea che divenne il patrono della parrocchia. Secondo la tradizione, Sant\u00e0 Andrea fu crocifisso a Patras (in Grecia, nel Peloponneso) nell&#8217;anno 60. Sarebbe stato martirizzato su una croce a bracci uguali detti poi, croce di sant\u00e0 Andrea. I busti reliquiari di San Tropez e Santa Maxime fiancheggiano quello di Sant\u00e0 Andrea. Il coro rinchiude una magnifica pala d\u2019altare del XVII secolo (classificata), con una rappresentazione di Sant\u00e0 Andraea. Lo scenario dipinto sulla volta del XIX secolo \u00e8 stato restaurato recentemente. Alcuni lavori hanno rivelato l&#8217;esistenza di scenari dipinti nel XVII secolo sui muri che sostengono la volta del coro. Il muro di destra ne propone una restituzione. A destra dell&#8217;entrata una placca commemora la memoria degli equipaggi di quattro sottomarini : il SM 2326, il Sybille, la Minerva, l&#8217;Eurydice, scomparsi al largo del capo Camarat di 1946 a 1970.<\/p>\n<p><a href=\"https:\/\/app.avizi.fr\/fichiers\/get\/6798b3a1aa27d\" target=\"_blank\" rel=\"noopener\"><strong>Consulta il nostro opuscolo<\/strong><\/a><\/p>\n","protected":false},"excerpt":{"rendered":"<p>La chiesa parrocchiale di Ramatuelle \u00e8 addossata alle antiche mura che circondavano il villaggio. Alla fine del XVI secolo, la chiesa parrocchiale di Ramatuelle fu distrutta in seguito alle Guerre di religione. I consoli della comunit\u00e0 decisero allora di ricostruirla senza chiederne l&#8217;autorizzazione al vescovo della diocesi o al priore. Questo nuovo luogo di culto<a class=\"excerpt-read-more\" href=\"https:\/\/www.ramatuelle-tourisme.com\/it\/alla-scoperta-della-penisola\/lato-villaggio\/le-tracce-del-passato\/la-chiesa-notre-dame\/\" title=\"ReadLA CHIESA NOTRE DAME\">&#8230; Read more &raquo;<\/a><\/p>\n","protected":false},"author":1,"featured_media":506,"parent":969,"menu_order":285,"comment_status":"closed","ping_status":"closed","template":"","meta":{"_acf_changed":false,"footnotes":""},"class_list":["post-808","page","type-page","status-publish","has-post-thumbnail","hentry"],"acf":{"black__white":false,"nugget":false,"type_daffichage":"emeraude","liens_ancrage":false,"autoplay":true,"delay":"4000","gallery":false},"aioseo_notices":[],"_links":{"self":[{"href":"https:\/\/www.ramatuelle-tourisme.com\/it\/wp-json\/wp\/v2\/pages\/808","targetHints":{"allow":["GET"]}}],"collection":[{"href":"https:\/\/www.ramatuelle-tourisme.com\/it\/wp-json\/wp\/v2\/pages"}],"about":[{"href":"https:\/\/www.ramatuelle-tourisme.com\/it\/wp-json\/wp\/v2\/types\/page"}],"author":[{"embeddable":true,"href":"https:\/\/www.ramatuelle-tourisme.com\/it\/wp-json\/wp\/v2\/users\/1"}],"replies":[{"embeddable":true,"href":"https:\/\/www.ramatuelle-tourisme.com\/it\/wp-json\/wp\/v2\/comments?post=808"}],"version-history":[{"count":4,"href":"https:\/\/www.ramatuelle-tourisme.com\/it\/wp-json\/wp\/v2\/pages\/808\/revisions"}],"predecessor-version":[{"id":17487,"href":"https:\/\/www.ramatuelle-tourisme.com\/it\/wp-json\/wp\/v2\/pages\/808\/revisions\/17487"}],"up":[{"embeddable":true,"href":"https:\/\/www.ramatuelle-tourisme.com\/it\/wp-json\/wp\/v2\/pages\/969"}],"wp:featuredmedia":[{"embeddable":true,"href":"https:\/\/www.ramatuelle-tourisme.com\/it\/wp-json\/wp\/v2\/media\/506"}],"wp:attachment":[{"href":"https:\/\/www.ramatuelle-tourisme.com\/it\/wp-json\/wp\/v2\/media?parent=808"}],"curies":[{"name":"wp","href":"https:\/\/api.w.org\/{rel}","templated":true}]}}