{"id":750,"date":"2017-03-02T22:06:28","date_gmt":"2017-03-02T21:06:28","guid":{"rendered":"http:\/\/www.ramatuelle-tourisme.com\/?page_id=750\/"},"modified":"2023-01-16T12:03:09","modified_gmt":"2023-01-16T11:03:09","slug":"casa-dei-doganieri","status":"publish","type":"page","link":"https:\/\/www.ramatuelle-tourisme.com\/it\/alla-scoperta-della-penisola\/lato-al-naturale\/tesori-nascoti\/casa-dei-doganieri\/","title":{"rendered":"Casa dei doganieri"},"content":{"rendered":"<p>Situata ai piedi della penisola di Taillat, questa strana costruzione che risale al XIX secolo e recentemente restaurata \u00e8 di propriet\u00e0 del Conservatorio del Litorale che \u00e8 responsabile della salvaguardia e della sorveglianza dei 3 cap classificati fra i beni ambientali dello stato: Lardier, Taillat e Camarat. Nelle vicinanze, sulla piccola spiaggia \u00e8 situata una provvista d&#8217;acqua dolce romana (pozzi).<\/p>\n","protected":false},"excerpt":{"rendered":"<p>Situata ai piedi della penisola di Taillat, questa strana costruzione che risale al XIX secolo e recentemente restaurata \u00e8 di propriet\u00e0 del Conservatorio del Litorale che \u00e8 responsabile della salvaguardia e della sorveglianza dei 3 cap classificati fra i beni ambientali dello stato: Lardier, Taillat e Camarat. Nelle vicinanze, sulla piccola spiaggia \u00e8 situata una<a class=\"excerpt-read-more\" href=\"https:\/\/www.ramatuelle-tourisme.com\/it\/alla-scoperta-della-penisola\/lato-al-naturale\/tesori-nascoti\/casa-dei-doganieri\/\" title=\"ReadCasa dei doganieri\">&#8230; Read more &raquo;<\/a><\/p>\n","protected":false},"author":1,"featured_media":10313,"parent":734,"menu_order":68,"comment_status":"closed","ping_status":"closed","template":"","meta":{"_acf_changed":false,"footnotes":""},"class_list":["post-750","page","type-page","status-publish","has-post-thumbnail","hentry"],"acf":{"black__white":false,"nugget":false,"type_daffichage":"rubis","liens_ancrage":false,"autoplay":true,"delay":"4000","gallery":false},"aioseo_notices":[],"_links":{"self":[{"href":"https:\/\/www.ramatuelle-tourisme.com\/it\/wp-json\/wp\/v2\/pages\/750","targetHints":{"allow":["GET"]}}],"collection":[{"href":"https:\/\/www.ramatuelle-tourisme.com\/it\/wp-json\/wp\/v2\/pages"}],"about":[{"href":"https:\/\/www.ramatuelle-tourisme.com\/it\/wp-json\/wp\/v2\/types\/page"}],"author":[{"embeddable":true,"href":"https:\/\/www.ramatuelle-tourisme.com\/it\/wp-json\/wp\/v2\/users\/1"}],"replies":[{"embeddable":true,"href":"https:\/\/www.ramatuelle-tourisme.com\/it\/wp-json\/wp\/v2\/comments?post=750"}],"version-history":[{"count":1,"href":"https:\/\/www.ramatuelle-tourisme.com\/it\/wp-json\/wp\/v2\/pages\/750\/revisions"}],"predecessor-version":[{"id":751,"href":"https:\/\/www.ramatuelle-tourisme.com\/it\/wp-json\/wp\/v2\/pages\/750\/revisions\/751"}],"up":[{"embeddable":true,"href":"https:\/\/www.ramatuelle-tourisme.com\/it\/wp-json\/wp\/v2\/pages\/734"}],"wp:featuredmedia":[{"embeddable":true,"href":"https:\/\/www.ramatuelle-tourisme.com\/it\/wp-json\/wp\/v2\/media\/10313"}],"wp:attachment":[{"href":"https:\/\/www.ramatuelle-tourisme.com\/it\/wp-json\/wp\/v2\/media?parent=750"}],"curies":[{"name":"wp","href":"https:\/\/api.w.org\/{rel}","templated":true}]}}