{"id":722,"date":"2017-03-02T16:03:39","date_gmt":"2017-03-02T15:03:39","guid":{"rendered":"http:\/\/www.ramatuelle-tourisme.com\/?page_id=722\/"},"modified":"2017-03-02T16:03:39","modified_gmt":"2017-03-02T15:03:39","slug":"le-chateau-de-pampelonne","status":"publish","type":"page","link":"https:\/\/www.ramatuelle-tourisme.com\/it\/alla-scoperta-della-penisola\/lato-al-naturale\/i-vigneti\/le-chateau-de-pampelonne\/","title":{"rendered":"Le Ch\u00e2teau de Pampelonne"},"content":{"rendered":"<p>Le origini del castello risalgono al XVII secolo. \u00c8 una denominazione C\u00f4tes de Provence A.O.C. Vi si trovano i vitigni Tibouren, Cinsault, Grenache, Syrah e Mouv\u00e8dre, ai quali si aggiungono il Rolle e l&#8217;Ugni.<\/p>\n","protected":false},"excerpt":{"rendered":"<p>Le origini del castello risalgono al XVII secolo. \u00c8 una denominazione C\u00f4tes de Provence A.O.C. Vi si trovano i vitigni Tibouren, Cinsault, Grenache, Syrah e Mouv\u00e8dre, ai quali si aggiungono il Rolle e l&#8217;Ugni.<\/p>\n","protected":false},"author":1,"featured_media":348,"parent":698,"menu_order":341,"comment_status":"closed","ping_status":"closed","template":"","meta":{"_acf_changed":false,"footnotes":""},"class_list":["post-722","page","type-page","status-publish","has-post-thumbnail","hentry"],"acf":{"black__white":false,"nugget":false,"type_daffichage":"diamant"},"aioseo_notices":[],"_links":{"self":[{"href":"https:\/\/www.ramatuelle-tourisme.com\/it\/wp-json\/wp\/v2\/pages\/722","targetHints":{"allow":["GET"]}}],"collection":[{"href":"https:\/\/www.ramatuelle-tourisme.com\/it\/wp-json\/wp\/v2\/pages"}],"about":[{"href":"https:\/\/www.ramatuelle-tourisme.com\/it\/wp-json\/wp\/v2\/types\/page"}],"author":[{"embeddable":true,"href":"https:\/\/www.ramatuelle-tourisme.com\/it\/wp-json\/wp\/v2\/users\/1"}],"replies":[{"embeddable":true,"href":"https:\/\/www.ramatuelle-tourisme.com\/it\/wp-json\/wp\/v2\/comments?post=722"}],"version-history":[{"count":1,"href":"https:\/\/www.ramatuelle-tourisme.com\/it\/wp-json\/wp\/v2\/pages\/722\/revisions"}],"predecessor-version":[{"id":724,"href":"https:\/\/www.ramatuelle-tourisme.com\/it\/wp-json\/wp\/v2\/pages\/722\/revisions\/724"}],"up":[{"embeddable":true,"href":"https:\/\/www.ramatuelle-tourisme.com\/it\/wp-json\/wp\/v2\/pages\/698"}],"wp:featuredmedia":[{"embeddable":true,"href":"https:\/\/www.ramatuelle-tourisme.com\/it\/wp-json\/wp\/v2\/media\/348"}],"wp:attachment":[{"href":"https:\/\/www.ramatuelle-tourisme.com\/it\/wp-json\/wp\/v2\/media?parent=722"}],"curies":[{"name":"wp","href":"https:\/\/api.w.org\/{rel}","templated":true}]}}