{"id":718,"date":"2017-03-02T16:02:14","date_gmt":"2017-03-02T15:02:14","guid":{"rendered":"http:\/\/www.ramatuelle-tourisme.com\/?page_id=718\/"},"modified":"2017-03-02T16:02:14","modified_gmt":"2017-03-02T15:02:14","slug":"chateau-volterra","status":"publish","type":"page","link":"https:\/\/www.ramatuelle-tourisme.com\/it\/alla-scoperta-della-penisola\/lato-al-naturale\/i-vigneti\/chateau-volterra\/","title":{"rendered":"Ch\u00e2teau Volterra"},"content":{"rendered":"<p>Accarezzate dalla dolce brezza del Mediterraneo, le nostre vigne, che si estendono su 6 ettari, godono di un panorama privilegiato. La cantina, rannicchiata tra i suoi vigneti, presenta un&#8217;architettura che risale al XIX secolo. Le dimensioni e le vendemmie manuali al chiaro di luna, oltre alla fermentazione in barili di quercia, testimoniano il nostro impegno verso una produzione di vini di qualit\u00e0. La nostra aspirazione \u00e8 di produrre un C\u00f4tes de Provence che si classifichi costantemente tra i migliori vini del mondo. I nostri vini rossi sono ricchi e complessi, e questo \u00e8 raro tra i vini della regione. I nostri vini bianchi offrono un aroma distintivo con una nota leggera di agrumi, che in bocca risaltano grazie ad una piacevole freschezza.<\/p>\n","protected":false},"excerpt":{"rendered":"<p>Accarezzate dalla dolce brezza del Mediterraneo, le nostre vigne, che si estendono su 6 ettari, godono di un panorama privilegiato. La cantina, rannicchiata tra i suoi vigneti, presenta un&#8217;architettura che risale al XIX secolo. Le dimensioni e le vendemmie manuali al chiaro di luna, oltre alla fermentazione in barili di quercia, testimoniano il nostro impegno<a class=\"excerpt-read-more\" href=\"https:\/\/www.ramatuelle-tourisme.com\/it\/alla-scoperta-della-penisola\/lato-al-naturale\/i-vigneti\/chateau-volterra\/\" title=\"ReadCh\u00e2teau Volterra\">&#8230; Read more &raquo;<\/a><\/p>\n","protected":false},"author":1,"featured_media":350,"parent":698,"menu_order":203,"comment_status":"closed","ping_status":"closed","template":"","meta":{"_acf_changed":false,"footnotes":""},"class_list":["post-718","page","type-page","status-publish","has-post-thumbnail","hentry"],"acf":{"black__white":false,"nugget":false,"type_daffichage":"diamant","liens_ancrage":false},"aioseo_notices":[],"_links":{"self":[{"href":"https:\/\/www.ramatuelle-tourisme.com\/it\/wp-json\/wp\/v2\/pages\/718","targetHints":{"allow":["GET"]}}],"collection":[{"href":"https:\/\/www.ramatuelle-tourisme.com\/it\/wp-json\/wp\/v2\/pages"}],"about":[{"href":"https:\/\/www.ramatuelle-tourisme.com\/it\/wp-json\/wp\/v2\/types\/page"}],"author":[{"embeddable":true,"href":"https:\/\/www.ramatuelle-tourisme.com\/it\/wp-json\/wp\/v2\/users\/1"}],"replies":[{"embeddable":true,"href":"https:\/\/www.ramatuelle-tourisme.com\/it\/wp-json\/wp\/v2\/comments?post=718"}],"version-history":[{"count":1,"href":"https:\/\/www.ramatuelle-tourisme.com\/it\/wp-json\/wp\/v2\/pages\/718\/revisions"}],"predecessor-version":[{"id":720,"href":"https:\/\/www.ramatuelle-tourisme.com\/it\/wp-json\/wp\/v2\/pages\/718\/revisions\/720"}],"up":[{"embeddable":true,"href":"https:\/\/www.ramatuelle-tourisme.com\/it\/wp-json\/wp\/v2\/pages\/698"}],"wp:featuredmedia":[{"embeddable":true,"href":"https:\/\/www.ramatuelle-tourisme.com\/it\/wp-json\/wp\/v2\/media\/350"}],"wp:attachment":[{"href":"https:\/\/www.ramatuelle-tourisme.com\/it\/wp-json\/wp\/v2\/media?parent=718"}],"curies":[{"name":"wp","href":"https:\/\/api.w.org\/{rel}","templated":true}]}}