{"id":714,"date":"2017-03-02T16:01:03","date_gmt":"2017-03-02T15:01:03","guid":{"rendered":"http:\/\/www.ramatuelle-tourisme.com\/?page_id=714\/"},"modified":"2017-03-02T16:01:03","modified_gmt":"2017-03-02T15:01:03","slug":"domaine-la-tourraque","status":"publish","type":"page","link":"https:\/\/www.ramatuelle-tourisme.com\/it\/alla-scoperta-della-penisola\/lato-al-naturale\/i-vigneti\/domaine-la-tourraque\/","title":{"rendered":"Domaine la Tourraque"},"content":{"rendered":"<p>Dal 1805, la nostra famiglia coltiva questo vigneto situato nel Sito dei Trois Caps, classificato tra i beni ambientali dello stato. Nel cuore del golfo di Saint-Tropez, produciamo dei vini A.O.C C\u00f4tes de Provence. La vicinanza del mare influenza favorevolmente i nostri 40 ettari di vigne. Nelle tre variet\u00e0 di colori, proponiamo dei vini leggeri e fruttati, ma anche dei vini pi\u00f9 strutturati, affinati in barrique. Sono disponibili anche magnum, vini millesimati e prodotti derivati. Infine, produciamo dell&#8217;olio di oliva, e proponiamo delle formule di turismo enologico.<\/p>\n","protected":false},"excerpt":{"rendered":"<p>Dal 1805, la nostra famiglia coltiva questo vigneto situato nel Sito dei Trois Caps, classificato tra i beni ambientali dello stato. Nel cuore del golfo di Saint-Tropez, produciamo dei vini A.O.C C\u00f4tes de Provence. La vicinanza del mare influenza favorevolmente i nostri 40 ettari di vigne. Nelle tre variet\u00e0 di colori, proponiamo dei vini leggeri<a class=\"excerpt-read-more\" href=\"https:\/\/www.ramatuelle-tourisme.com\/it\/alla-scoperta-della-penisola\/lato-al-naturale\/i-vigneti\/domaine-la-tourraque\/\" title=\"ReadDomaine la Tourraque\">&#8230; Read more &raquo;<\/a><\/p>\n","protected":false},"author":1,"featured_media":352,"parent":698,"menu_order":297,"comment_status":"closed","ping_status":"closed","template":"","meta":{"_acf_changed":false,"footnotes":""},"class_list":["post-714","page","type-page","status-publish","has-post-thumbnail","hentry"],"acf":{"black__white":false,"nugget":false,"type_daffichage":"diamant"},"aioseo_notices":[],"_links":{"self":[{"href":"https:\/\/www.ramatuelle-tourisme.com\/it\/wp-json\/wp\/v2\/pages\/714","targetHints":{"allow":["GET"]}}],"collection":[{"href":"https:\/\/www.ramatuelle-tourisme.com\/it\/wp-json\/wp\/v2\/pages"}],"about":[{"href":"https:\/\/www.ramatuelle-tourisme.com\/it\/wp-json\/wp\/v2\/types\/page"}],"author":[{"embeddable":true,"href":"https:\/\/www.ramatuelle-tourisme.com\/it\/wp-json\/wp\/v2\/users\/1"}],"replies":[{"embeddable":true,"href":"https:\/\/www.ramatuelle-tourisme.com\/it\/wp-json\/wp\/v2\/comments?post=714"}],"version-history":[{"count":1,"href":"https:\/\/www.ramatuelle-tourisme.com\/it\/wp-json\/wp\/v2\/pages\/714\/revisions"}],"predecessor-version":[{"id":715,"href":"https:\/\/www.ramatuelle-tourisme.com\/it\/wp-json\/wp\/v2\/pages\/714\/revisions\/715"}],"up":[{"embeddable":true,"href":"https:\/\/www.ramatuelle-tourisme.com\/it\/wp-json\/wp\/v2\/pages\/698"}],"wp:featuredmedia":[{"embeddable":true,"href":"https:\/\/www.ramatuelle-tourisme.com\/it\/wp-json\/wp\/v2\/media\/352"}],"wp:attachment":[{"href":"https:\/\/www.ramatuelle-tourisme.com\/it\/wp-json\/wp\/v2\/media?parent=714"}],"curies":[{"name":"wp","href":"https:\/\/api.w.org\/{rel}","templated":true}]}}