{"id":706,"date":"2017-03-02T15:58:19","date_gmt":"2017-03-02T14:58:19","guid":{"rendered":"http:\/\/www.ramatuelle-tourisme.com\/?page_id=706\/"},"modified":"2017-03-02T15:58:19","modified_gmt":"2017-03-02T14:58:19","slug":"chateau-des-marres","status":"publish","type":"page","link":"https:\/\/www.ramatuelle-tourisme.com\/it\/alla-scoperta-della-penisola\/lato-al-naturale\/i-vigneti\/chateau-des-marres\/","title":{"rendered":"Ch\u00e2teau des Marres"},"content":{"rendered":"<p>Situato sulla strada delle spiagge, davanti alla prestigiosa Baia di Pampelonne, questa propriet\u00e0 familiare ha saputo unire autenticit\u00e0 e modernit\u00e0. Le tre variet\u00e0 di colore vi vengono proposte nel A.O.C C\u00f4tes de Provence. Il suo Ros\u00e9 e il suo Bianco sono elaborati a partire da vitigni nobili, lavorati a bassa temperatura, che conferisce loro una grande finezza in bocca con aromi particolari. Il suo Rosso, affinato in barili di quercia nella pura tradizione vitivinicola, si colloca nella famiglia dei vini di facile conservazione. Cinsault, Grenache, Syrah, Mouv\u00e8dre, Cabernet Sauvignon, Tibouren e Rolle costituiscono i principali vitigni di questo vigneto.<\/p>\n","protected":false},"excerpt":{"rendered":"<p>Situato sulla strada delle spiagge, davanti alla prestigiosa Baia di Pampelonne, questa propriet\u00e0 familiare ha saputo unire autenticit\u00e0 e modernit\u00e0. Le tre variet\u00e0 di colore vi vengono proposte nel A.O.C C\u00f4tes de Provence. Il suo Ros\u00e9 e il suo Bianco sono elaborati a partire da vitigni nobili, lavorati a bassa temperatura, che conferisce loro una<a class=\"excerpt-read-more\" href=\"https:\/\/www.ramatuelle-tourisme.com\/it\/alla-scoperta-della-penisola\/lato-al-naturale\/i-vigneti\/chateau-des-marres\/\" title=\"ReadCh\u00e2teau des Marres\">&#8230; Read more &raquo;<\/a><\/p>\n","protected":false},"author":1,"featured_media":1738,"parent":698,"menu_order":70,"comment_status":"closed","ping_status":"closed","template":"","meta":{"_acf_changed":false,"footnotes":""},"class_list":["post-706","page","type-page","status-publish","has-post-thumbnail","hentry"],"acf":{"black__white":false,"nugget":false,"type_daffichage":"diamant","liens_ancrage":false},"aioseo_notices":[],"_links":{"self":[{"href":"https:\/\/www.ramatuelle-tourisme.com\/it\/wp-json\/wp\/v2\/pages\/706","targetHints":{"allow":["GET"]}}],"collection":[{"href":"https:\/\/www.ramatuelle-tourisme.com\/it\/wp-json\/wp\/v2\/pages"}],"about":[{"href":"https:\/\/www.ramatuelle-tourisme.com\/it\/wp-json\/wp\/v2\/types\/page"}],"author":[{"embeddable":true,"href":"https:\/\/www.ramatuelle-tourisme.com\/it\/wp-json\/wp\/v2\/users\/1"}],"replies":[{"embeddable":true,"href":"https:\/\/www.ramatuelle-tourisme.com\/it\/wp-json\/wp\/v2\/comments?post=706"}],"version-history":[{"count":1,"href":"https:\/\/www.ramatuelle-tourisme.com\/it\/wp-json\/wp\/v2\/pages\/706\/revisions"}],"predecessor-version":[{"id":708,"href":"https:\/\/www.ramatuelle-tourisme.com\/it\/wp-json\/wp\/v2\/pages\/706\/revisions\/708"}],"up":[{"embeddable":true,"href":"https:\/\/www.ramatuelle-tourisme.com\/it\/wp-json\/wp\/v2\/pages\/698"}],"wp:featuredmedia":[{"embeddable":true,"href":"https:\/\/www.ramatuelle-tourisme.com\/it\/wp-json\/wp\/v2\/media\/1738"}],"wp:attachment":[{"href":"https:\/\/www.ramatuelle-tourisme.com\/it\/wp-json\/wp\/v2\/media?parent=706"}],"curies":[{"name":"wp","href":"https:\/\/api.w.org\/{rel}","templated":true}]}}