{"id":675,"date":"2017-03-02T14:31:01","date_gmt":"2017-03-02T13:31:01","guid":{"rendered":"http:\/\/www.ramatuelle-tourisme.com\/?page_id=675\/"},"modified":"2017-03-02T14:31:01","modified_gmt":"2017-03-02T13:31:01","slug":"la-quercia-da-sughero","status":"publish","type":"page","link":"https:\/\/www.ramatuelle-tourisme.com\/it\/alla-scoperta-della-penisola\/lato-al-naturale\/la-flora\/la-quercia-da-sughero\/","title":{"rendered":"La Quercia da sughero"},"content":{"rendered":"<p>Questo albero \u00e8 molto famoso nelle nostre regioni. Popola le nostre foreste chiamate &#8220;suberaie&#8221;. La raccolta del sughero si effettua in estate: \u00e8 il distacco della corteccia. La prima raccolta, detta &#8220;sughero maschio&#8221;, \u00e8 di cattiva qualit\u00e0. Poi, ogni 13\/17 anni, \u00e8 possibile raccogliere il &#8220;sughero femmina&#8221; che ha una superficie liscia. Questo sughero serve per fabbricare i tappi di bottiglie.<\/p>\n","protected":false},"excerpt":{"rendered":"<p>Questo albero \u00e8 molto famoso nelle nostre regioni. Popola le nostre foreste chiamate &#8220;suberaie&#8221;. La raccolta del sughero si effettua in estate: \u00e8 il distacco della corteccia. La prima raccolta, detta &#8220;sughero maschio&#8221;, \u00e8 di cattiva qualit\u00e0. Poi, ogni 13\/17 anni, \u00e8 possibile raccogliere il &#8220;sughero femmina&#8221; che ha una superficie liscia. Questo sughero serve<a class=\"excerpt-read-more\" href=\"https:\/\/www.ramatuelle-tourisme.com\/it\/alla-scoperta-della-penisola\/lato-al-naturale\/la-flora\/la-quercia-da-sughero\/\" title=\"ReadLa Quercia da sughero\">&#8230; Read more &raquo;<\/a><\/p>\n","protected":false},"author":1,"featured_media":306,"parent":645,"menu_order":349,"comment_status":"closed","ping_status":"closed","template":"","meta":{"_acf_changed":false,"footnotes":""},"class_list":["post-675","page","type-page","status-publish","has-post-thumbnail","hentry"],"acf":{"black__white":false,"nugget":false,"type_daffichage":"perle"},"aioseo_notices":[],"_links":{"self":[{"href":"https:\/\/www.ramatuelle-tourisme.com\/it\/wp-json\/wp\/v2\/pages\/675","targetHints":{"allow":["GET"]}}],"collection":[{"href":"https:\/\/www.ramatuelle-tourisme.com\/it\/wp-json\/wp\/v2\/pages"}],"about":[{"href":"https:\/\/www.ramatuelle-tourisme.com\/it\/wp-json\/wp\/v2\/types\/page"}],"author":[{"embeddable":true,"href":"https:\/\/www.ramatuelle-tourisme.com\/it\/wp-json\/wp\/v2\/users\/1"}],"replies":[{"embeddable":true,"href":"https:\/\/www.ramatuelle-tourisme.com\/it\/wp-json\/wp\/v2\/comments?post=675"}],"version-history":[{"count":1,"href":"https:\/\/www.ramatuelle-tourisme.com\/it\/wp-json\/wp\/v2\/pages\/675\/revisions"}],"predecessor-version":[{"id":677,"href":"https:\/\/www.ramatuelle-tourisme.com\/it\/wp-json\/wp\/v2\/pages\/675\/revisions\/677"}],"up":[{"embeddable":true,"href":"https:\/\/www.ramatuelle-tourisme.com\/it\/wp-json\/wp\/v2\/pages\/645"}],"wp:featuredmedia":[{"embeddable":true,"href":"https:\/\/www.ramatuelle-tourisme.com\/it\/wp-json\/wp\/v2\/media\/306"}],"wp:attachment":[{"href":"https:\/\/www.ramatuelle-tourisme.com\/it\/wp-json\/wp\/v2\/media?parent=675"}],"curies":[{"name":"wp","href":"https:\/\/api.w.org\/{rel}","templated":true}]}}