{"id":620,"date":"2017-03-01T14:11:45","date_gmt":"2017-03-01T13:11:45","guid":{"rendered":"http:\/\/www.ramatuelle-tourisme.com\/?page_id=620\/"},"modified":"2017-03-13T00:40:31","modified_gmt":"2017-03-12T23:40:31","slug":"pampelonne-lorigine-del-mito-tropeziano","status":"publish","type":"page","link":"https:\/\/www.ramatuelle-tourisme.com\/it\/alla-scoperta-della-penisola\/seaside\/spiagge-e-cale-segrete\/pampelonne-lorigine-del-mito-tropeziano\/","title":{"rendered":"Pampelonne : L\u2019origine del mito tropeziano"},"content":{"rendered":"<p>Situata nel comune di Ramatuelle, questa area di 27 ettari \u00e8 all&#8217;origine del &#8220;mito tropeziano&#8221;. <strong>La spiaggia di Pampelonne<\/strong>, frequentata dal jet-set, \u00e8 diventata una delle pi\u00f9 famose del mondo.<\/p>\n<p>Due stabilimenti sono all&#8217;origine di questo mito : la <strong>&#8220;Spiaggia Tahiti&#8221; attrezzata nel 1946<\/strong> utilizzando l&#8217;arredamento in bamb\u00f9 abbandonato dagli studios della Victorine in occasione delle riprese nel 1935 del film &#8220;Chant des \u00eeles&#8221; di Georges Manae, e il <strong>&#8220;Club 55&#8221; (creato nel 1955)<\/strong> che, da semplice mensa per il team delle riprese <strong>del mitico film con Brigitte Bardot &#8220;E Dio cre\u00f2 la donna&#8221;<\/strong>, \u00e8 diventato un ristorante rinomato.<\/p>\n<p>I suoi stabilimenti balneari vedono sfilare da mezzo secolo tutte le celebrit\u00e0 dello show-biz: Errol Flyn verso il 1950, Brigitte Bardot, Roger Vadim, Jane Fonda negli anni &#8217;60; Mich\u00e8le Morgan e Gilbert Becaud intorno al 1970, Sylvester Stalonne, Claudia Schiffer, Elton John e Johnny Hallyday pi\u00f9 tardi, e ancora Paris Hilton e Tony Parker&#8230; l&#8217;elenco \u00e8 infinito.<\/p>\n<div class=\"flex-video\"><iframe loading=\"lazy\" style=\"border: 0;\" src=\"https:\/\/www.youtube.com\/embed\/mgaxMpLTKrc?rel=0\" width=\"420\" height=\"315\" allowfullscreen=\"allowfullscreen\"><\/iframe><\/div>\n","protected":false},"excerpt":{"rendered":"<p>Situata nel comune di Ramatuelle, questa area di 27 ettari \u00e8 all&#8217;origine del &#8220;mito tropeziano&#8221;. La spiaggia di Pampelonne, frequentata dal jet-set, \u00e8 diventata una delle pi\u00f9 famose del mondo. Due stabilimenti sono all&#8217;origine di questo mito : la &#8220;Spiaggia Tahiti&#8221; attrezzata nel 1946 utilizzando l&#8217;arredamento in bamb\u00f9 abbandonato dagli studios della Victorine in occasione<a class=\"excerpt-read-more\" href=\"https:\/\/www.ramatuelle-tourisme.com\/it\/alla-scoperta-della-penisola\/seaside\/spiagge-e-cale-segrete\/pampelonne-lorigine-del-mito-tropeziano\/\" title=\"ReadPampelonne : L\u2019origine del mito tropeziano\">&#8230; Read more &raquo;<\/a><\/p>\n","protected":false},"author":1,"featured_media":1804,"parent":618,"menu_order":0,"comment_status":"closed","ping_status":"closed","template":"","meta":{"_acf_changed":false,"footnotes":""},"class_list":["post-620","page","type-page","status-publish","has-post-thumbnail","hentry"],"acf":{"black__white":false,"nugget":false,"type_daffichage":"diamant"},"aioseo_notices":[],"_links":{"self":[{"href":"https:\/\/www.ramatuelle-tourisme.com\/it\/wp-json\/wp\/v2\/pages\/620","targetHints":{"allow":["GET"]}}],"collection":[{"href":"https:\/\/www.ramatuelle-tourisme.com\/it\/wp-json\/wp\/v2\/pages"}],"about":[{"href":"https:\/\/www.ramatuelle-tourisme.com\/it\/wp-json\/wp\/v2\/types\/page"}],"author":[{"embeddable":true,"href":"https:\/\/www.ramatuelle-tourisme.com\/it\/wp-json\/wp\/v2\/users\/1"}],"replies":[{"embeddable":true,"href":"https:\/\/www.ramatuelle-tourisme.com\/it\/wp-json\/wp\/v2\/comments?post=620"}],"version-history":[{"count":3,"href":"https:\/\/www.ramatuelle-tourisme.com\/it\/wp-json\/wp\/v2\/pages\/620\/revisions"}],"predecessor-version":[{"id":850,"href":"https:\/\/www.ramatuelle-tourisme.com\/it\/wp-json\/wp\/v2\/pages\/620\/revisions\/850"}],"up":[{"embeddable":true,"href":"https:\/\/www.ramatuelle-tourisme.com\/it\/wp-json\/wp\/v2\/pages\/618"}],"wp:featuredmedia":[{"embeddable":true,"href":"https:\/\/www.ramatuelle-tourisme.com\/it\/wp-json\/wp\/v2\/media\/1804"}],"wp:attachment":[{"href":"https:\/\/www.ramatuelle-tourisme.com\/it\/wp-json\/wp\/v2\/media?parent=620"}],"curies":[{"name":"wp","href":"https:\/\/api.w.org\/{rel}","templated":true}]}}