{"id":3733,"date":"2017-01-01T23:58:25","date_gmt":"2017-01-01T22:58:25","guid":{"rendered":"https:\/\/www.ramatuelle-tourisme.com\/?page_id=3733"},"modified":"2025-08-05T16:43:52","modified_gmt":"2025-08-05T14:43:52","slug":"office-de-tourisme","status":"publish","type":"page","link":"https:\/\/www.ramatuelle-tourisme.com\/it\/vita-pratica\/office-de-tourisme\/","title":{"rendered":"L\u2019Ufficio del Turismo vi accoglie"},"content":{"rendered":"\n<figure class=\"wp-block-image aligncenter size-large is-resized\"><img loading=\"lazy\" decoding=\"async\" width=\"1170\" height=\"747\" src=\"https:\/\/www.ramatuelle-tourisme.com\/wp-content\/uploads\/2025\/07\/facade-ot-1170x747.jpg\" alt=\"\" class=\"wp-image-17257\" style=\"width:878px;height:487px\" srcset=\"https:\/\/www.ramatuelle-tourisme.com\/wp-content\/uploads\/2025\/07\/facade-ot-1170x747.jpg 1170w, https:\/\/www.ramatuelle-tourisme.com\/wp-content\/uploads\/2025\/07\/facade-ot-300x192.jpg 300w, https:\/\/www.ramatuelle-tourisme.com\/wp-content\/uploads\/2025\/07\/facade-ot-768x490.jpg 768w, https:\/\/www.ramatuelle-tourisme.com\/wp-content\/uploads\/2025\/07\/facade-ot-1536x981.jpg 1536w, https:\/\/www.ramatuelle-tourisme.com\/wp-content\/uploads\/2025\/07\/facade-ot-2048x1308.jpg 2048w\" sizes=\"auto, (max-width: 1170px) 100vw, 1170px\" \/><\/figure>\n\n\n\n<figure class=\"wp-block-image aligncenter size-large is-resized is-style-default\"><img loading=\"lazy\" decoding=\"async\" width=\"1170\" height=\"1170\" src=\"https:\/\/www.ramatuelle-tourisme.com\/wp-content\/uploads\/2025\/01\/Logo_D.Ramatuelle_Final2-1170x1170.jpg\" alt=\"\" class=\"wp-image-15606\" style=\"width:296px;height:296px\" srcset=\"https:\/\/www.ramatuelle-tourisme.com\/wp-content\/uploads\/2025\/01\/Logo_D.Ramatuelle_Final2-1170x1170.jpg 1170w, https:\/\/www.ramatuelle-tourisme.com\/wp-content\/uploads\/2025\/01\/Logo_D.Ramatuelle_Final2-300x300.jpg 300w, https:\/\/www.ramatuelle-tourisme.com\/wp-content\/uploads\/2025\/01\/Logo_D.Ramatuelle_Final2-150x150.jpg 150w, https:\/\/www.ramatuelle-tourisme.com\/wp-content\/uploads\/2025\/01\/Logo_D.Ramatuelle_Final2-768x768.jpg 768w, https:\/\/www.ramatuelle-tourisme.com\/wp-content\/uploads\/2025\/01\/Logo_D.Ramatuelle_Final2-1536x1536.jpg 1536w, https:\/\/www.ramatuelle-tourisme.com\/wp-content\/uploads\/2025\/01\/Logo_D.Ramatuelle_Final2-2048x2048.jpg 2048w, https:\/\/www.ramatuelle-tourisme.com\/wp-content\/uploads\/2025\/01\/Logo_D.Ramatuelle_Final2-125x125.jpg 125w\" sizes=\"auto, (max-width: 1170px) 100vw, 1170px\" \/><\/figure>\n\n\n\n<p class=\"has-text-align-center has-large-font-size\"><strong>Or<\/strong>ari<\/p>\n\n\n\n<h6 class=\"wp-block-heading has-text-align-center\"><strong>Tutto l\u2019anno, nel cuore del villaggio, Piazza dell\u2019Ormeau, tutta la squadra vi accoglie agli orari indicati qui sotto&nbsp;:<\/strong><\/h6>\n\n\n\n<figure class=\"wp-block-table aligncenter is-style-stripes\"><table class=\"has-background\" style=\"background-color:#e9fbe5\"><tbody><tr><td><strong><strong>BASSA STAGIONE (da Ottobre a, Marzo)<\/strong><\/strong><\/td><td>Da luned\u00ec a venerd\u00ec: 9h &#8211; 12h 30 \/ 14h &#8211; 17h&nbsp;(apertura il marted\u00ec alle 10h 30)<\/td><\/tr><tr><td><strong><strong>MEDIA STAGIONE (da Aprile a Settembre)<\/strong><\/strong><\/td><td>Da luned\u00ec a venerd\u00ec : 9h &#8211; 13h \/ 14h &#8211; 18h<br>(apertura il marted\u00ec alle 10h 30)<br>Sabato e Giorni festivi (tranne il 1\u00b0e l&#8217;8 Maggio) : 10h &#8211; 13h \/ 14h -18h<br><strong>Accoglienza telefonica 10h-12h \/ 14h &#8211; 17h<\/strong><\/td><\/tr><tr><td><strong><strong>ALTA STAGIONE (Luglio &amp; Agosto)<\/strong><\/strong><\/td><td>Da luned\u00ec a sabato e Giorni Festivi : 10h &#8211; 13h \/ 14h &#8211; 18h<br>Domenica : 9h &#8211; 13h.<br><strong>Nessuna accoglienza telefonica il sabato e la domenica<\/strong>.<\/td><\/tr><\/tbody><tfoot><tr><td><\/td><td><\/td><\/tr><\/tfoot><\/table><\/figure>\n\n\n\n<figure class=\"wp-block-image aligncenter size-large is-resized\"><img loading=\"lazy\" decoding=\"async\" width=\"348\" height=\"107\" src=\"https:\/\/www.ramatuelle-tourisme.com\/wp-content\/uploads\/2021\/06\/interstice.png\" alt=\"\" class=\"wp-image-6355\" style=\"width:174px;height:54px\" srcset=\"https:\/\/www.ramatuelle-tourisme.com\/wp-content\/uploads\/2021\/06\/interstice.png 348w, https:\/\/www.ramatuelle-tourisme.com\/wp-content\/uploads\/2021\/06\/interstice-300x92.png 300w\" sizes=\"auto, (max-width: 348px) 100vw, 348px\" \/><\/figure>\n\n\n\n<p class=\"has-text-align-center has-large-font-size\"><strong>La nostra squadra al vostro servizio<\/strong><\/p>\n\n\n\n<div class=\"wp-block-media-text alignwide is-stacked-on-mobile\" style=\"grid-template-columns:15% auto\"><figure class=\"wp-block-media-text__media\"><img loading=\"lazy\" decoding=\"async\" width=\"1170\" height=\"1100\" src=\"https:\/\/www.ramatuelle-tourisme.com\/wp-content\/uploads\/2022\/05\/Anne-1170x1100.jpg\" alt=\"\" class=\"wp-image-8552 size-thumbnail\" srcset=\"https:\/\/www.ramatuelle-tourisme.com\/wp-content\/uploads\/2022\/05\/Anne-1170x1100.jpg 1170w, https:\/\/www.ramatuelle-tourisme.com\/wp-content\/uploads\/2022\/05\/Anne-300x282.jpg 300w, https:\/\/www.ramatuelle-tourisme.com\/wp-content\/uploads\/2022\/05\/Anne-768x722.jpg 768w, https:\/\/www.ramatuelle-tourisme.com\/wp-content\/uploads\/2022\/05\/Anne.jpg 1512w\" sizes=\"auto, (max-width: 1170px) 100vw, 1170px\" \/><\/figure><div class=\"wp-block-media-text__content\">\n<p class=\"has-pale-cyan-blue-background-color has-background\" style=\"font-size:18px\"><strong>Anne de Sousa<\/strong><br>Responsabile servizio accoglienza<br>A<em>ccoglienza \/ Animazione <em>Social Network<\/em><\/em><br>accueil@ramatuelle-tourisme.com<br>+33 (0) 98 12 64 01<\/p>\n<\/div><\/div>\n\n\n\n<div class=\"wp-block-media-text alignwide is-stacked-on-mobile\" style=\"grid-template-columns:15% auto\"><figure class=\"wp-block-media-text__media\"><img loading=\"lazy\" decoding=\"async\" width=\"1170\" height=\"1132\" src=\"https:\/\/www.ramatuelle-tourisme.com\/wp-content\/uploads\/2022\/05\/Marge-recadree-1170x1132.jpg\" alt=\"\" class=\"wp-image-8564 size-thumbnail\" srcset=\"https:\/\/www.ramatuelle-tourisme.com\/wp-content\/uploads\/2022\/05\/Marge-recadree-1170x1132.jpg 1170w, https:\/\/www.ramatuelle-tourisme.com\/wp-content\/uploads\/2022\/05\/Marge-recadree-300x290.jpg 300w, https:\/\/www.ramatuelle-tourisme.com\/wp-content\/uploads\/2022\/05\/Marge-recadree-768x743.jpg 768w, https:\/\/www.ramatuelle-tourisme.com\/wp-content\/uploads\/2022\/05\/Marge-recadree.jpg 1325w\" sizes=\"auto, (max-width: 1170px) 100vw, 1170px\" \/><\/figure><div class=\"wp-block-media-text__content\">\n<p class=\"has-pale-cyan-blue-background-color has-background\" style=\"font-size:18px\"><strong>Marge Cassar<\/strong><br>Responsabile Informazione Turistica<br><em>Guida turistica \/ <em>Animazione <em>Social Network<\/em><\/em><\/em><br>margepro@ramatuelle-tourisme.com<br>+33 (0) 4 98 12 64 09<\/p>\n<\/div><\/div>\n\n\n\n<div class=\"wp-block-media-text alignwide is-stacked-on-mobile\" style=\"grid-template-columns:15% auto\"><figure class=\"wp-block-media-text__media\"><img loading=\"lazy\" decoding=\"async\" width=\"1170\" height=\"1132\" src=\"https:\/\/www.ramatuelle-tourisme.com\/wp-content\/uploads\/2025\/02\/Tess-1170x1132.jpg\" alt=\"\" class=\"wp-image-16045 size-thumbnail\" srcset=\"https:\/\/www.ramatuelle-tourisme.com\/wp-content\/uploads\/2025\/02\/Tess-1170x1132.jpg 1170w, https:\/\/www.ramatuelle-tourisme.com\/wp-content\/uploads\/2025\/02\/Tess-300x290.jpg 300w, https:\/\/www.ramatuelle-tourisme.com\/wp-content\/uploads\/2025\/02\/Tess-768x743.jpg 768w, https:\/\/www.ramatuelle-tourisme.com\/wp-content\/uploads\/2025\/02\/Tess.jpg 1325w\" sizes=\"auto, (max-width: 1170px) 100vw, 1170px\" \/><\/figure><div class=\"wp-block-media-text__content\">\n<p class=\"has-pale-cyan-blue-background-color has-background\" style=\"font-size:18px\"><strong>Tess Montagne<\/strong><br>Informatrice Turistica <br><em>Accoglienza <\/em><br>accueil2@ramatuelle-tourisme.com<br>+33 (0) 4 98 12 64 06<\/p>\n<\/div><\/div>\n\n\n\n<div class=\"wp-block-media-text alignwide is-stacked-on-mobile\" style=\"grid-template-columns:15% auto\"><figure class=\"wp-block-media-text__media\"><img loading=\"lazy\" decoding=\"async\" width=\"532\" height=\"531\" src=\"https:\/\/www.ramatuelle-tourisme.com\/wp-content\/uploads\/2025\/01\/Lisa-2023-recadree.png\" alt=\"\" class=\"wp-image-15994 size-thumbnail\" srcset=\"https:\/\/www.ramatuelle-tourisme.com\/wp-content\/uploads\/2025\/01\/Lisa-2023-recadree.png 532w, https:\/\/www.ramatuelle-tourisme.com\/wp-content\/uploads\/2025\/01\/Lisa-2023-recadree-300x299.png 300w, https:\/\/www.ramatuelle-tourisme.com\/wp-content\/uploads\/2025\/01\/Lisa-2023-recadree-150x150.png 150w, https:\/\/www.ramatuelle-tourisme.com\/wp-content\/uploads\/2025\/01\/Lisa-2023-recadree-125x125.png 125w\" sizes=\"auto, (max-width: 532px) 100vw, 532px\" \/><\/figure><div class=\"wp-block-media-text__content\">\n<p class=\"has-pale-cyan-blue-background-color has-background\" style=\"font-size:18px\"><strong>Lisa Carer<\/strong><br>Informatrice Turistica <br><em>Accoglienza <\/em><br>accueil3@ramatuelle-tourisme.com<br>+33 (0) 4 98 12 64 06<\/p>\n<\/div><\/div>\n\n\n\n<div class=\"wp-block-media-text alignwide is-stacked-on-mobile\" style=\"grid-template-columns:15% auto\"><figure class=\"wp-block-media-text__media\"><img loading=\"lazy\" decoding=\"async\" width=\"1142\" height=\"1170\" src=\"https:\/\/www.ramatuelle-tourisme.com\/wp-content\/uploads\/2025\/08\/Amelie-2-1142x1170.jpg\" alt=\"\" class=\"wp-image-17561 size-thumbnail\" srcset=\"https:\/\/www.ramatuelle-tourisme.com\/wp-content\/uploads\/2025\/08\/Amelie-2-1142x1170.jpg 1142w, https:\/\/www.ramatuelle-tourisme.com\/wp-content\/uploads\/2025\/08\/Amelie-2-293x300.jpg 293w, https:\/\/www.ramatuelle-tourisme.com\/wp-content\/uploads\/2025\/08\/Amelie-2-768x787.jpg 768w, https:\/\/www.ramatuelle-tourisme.com\/wp-content\/uploads\/2025\/08\/Amelie-2-1499x1536.jpg 1499w, https:\/\/www.ramatuelle-tourisme.com\/wp-content\/uploads\/2025\/08\/Amelie-2-1999x2048.jpg 1999w, https:\/\/www.ramatuelle-tourisme.com\/wp-content\/uploads\/2025\/08\/Amelie-2-300x307.jpg 300w\" sizes=\"auto, (max-width: 1142px) 100vw, 1142px\" \/><\/figure><div class=\"wp-block-media-text__content\">\n<p class=\"has-light-green-cyan-background-color has-background\" style=\"font-size:18px\"><strong>Am\u00e9lie Blanckaert<\/strong><br>Responsabile Servizio Culturale<br><em>Coordinamento \/ Promozione event<\/em>i<br>responsable.culture@ramatuelle-tourisme.com<br>+33 (0) 4 98 12 64 03<\/p>\n<\/div><\/div>\n\n\n\n<div class=\"wp-block-media-text alignwide is-stacked-on-mobile\" style=\"grid-template-columns:15% auto\"><figure class=\"wp-block-media-text__media\"><img loading=\"lazy\" decoding=\"async\" width=\"602\" height=\"600\" src=\"https:\/\/www.ramatuelle-tourisme.com\/wp-content\/uploads\/2023\/06\/shannon-recadree-serre.png\" alt=\"\" class=\"wp-image-11423 size-thumbnail\" srcset=\"https:\/\/www.ramatuelle-tourisme.com\/wp-content\/uploads\/2023\/06\/shannon-recadree-serre.png 602w, https:\/\/www.ramatuelle-tourisme.com\/wp-content\/uploads\/2023\/06\/shannon-recadree-serre-300x299.png 300w, https:\/\/www.ramatuelle-tourisme.com\/wp-content\/uploads\/2023\/06\/shannon-recadree-serre-150x150.png 150w, https:\/\/www.ramatuelle-tourisme.com\/wp-content\/uploads\/2023\/06\/shannon-recadree-serre-125x125.png 125w\" sizes=\"auto, (max-width: 602px) 100vw, 602px\" \/><\/figure><div class=\"wp-block-media-text__content\">\n<p class=\"has-light-green-cyan-background-color has-background\" style=\"font-size:18px\"><strong>Shannon Martineau<\/strong><br>Assistente culturale<br>Sala espositiva \/ Comunicazione \/ Animazione delle reti<br>legarage@ramatuelle-tourisme.com<br>+33 (0) 4 98 12 64 08<\/p>\n<\/div><\/div>\n\n\n\n<div class=\"wp-block-media-text alignwide is-stacked-on-mobile\" style=\"grid-template-columns:15% auto\"><figure class=\"wp-block-media-text__media\"><img loading=\"lazy\" decoding=\"async\" width=\"1170\" height=\"1137\" src=\"https:\/\/www.ramatuelle-tourisme.com\/wp-content\/uploads\/2025\/08\/Leo-MARTIN-2-1170x1137.jpg\" alt=\"\" class=\"wp-image-17564 size-thumbnail\" srcset=\"https:\/\/www.ramatuelle-tourisme.com\/wp-content\/uploads\/2025\/08\/Leo-MARTIN-2-1170x1137.jpg 1170w, https:\/\/www.ramatuelle-tourisme.com\/wp-content\/uploads\/2025\/08\/Leo-MARTIN-2-300x292.jpg 300w, https:\/\/www.ramatuelle-tourisme.com\/wp-content\/uploads\/2025\/08\/Leo-MARTIN-2-768x746.jpg 768w, https:\/\/www.ramatuelle-tourisme.com\/wp-content\/uploads\/2025\/08\/Leo-MARTIN-2.jpg 1213w\" sizes=\"auto, (max-width: 1170px) 100vw, 1170px\" \/><\/figure><div class=\"wp-block-media-text__content\">\n<p class=\"has-light-green-cyan-background-color has-background\" style=\"font-size:18px\"><strong>L\u00e9o Martin<\/strong><br>Assitente Servizio Culturale &#8211; Cultura e animazione \/ Enoturismo<br>culture@ramatuelle-tourisme.com<br>+33 (0) 4 98 12 64 07<\/p>\n<\/div><\/div>\n\n\n\n<div class=\"wp-block-media-text alignwide is-stacked-on-mobile\" style=\"grid-template-columns:15% auto\"><figure class=\"wp-block-media-text__media\"><img loading=\"lazy\" decoding=\"async\" width=\"600\" height=\"597\" src=\"https:\/\/www.ramatuelle-tourisme.com\/wp-content\/uploads\/2023\/06\/Nathalie-1.png\" alt=\"\" class=\"wp-image-11395 size-thumbnail\" srcset=\"https:\/\/www.ramatuelle-tourisme.com\/wp-content\/uploads\/2023\/06\/Nathalie-1.png 600w, https:\/\/www.ramatuelle-tourisme.com\/wp-content\/uploads\/2023\/06\/Nathalie-1-300x299.png 300w, https:\/\/www.ramatuelle-tourisme.com\/wp-content\/uploads\/2023\/06\/Nathalie-1-150x150.png 150w, https:\/\/www.ramatuelle-tourisme.com\/wp-content\/uploads\/2023\/06\/Nathalie-1-125x125.png 125w\" sizes=\"auto, (max-width: 600px) 100vw, 600px\" \/><\/figure><div class=\"wp-block-media-text__content\">\n<p class=\"has-luminous-vivid-amber-background-color has-background\" style=\"font-size:18px\"><strong>Nathalie Maggi<\/strong><br>Responsabile amministrativo <em>Amministrazione e risorse umane <\/em><br>otc@ramatuelle-tourisme.com<br>+33 (0) 4 98 12 64 05<\/p>\n<\/div><\/div>\n\n\n\n<div class=\"wp-block-media-text alignwide is-stacked-on-mobile\" style=\"grid-template-columns:15% auto\"><figure class=\"wp-block-media-text__media\"><img loading=\"lazy\" decoding=\"async\" width=\"1153\" height=\"1170\" src=\"https:\/\/www.ramatuelle-tourisme.com\/wp-content\/uploads\/2022\/05\/Bruno-1153x1170.jpg\" alt=\"\" class=\"wp-image-8555 size-thumbnail\" srcset=\"https:\/\/www.ramatuelle-tourisme.com\/wp-content\/uploads\/2022\/05\/Bruno-1153x1170.jpg 1153w, https:\/\/www.ramatuelle-tourisme.com\/wp-content\/uploads\/2022\/05\/Bruno-296x300.jpg 296w, https:\/\/www.ramatuelle-tourisme.com\/wp-content\/uploads\/2022\/05\/Bruno-768x779.jpg 768w, https:\/\/www.ramatuelle-tourisme.com\/wp-content\/uploads\/2022\/05\/Bruno-300x304.jpg 300w, https:\/\/www.ramatuelle-tourisme.com\/wp-content\/uploads\/2022\/05\/Bruno.jpg 1310w\" sizes=\"auto, (max-width: 1153px) 100vw, 1153px\" \/><\/figure><div class=\"wp-block-media-text__content\">\n<p class=\"has-luminous-vivid-amber-background-color has-background\" style=\"font-size:18px\"><strong>Bruno Ca\u00efetti<\/strong><br>Direttore<br><em>Direzione generale<\/em><br>direction@ramatuelle-tourisme.com<br>+33 (0) 4 98 12 64 02<\/p>\n<\/div><\/div>\n\n\n\n<figure class=\"wp-block-image aligncenter size-large is-resized\"><img loading=\"lazy\" decoding=\"async\" width=\"348\" height=\"107\" src=\"https:\/\/www.ramatuelle-tourisme.com\/wp-content\/uploads\/2021\/06\/interstice.png\" alt=\"\" class=\"wp-image-6355\" style=\"width:174px;height:54px\" srcset=\"https:\/\/www.ramatuelle-tourisme.com\/wp-content\/uploads\/2021\/06\/interstice.png 348w, https:\/\/www.ramatuelle-tourisme.com\/wp-content\/uploads\/2021\/06\/interstice-300x92.png 300w\" sizes=\"auto, (max-width: 348px) 100vw, 348px\" \/><\/figure>\n\n\n\n<p class=\"has-text-align-center has-large-font-size\"><strong>Classificazione e marchio di qualit\u00e0 del turismo<\/strong><\/p>\n\n\n\n<div class=\"wp-block-media-text alignwide has-media-on-the-right is-stacked-on-mobile\" style=\"grid-template-columns:auto 20%\"><div class=\"wp-block-media-text__content\">\n<p class=\"has-text-align-center has-white-color has-vivid-cyan-blue-background-color has-text-color has-background has-medium-font-size\">Ufficio del Turismo e della Cultura di Ramatuelle \u00e8 classificato nella categoria 1 dai un&#8217;occhiata alla nostra carta ospitalit\u00e0.<\/p>\n<\/div><figure class=\"wp-block-media-text__media\"><img loading=\"lazy\" decoding=\"async\" width=\"250\" height=\"300\" src=\"https:\/\/www.ramatuelle-tourisme.com\/wp-content\/uploads\/2021\/06\/plaque-office-de-tourisme-classe-250x300.jpg\" alt=\"\" class=\"wp-image-6300 size-medium\" srcset=\"https:\/\/www.ramatuelle-tourisme.com\/wp-content\/uploads\/2021\/06\/plaque-office-de-tourisme-classe-250x300.jpg 250w, https:\/\/www.ramatuelle-tourisme.com\/wp-content\/uploads\/2021\/06\/plaque-office-de-tourisme-classe-300x360.jpg 300w, https:\/\/www.ramatuelle-tourisme.com\/wp-content\/uploads\/2021\/06\/plaque-office-de-tourisme-classe.jpg 400w\" sizes=\"auto, (max-width: 250px) 100vw, 250px\" \/><\/figure><\/div>\n\n\n\n<div class=\"wp-block-media-text alignwide is-stacked-on-mobile\" style=\"grid-template-columns:18% auto\"><figure class=\"wp-block-media-text__media\"><img loading=\"lazy\" decoding=\"async\" width=\"300\" height=\"273\" src=\"https:\/\/www.ramatuelle-tourisme.com\/wp-content\/uploads\/2021\/06\/logo-qt-couleur-300x273.jpg\" alt=\"\" class=\"wp-image-6307 size-medium\" srcset=\"https:\/\/www.ramatuelle-tourisme.com\/wp-content\/uploads\/2021\/06\/logo-qt-couleur-300x273.jpg 300w, https:\/\/www.ramatuelle-tourisme.com\/wp-content\/uploads\/2021\/06\/logo-qt-couleur-768x698.jpg 768w, https:\/\/www.ramatuelle-tourisme.com\/wp-content\/uploads\/2021\/06\/logo-qt-couleur.jpg 791w\" sizes=\"auto, (max-width: 300px) 100vw, 300px\" \/><\/figure><div class=\"wp-block-media-text__content\">\n<p class=\"has-text-align-center has-vivid-red-color has-pale-cyan-blue-background-color has-text-color has-background has-medium-font-size\">Ufficio del Turismo e della Cultura di Ramatuelle \u00e8 impegnata in un approccio turistico di qualit\u00e0 riconosciuto Qualit\u00e9 Tourisme<br>Consulta la nostra <a rel=\"noreferrer noopener\" href=\"https:\/\/www.ramatuelle-tourisme.com\/wp-content\/uploads\/2017\/01\/charte-office-tourisme-ramatuelle.pdf\" target=\"_blank\">carta degli impegni<\/a>. <br>Consulta il nostro <a rel=\"noreferrer noopener\" href=\"https:\/\/www.ramatuelle-tourisme.com\/wp-content\/uploads\/2021\/06\/MAQ-OTC-2021.pdf\" target=\"_blank\">manuale della qualit\u00e0<\/a>.<\/p>\n<\/div><\/div>\n\n\n\n<p class=\"has-text-align-center has-vivid-red-color has-pale-cyan-blue-background-color has-text-color has-background\" style=\"font-size:18px\"><a rel=\"noreferrer noopener\" href=\"https:\/\/www.qualite-tourisme.gouv.fr\/fr\/la-marque-etat-qualite-tourisme\" target=\"_blank\">Per saperne di pi\u00f9 sul marchio Qualit\u00e9 Tourisme<\/a><\/p>\n\n\n\n<figure class=\"wp-block-image aligncenter size-large is-resized\"><img loading=\"lazy\" decoding=\"async\" width=\"348\" height=\"107\" src=\"https:\/\/www.ramatuelle-tourisme.com\/wp-content\/uploads\/2021\/06\/interstice.png\" alt=\"\" class=\"wp-image-6355\" style=\"width:174px;height:54px\" srcset=\"https:\/\/www.ramatuelle-tourisme.com\/wp-content\/uploads\/2021\/06\/interstice.png 348w, https:\/\/www.ramatuelle-tourisme.com\/wp-content\/uploads\/2021\/06\/interstice-300x92.png 300w\" sizes=\"auto, (max-width: 348px) 100vw, 348px\" \/><\/figure>\n\n\n\n<p class=\"has-text-align-center has-large-font-size\"><strong><strong>Come arrivare a Ramatuelle ?<\/strong><\/strong><\/p>\n\n\n\n<figure class=\"wp-block-table\"><table class=\"has-fixed-layout\"><thead><tr><td><strong>IN TRENO<\/strong><\/td><td><strong>IN AUTO<\/strong><\/td><\/tr><\/thead><tbody><tr><td><strong><strong>3 Stazioni<\/strong> ferroviarie<br>Saint Rapha\u00ebl (40 kms) \/ Les Arcs (44 kms) \/&nbsp;Toulon (71 kms)<br>Tel. 36 35&nbsp;\u2013&nbsp;<a rel=\"noreferrer noopener\" href=\"http:\/\/www.sncf.com\/\" target=\"_blank\">Informazioni &amp; orari<\/a><\/strong><p>&nbsp;<\/p> <p><strong><strong>Informazioni TER<br><\/strong><a rel=\"noreferrer noopener\" href=\"http:\/\/www.ter.sncf.com\/paca\" target=\"_blank\">www.ter.sncf.com\/paca<\/a><br>Tel : 0800 11 40 23<br>(servizio e chiamata gratuiti),<br>digitare 2 sul telefono<\/strong><\/p> <\/td><td>Da Parigi, Autostrada A6 direzione Lyon, Autostrada A7 direzione Marseille poi Autostrada A8 \u00ab La Proven\u00e7ale \u00bb direzione Nice.&nbsp;<br><br><strong>Uscite:<\/strong><br><strong>Le Cannet des Maures :&nbsp;<\/strong>D558 direzione La Garde Freinet, Saint-Tropez. All\u2019uscita di Grimaud, prendere D14 poi D61 e RN 98 Carrefour de la Foux, seguire la D98A, direzione Saint-Tropez poi D93 verso Ramatuelle.<br><strong>Le Muy :&nbsp;<\/strong>D25 direzione Sainte-Maxime, poi RN98 Carrefour de la Foux, D98 verso Saint-Tropez ; poi D93 direzione Ramatuelle. <\/td><\/tr><\/tbody><\/table><\/figure>\n\n\n\n<figure class=\"wp-block-table\"><table class=\"has-fixed-layout\"><thead><tr><td><strong>IN AEREO<\/strong><\/td><td><strong>TRASPORTI SUL POSTO<\/strong><\/td><\/tr><\/thead><tbody><tr><td><strong>Aeroporto di St-Tropez \/ La Mole&nbsp;<\/strong><br>A 19 kms \u2013 Tel : + 33 (0)4 94 54 76 40<br>=&gt;<a rel=\"noreferrer noopener\" href=\"http:\/\/www.sainttropez.aeroport.fr\/\" target=\"_blank\">Informazioni e orari<\/a>&nbsp;<br><br><strong>Aeroporto&nbsp;di Toulon \/ Hy\u00e8res<\/strong><br>A 54 kms \u2013 Tel : 08 25 01 83 87<br>=&gt;&nbsp;<a rel=\"noreferrer noopener\" href=\"http:\/\/www.toulon-hyeres.aeroport.fr\/\" target=\"_blank\"><u>Informazioni e orari<\/u><\/a><br><strong>Aeroporto&nbsp;di Nice C\u00f4te d\u2019Azur<\/strong><br><br>A 107 kms \u2013 Tel :0820 42 33 33<br>=&gt;&nbsp;<a rel=\"noreferrer noopener\" href=\"http:\/\/www.nice.aeroport.fr\/\" target=\"_blank\"><u>Informazioni e orari<\/u><\/a><br><br><strong>Aeroporto&nbsp;di Marseille \/ Provence<\/strong><br>A 149 kms \u2013 Tel : 0820 81 14 14<br>=&gt;&nbsp;<a rel=\"noreferrer noopener\" href=\"http:\/\/www.marseille.aeroport.fr\/\" target=\"_blank\"><u>Informazioni e orari<\/u><\/a><\/td><td><p>&nbsp;<\/p><strong>Les Bateaux de Saint-Raphael<\/strong><br>Collegamenti in nave Saint-Tropez \/ Saint-Rapha\u00ebl da Aprile a inizio Novembre.<br>Tel : + 33 (0)4 94 95 17 46<br>=&gt;&nbsp;<a rel=\"noreferrer noopener\" href=\"http:\/\/www.bateauxsaintraphael.com\/\" target=\"_blank\">Informazioni e orari<\/a>&nbsp;<br><br><strong>Zou !<br><\/strong>Collegamenti Saint-Tropez \/ stazioni ferroviarie Toulon \/ Saint-Rapha\u00ebl \/ Les Arcs e tutti i comuni circostanti<br>Prezzo: 3\u20ac per viaggio.<br>Stazione dell\u2019autobus di Saint-Tropez : + 33 (0)4 94 56 25 74.<br>=&gt;&nbsp;<a rel=\"noreferrer noopener\" href=\"http:\/\/www.zou.maregionsud.fr\/\" target=\"_blank\">Informazioni e orari<\/a><\/td><\/tr><\/tbody><\/table><\/figure>\n\n\n\n<figure class=\"wp-block-image\"><img loading=\"lazy\" decoding=\"async\" width=\"1170\" height=\"626\" src=\"https:\/\/www.ramatuelle-tourisme.com\/wp-content\/uploads\/2017\/01\/carte-touristique-francais-2016_acces.jpg\" alt=\"\" class=\"wp-image-582\" srcset=\"https:\/\/www.ramatuelle-tourisme.com\/wp-content\/uploads\/2017\/01\/carte-touristique-francais-2016_acces.jpg 1170w, https:\/\/www.ramatuelle-tourisme.com\/wp-content\/uploads\/2017\/01\/carte-touristique-francais-2016_acces-300x161.jpg 300w, https:\/\/www.ramatuelle-tourisme.com\/wp-content\/uploads\/2017\/01\/carte-touristique-francais-2016_acces-768x411.jpg 768w, https:\/\/www.ramatuelle-tourisme.com\/wp-content\/uploads\/2017\/01\/carte-touristique-francais-2016_acces-1024x548.jpg 1024w\" sizes=\"auto, (max-width: 1170px) 100vw, 1170px\" \/><\/figure>\n\n\n\n<figure class=\"wp-block-image aligncenter size-large is-resized\"><img loading=\"lazy\" decoding=\"async\" width=\"348\" height=\"107\" src=\"https:\/\/www.ramatuelle-tourisme.com\/wp-content\/uploads\/2021\/06\/interstice.png\" alt=\"\" class=\"wp-image-6355\" style=\"width:174px;height:54px\" srcset=\"https:\/\/www.ramatuelle-tourisme.com\/wp-content\/uploads\/2021\/06\/interstice.png 348w, https:\/\/www.ramatuelle-tourisme.com\/wp-content\/uploads\/2021\/06\/interstice-300x92.png 300w\" sizes=\"auto, (max-width: 348px) 100vw, 348px\" \/><\/figure>\n","protected":false},"excerpt":{"rendered":"<p>Orari Tutto l\u2019anno, nel cuore del villaggio, Piazza dell\u2019Ormeau, tutta la squadra vi accoglie agli orari indicati qui sotto&nbsp;: BASSA STAGIONE (da Ottobre a, Marzo) Da luned\u00ec a venerd\u00ec: 9h &#8211; 12h 30 \/ 14h &#8211; 17h&nbsp;(apertura il marted\u00ec alle 10h 30) MEDIA STAGIONE (da Aprile a Settembre) Da luned\u00ec a venerd\u00ec : 9h &#8211;<a class=\"excerpt-read-more\" href=\"https:\/\/www.ramatuelle-tourisme.com\/it\/vita-pratica\/office-de-tourisme\/\" title=\"ReadL\u2019Ufficio del Turismo vi accoglie\">&#8230; Read more &raquo;<\/a><\/p>\n","protected":false},"author":1,"featured_media":0,"parent":1000,"menu_order":254,"comment_status":"closed","ping_status":"closed","template":"","meta":{"_acf_changed":false,"footnotes":""},"class_list":["post-3733","page","type-page","status-publish","hentry"],"acf":{"nugget":false,"black__white":false,"type_daffichage":"default","gallery":false,"liens_ancrage":false,"autoplay":true,"delay":"4000"},"aioseo_notices":[],"_links":{"self":[{"href":"https:\/\/www.ramatuelle-tourisme.com\/it\/wp-json\/wp\/v2\/pages\/3733","targetHints":{"allow":["GET"]}}],"collection":[{"href":"https:\/\/www.ramatuelle-tourisme.com\/it\/wp-json\/wp\/v2\/pages"}],"about":[{"href":"https:\/\/www.ramatuelle-tourisme.com\/it\/wp-json\/wp\/v2\/types\/page"}],"author":[{"embeddable":true,"href":"https:\/\/www.ramatuelle-tourisme.com\/it\/wp-json\/wp\/v2\/users\/1"}],"replies":[{"embeddable":true,"href":"https:\/\/www.ramatuelle-tourisme.com\/it\/wp-json\/wp\/v2\/comments?post=3733"}],"version-history":[{"count":27,"href":"https:\/\/www.ramatuelle-tourisme.com\/it\/wp-json\/wp\/v2\/pages\/3733\/revisions"}],"predecessor-version":[{"id":17567,"href":"https:\/\/www.ramatuelle-tourisme.com\/it\/wp-json\/wp\/v2\/pages\/3733\/revisions\/17567"}],"up":[{"embeddable":true,"href":"https:\/\/www.ramatuelle-tourisme.com\/it\/wp-json\/wp\/v2\/pages\/1000"}],"wp:attachment":[{"href":"https:\/\/www.ramatuelle-tourisme.com\/it\/wp-json\/wp\/v2\/media?parent=3733"}],"curies":[{"name":"wp","href":"https:\/\/api.w.org\/{rel}","templated":true}]}}