{"id":3723,"date":"2019-08-02T11:15:51","date_gmt":"2019-08-02T09:15:51","guid":{"rendered":"https:\/\/www.ramatuelle-tourisme.com\/?page_id=3723"},"modified":"2019-08-06T12:29:21","modified_gmt":"2019-08-06T10:29:21","slug":"la-sultanine","status":"publish","type":"page","link":"https:\/\/www.ramatuelle-tourisme.com\/it\/alla-scoperta-della-penisola\/lato-al-naturale\/i-vigneti\/la-sultanine\/","title":{"rendered":"La Sultanine"},"content":{"rendered":"\n<p>Condiviso tra Ramatuelle e la Croix Valmer, il vigneto de La Sultanine \u00e8 uno dei pi\u00f9 piccoli di Provence con i suoi 4.5 ettari. La cantina dove si trovano gli vini \u00e8 situata al Sellettes e \u00e8 alla scala di questo vignetto. I viticoltori Christian Chauvet e Benjamin Courtin producono 4 variet\u00e0 in agricoltura biologica. La produzione \u00e8 da scoprire agli Sellettes con la variet\u00e0 &#8220;Benardine&#8221;: ros\u00e9 (vitigni grenache, cinsault e tibouren) e rosso (syrah e grenache) e le variet\u00e0 numero 1 : rosso (grenache) e bianco (s\u00e9millon e rolle), invecchiati in fusti di rovere di 8 e 12 mesi.<br><br> Su appuntamento al 06 09 02 17 43. <\/p>\n","protected":false},"excerpt":{"rendered":"<p>Condiviso tra Ramatuelle e la Croix Valmer, il vigneto de La Sultanine \u00e8 uno dei pi\u00f9 piccoli di Provence con i suoi 4.5 ettari. La cantina dove si trovano gli vini \u00e8 situata al Sellettes e \u00e8 alla scala di questo vignetto. I viticoltori Christian Chauvet e Benjamin Courtin producono 4 variet\u00e0 in agricoltura biologica.<a class=\"excerpt-read-more\" href=\"https:\/\/www.ramatuelle-tourisme.com\/it\/alla-scoperta-della-penisola\/lato-al-naturale\/i-vigneti\/la-sultanine\/\" title=\"ReadLa Sultanine\">&#8230; Read more &raquo;<\/a><\/p>\n","protected":false},"author":1,"featured_media":3272,"parent":698,"menu_order":327,"comment_status":"closed","ping_status":"closed","template":"","meta":{"_acf_changed":false,"footnotes":""},"class_list":["post-3723","page","type-page","status-publish","has-post-thumbnail","hentry"],"acf":{"gallery":false,"black__white":false,"type_daffichage":"diamant","nugget":false},"aioseo_notices":[],"_links":{"self":[{"href":"https:\/\/www.ramatuelle-tourisme.com\/it\/wp-json\/wp\/v2\/pages\/3723","targetHints":{"allow":["GET"]}}],"collection":[{"href":"https:\/\/www.ramatuelle-tourisme.com\/it\/wp-json\/wp\/v2\/pages"}],"about":[{"href":"https:\/\/www.ramatuelle-tourisme.com\/it\/wp-json\/wp\/v2\/types\/page"}],"author":[{"embeddable":true,"href":"https:\/\/www.ramatuelle-tourisme.com\/it\/wp-json\/wp\/v2\/users\/1"}],"replies":[{"embeddable":true,"href":"https:\/\/www.ramatuelle-tourisme.com\/it\/wp-json\/wp\/v2\/comments?post=3723"}],"version-history":[{"count":3,"href":"https:\/\/www.ramatuelle-tourisme.com\/it\/wp-json\/wp\/v2\/pages\/3723\/revisions"}],"predecessor-version":[{"id":3732,"href":"https:\/\/www.ramatuelle-tourisme.com\/it\/wp-json\/wp\/v2\/pages\/3723\/revisions\/3732"}],"up":[{"embeddable":true,"href":"https:\/\/www.ramatuelle-tourisme.com\/it\/wp-json\/wp\/v2\/pages\/698"}],"wp:featuredmedia":[{"embeddable":true,"href":"https:\/\/www.ramatuelle-tourisme.com\/it\/wp-json\/wp\/v2\/media\/3272"}],"wp:attachment":[{"href":"https:\/\/www.ramatuelle-tourisme.com\/it\/wp-json\/wp\/v2\/media?parent=3723"}],"curies":[{"name":"wp","href":"https:\/\/api.w.org\/{rel}","templated":true}]}}