{"id":1017,"date":"2017-04-06T22:24:54","date_gmt":"2017-04-06T20:24:54","guid":{"rendered":"http:\/\/www.ramatuelle-tourisme.com\/?page_id=1017\/"},"modified":"2019-08-01T01:23:16","modified_gmt":"2019-07-31T23:23:16","slug":"terra-daccoglienza","status":"publish","type":"page","link":"https:\/\/www.ramatuelle-tourisme.com\/it\/condividere-le-emozioni\/terra-daccoglienza\/","title":{"rendered":"Terra d&#8217;accoglienza"},"content":{"rendered":"<p>Al suono delle cicale l&#8217;accoglienza \u00e8 sempre calorosa. Troverete sempre un servizio in grado di rendere il vostro soggiorno piacevole. Ramatuelle \u00e8 un dipinto vivente con un passato prestigioso che lascer\u00e0 un&#8217;impronta indelebile nell&#8217;album dei vostri ricordi.<\/p>\n","protected":false},"excerpt":{"rendered":"<p>Al suono delle cicale l&#8217;accoglienza \u00e8 sempre calorosa. Troverete sempre un servizio in grado di rendere il vostro soggiorno piacevole. Ramatuelle \u00e8 un dipinto vivente con un passato prestigioso che lascer\u00e0 un&#8217;impronta indelebile nell&#8217;album dei vostri ricordi.<\/p>\n","protected":false},"author":1,"featured_media":0,"parent":974,"menu_order":220,"comment_status":"closed","ping_status":"closed","template":"single-terre-d-accueil.php","meta":{"_acf_changed":false,"footnotes":""},"class_list":["post-1017","page","type-page","status-publish","hentry"],"acf":{"black__white":true,"nugget":false,"type_daffichage":"default","gallery":[{"ID":2828,"id":2828,"title":"terre-daccueil","filename":"terre-daccueil.jpg","filesize":600630,"url":"https:\/\/www.ramatuelle-tourisme.com\/wp-content\/uploads\/2019\/01\/terre-daccueil.jpg","link":"https:\/\/www.ramatuelle-tourisme.com\/it\/condividere-le-emozioni\/terra-daccoglienza\/terre-daccueil-2\/","alt":"","author":"1","description":"","caption":"","name":"terre-daccueil-2","status":"inherit","uploaded_to":1017,"date":"2019-01-08 22:11:07","modified":"2019-07-31 23:23:15","menu_order":0,"mime_type":"image\/jpeg","type":"image","subtype":"jpeg","icon":"https:\/\/www.ramatuelle-tourisme.com\/wp-includes\/images\/media\/default.png","width":1920,"height":1280,"sizes":{"thumbnail":"https:\/\/www.ramatuelle-tourisme.com\/wp-content\/uploads\/2019\/01\/terre-daccueil-150x150.jpg","thumbnail-width":150,"thumbnail-height":150,"medium":"https:\/\/www.ramatuelle-tourisme.com\/wp-content\/uploads\/2019\/01\/terre-daccueil-300x200.jpg","medium-width":300,"medium-height":200,"medium_large":"https:\/\/www.ramatuelle-tourisme.com\/wp-content\/uploads\/2019\/01\/terre-daccueil-768x512.jpg","medium_large-width":768,"medium_large-height":512,"large":"https:\/\/www.ramatuelle-tourisme.com\/wp-content\/uploads\/2019\/01\/terre-daccueil-1024x683.jpg","large-width":1024,"large-height":683,"1536x1536":"https:\/\/www.ramatuelle-tourisme.com\/wp-content\/uploads\/2019\/01\/terre-daccueil.jpg","1536x1536-width":1536,"1536x1536-height":1024,"2048x2048":"https:\/\/www.ramatuelle-tourisme.com\/wp-content\/uploads\/2019\/01\/terre-daccueil.jpg","2048x2048-width":1920,"2048x2048-height":1280,"post-thumbnail":"https:\/\/www.ramatuelle-tourisme.com\/wp-content\/uploads\/2019\/01\/terre-daccueil-125x125.jpg","post-thumbnail-width":125,"post-thumbnail-height":125,"small_large":"https:\/\/www.ramatuelle-tourisme.com\/wp-content\/uploads\/2019\/01\/terre-daccueil.jpg","small_large-width":300,"small_large-height":200,"thumb_370_247":"https:\/\/www.ramatuelle-tourisme.com\/wp-content\/uploads\/2019\/01\/terre-daccueil.jpg","thumb_370_247-width":370,"thumb_370_247-height":247}}],"liens_ancrage":false},"aioseo_notices":[],"_links":{"self":[{"href":"https:\/\/www.ramatuelle-tourisme.com\/it\/wp-json\/wp\/v2\/pages\/1017","targetHints":{"allow":["GET"]}}],"collection":[{"href":"https:\/\/www.ramatuelle-tourisme.com\/it\/wp-json\/wp\/v2\/pages"}],"about":[{"href":"https:\/\/www.ramatuelle-tourisme.com\/it\/wp-json\/wp\/v2\/types\/page"}],"author":[{"embeddable":true,"href":"https:\/\/www.ramatuelle-tourisme.com\/it\/wp-json\/wp\/v2\/users\/1"}],"replies":[{"embeddable":true,"href":"https:\/\/www.ramatuelle-tourisme.com\/it\/wp-json\/wp\/v2\/comments?post=1017"}],"version-history":[{"count":2,"href":"https:\/\/www.ramatuelle-tourisme.com\/it\/wp-json\/wp\/v2\/pages\/1017\/revisions"}],"predecessor-version":[{"id":3718,"href":"https:\/\/www.ramatuelle-tourisme.com\/it\/wp-json\/wp\/v2\/pages\/1017\/revisions\/3718"}],"up":[{"embeddable":true,"href":"https:\/\/www.ramatuelle-tourisme.com\/it\/wp-json\/wp\/v2\/pages\/974"}],"wp:attachment":[{"href":"https:\/\/www.ramatuelle-tourisme.com\/it\/wp-json\/wp\/v2\/media?parent=1017"}],"curies":[{"name":"wp","href":"https:\/\/api.w.org\/{rel}","templated":true}]}}