{"id":9031,"date":"2022-07-18T18:00:47","date_gmt":"2022-07-18T16:00:47","guid":{"rendered":"https:\/\/www.ramatuelle-tourisme.com\/?page_id=9031"},"modified":"2025-09-25T10:46:07","modified_gmt":"2025-09-25T08:46:07","slug":"gerard-philipe","status":"publish","type":"page","link":"https:\/\/www.ramatuelle-tourisme.com\/fr\/gerard-philipe\/","title":{"rendered":"G\u00e9rard Philipe"},"content":{"rendered":"\n<p class=\"has-text-align-center has-vivid-cyan-blue-color has-pale-cyan-blue-background-color has-text-color has-background has-medium-font-size\"><strong>Exposition PROMENADE A RAMATUELLE AVEC GERARD PHILIPE<\/strong><\/p>\n\n\n\n<p class=\"has-text-align-center has-vivid-cyan-blue-color has-pale-cyan-blue-background-color has-text-color has-background has-medium-font-size\"><strong>Retrouvez les photos en tirages d&rsquo;art grand format dans les ruelles du village.<\/strong><\/p>\n\n\n\n<p class=\"has-text-align-center has-vivid-cyan-blue-color has-pale-cyan-blue-background-color has-text-color has-background has-medium-font-size\"><a rel=\"noreferrer noopener\" href=\"https:\/\/www.ramatuelle-tourisme.com\/wp-content\/uploads\/2022\/08\/Livret-Promenade-Ge\u0301rard-Philipe-2022.pdf\" data-type=\"URL\" data-id=\"https:\/\/www.ramatuelle-tourisme.com\/wp-content\/uploads\/2022\/08\/Livret-Promenade-Ge\u0301rard-Philipe-2022.pdf\" target=\"_blank\"><strong>T\u00e9l<\/strong><\/a><a rel=\"noreferrer noopener\" href=\"https:\/\/www.ramatuelle-tourisme.com\/wp-content\/uploads\/2022\/08\/Livret-Promenade-Ge\u0301rard-Philipe-2022.pdf\" data-type=\"URL\" data-id=\"https:\/\/www.ramatuelle-tourisme.com\/wp-content\/uploads\/2022\/08\/Livret-Promenade-Ge\u0301rard-Philipe-2022.pdf\" target=\"_blank\"><strong>\u00e9chargez le livret de l&rsquo;exposition<\/strong><\/a><br>ou retirez-le \u00e0 l&rsquo;Office de Tourisme, place de l&rsquo;Ormeau.<\/p>\n\n\n\n<p><\/p>\n\n\n\n<p>G\u00e9rard Philipe est un grand acteur fran\u00e7ais n\u00e9 le 4 d\u00e9cembre 1922&nbsp; et d\u00e9c\u00e9d\u00e9 le 25 novembre 1959, en pleine gloire et \u00e2g\u00e9 de 36 ans seulement. Suivant la volont\u00e9 de la famille, sa tombe est l&rsquo;une des plus sobre du petit cimeti\u00e8re de Ramatuelle. Longtemps recouverte de lierre, elle est aujourd&rsquo;hui par\u00e9e d&rsquo;une simple plaque de marbre. La tombe voisine, qui abrite un ami de la famille, a \u00e9t\u00e9 restaur\u00e9e en m\u00eame temps ce qui explique la similitude.<\/p>\n\n\n\n<p>G\u00e9rard Philipe venait \u00e0 Ramatuelle dans la maison de sa belle-famille principalement pendant les vacances avec sa femme Anne et leurs deux enfants. Cette maison ne se visite pas.<\/p>\n\n\n\n<p>G\u00e9rard Philipe \u00e9tait pr\u00e9sent lors de l&rsquo;inauguration de la cave coop\u00e9rative de Ramatuelle en avril 1957.<\/p>\n\n\n\n<figure class=\"wp-block-image aligncenter\"><img loading=\"lazy\" decoding=\"async\" width=\"201\" height=\"300\" src=\"https:\/\/www.ramatuelle-tourisme.com\/wp-content\/uploads\/2022\/07\/Photo-GP-Cooperative-Encadree-Olivier-Vignette-BC-201x300.jpg\" alt=\"\" class=\"wp-image-9067\" srcset=\"https:\/\/www.ramatuelle-tourisme.com\/wp-content\/uploads\/2022\/07\/Photo-GP-Cooperative-Encadree-Olivier-Vignette-BC-201x300.jpg 201w, https:\/\/www.ramatuelle-tourisme.com\/wp-content\/uploads\/2022\/07\/Photo-GP-Cooperative-Encadree-Olivier-Vignette-BC-784x1170.jpg 784w, https:\/\/www.ramatuelle-tourisme.com\/wp-content\/uploads\/2022\/07\/Photo-GP-Cooperative-Encadree-Olivier-Vignette-BC-768x1146.jpg 768w, https:\/\/www.ramatuelle-tourisme.com\/wp-content\/uploads\/2022\/07\/Photo-GP-Cooperative-Encadree-Olivier-Vignette-BC-1029x1536.jpg 1029w, https:\/\/www.ramatuelle-tourisme.com\/wp-content\/uploads\/2022\/07\/Photo-GP-Cooperative-Encadree-Olivier-Vignette-BC-1372x2048.jpg 1372w, https:\/\/www.ramatuelle-tourisme.com\/wp-content\/uploads\/2022\/07\/Photo-GP-Cooperative-Encadree-Olivier-Vignette-BC-300x448.jpg 300w, https:\/\/www.ramatuelle-tourisme.com\/wp-content\/uploads\/2022\/07\/Photo-GP-Cooperative-Encadree-Olivier-Vignette-BC-scaled.jpg 1715w\" sizes=\"auto, (max-width: 201px) 100vw, 201px\" \/><\/figure>\n\n\n\n<p>Le groupe scolaire de la commune, inaugur\u00e9 en 1982 en pr\u00e9sence d&rsquo;Anne Philipe, porte son nom.<\/p>\n\n\n\n<p>De l&rsquo;avis de tous, G\u00e9rard Philipe aimait ses moments pass\u00e9s \u00e0 Ramatuelle. Souriant, aimable, accessible, il \u00e9tait ador\u00e9 de la population locale. Sa venue a \u00e9galement une importante cons\u00e9quence sur le plan culturel puisqu&rsquo;en 1985, \u00e0 l&rsquo;initiative de Jacqueline Franjou et sous la direction artistique de Jean-Claude Brialy, est n\u00e9 le Festival G\u00e9rard Philipe rebaptis\u00e9 en 1992 Festival de Th\u00e9\u00e2tre et Vari\u00e9t\u00e9s de Ramatuelle, aujourd&rsquo;hui Festival de Ramatuelle. Apr\u00e8s la disparition de Jean-Claude Brialy, c&rsquo;est Michel Boujenah qui lui a succ\u00e9d\u00e9 au poste de directeur artistique \u00e0 partir de 2008.<\/p>\n\n\n\n<p>En 2022, ann\u00e9e du centenaire de la naissance de G\u00e9rard Philipe, une exposition de photos en plein air a \u00e9t\u00e9 organis\u00e9e dans le village.<\/p>\n\n\n\n<p>Par ailleurs, une soir\u00e9e hommage est programm\u00e9e chaque ann\u00e9e le jour de son anniversaire, le 4 d\u00e9cembre, avec la projection d&rsquo;un film.<\/p>\n\n\n\n<p class=\"has-text-align-center has-luminous-vivid-amber-background-color has-background\"><a rel=\"noreferrer noopener\" href=\"https:\/\/www.ramatuelle-tourisme.com\/wp-content\/uploads\/2018\/11\/3-volets-G\u00e9rard-Philipe-OK-2018-1.pdf\" target=\"_blank\"><strong>T\u00e9l\u00e9chargez la brochure G\u00e9rard Philipe de l&rsquo;Office de Tourisme<\/strong><\/a><\/p>\n","protected":false},"excerpt":{"rendered":"<p>Exposition PROMENADE A RAMATUELLE AVEC GERARD PHILIPE Retrouvez les photos en tirages d&rsquo;art grand format dans les ruelles du village. T\u00e9l\u00e9chargez le livret de l&rsquo;expositionou retirez-le \u00e0 l&rsquo;Office de Tourisme, place de l&rsquo;Ormeau. G\u00e9rard Philipe est un grand acteur fran\u00e7ais n\u00e9 le 4 d\u00e9cembre 1922&nbsp; et d\u00e9c\u00e9d\u00e9 le 25 novembre 1959, en pleine gloire et<a class=\"excerpt-read-more\" href=\"https:\/\/www.ramatuelle-tourisme.com\/fr\/gerard-philipe\/\" title=\"ReadG\u00e9rard Philipe\">&#8230; Read more &raquo;<\/a><\/p>\n","protected":false},"author":1,"featured_media":0,"parent":0,"menu_order":3,"comment_status":"closed","ping_status":"closed","template":"","meta":{"_acf_changed":false,"footnotes":""},"class_list":["post-9031","page","type-page","status-publish","hentry"],"acf":{"type_daffichage":"default","nugget":[{"id":"","titre":"","sous-titre":"","texte":"","lien":"","lien_interne":"","lien_label":"","lien_reservation":"","lien_reservation_label":"","image":false,"document":false,"logo":false,"copyright":"","vertical":false,"video":"","langue":[]}],"gallery":false,"black__white":false,"liens_ancrage":false,"autoplay":true,"delay":"4000"},"aioseo_notices":[],"_links":{"self":[{"href":"https:\/\/www.ramatuelle-tourisme.com\/fr\/wp-json\/wp\/v2\/pages\/9031","targetHints":{"allow":["GET"]}}],"collection":[{"href":"https:\/\/www.ramatuelle-tourisme.com\/fr\/wp-json\/wp\/v2\/pages"}],"about":[{"href":"https:\/\/www.ramatuelle-tourisme.com\/fr\/wp-json\/wp\/v2\/types\/page"}],"author":[{"embeddable":true,"href":"https:\/\/www.ramatuelle-tourisme.com\/fr\/wp-json\/wp\/v2\/users\/1"}],"replies":[{"embeddable":true,"href":"https:\/\/www.ramatuelle-tourisme.com\/fr\/wp-json\/wp\/v2\/comments?post=9031"}],"version-history":[{"count":13,"href":"https:\/\/www.ramatuelle-tourisme.com\/fr\/wp-json\/wp\/v2\/pages\/9031\/revisions"}],"predecessor-version":[{"id":17835,"href":"https:\/\/www.ramatuelle-tourisme.com\/fr\/wp-json\/wp\/v2\/pages\/9031\/revisions\/17835"}],"wp:attachment":[{"href":"https:\/\/www.ramatuelle-tourisme.com\/fr\/wp-json\/wp\/v2\/media?parent=9031"}],"curies":[{"name":"wp","href":"https:\/\/api.w.org\/{rel}","templated":true}]}}