{"id":8964,"date":"2022-07-09T00:15:21","date_gmt":"2022-07-08T22:15:21","guid":{"rendered":"https:\/\/www.ramatuelle-tourisme.com\/?page_id=8964"},"modified":"2026-03-11T09:21:26","modified_gmt":"2026-03-11T08:21:26","slug":"que-faire-quand-il-pleut","status":"publish","type":"page","link":"https:\/\/www.ramatuelle-tourisme.com\/fr\/vos-questions-nos-reponses\/que-faire-quand-il-pleut\/","title":{"rendered":"Que faire quand il pleut\u00a0?"},"content":{"rendered":"\n<p>Faire <a href=\"https:\/\/www.ramatuelle-tourisme.com\/fr\/produits-du-terroir-vin-huile-d-olive\/\">une visite de cave et une d\u00e9gustation<\/a> (avec mod\u00e9ration) et aux alentours : mus\u00e9es de Saint-Tropez, d\u00e9couverte fabrication de pipes \u00e0 Cogolin, bowling du Golfe, cin\u00e9ma (Sainte-Maxime, Saint-Tropez, Cogolin) ou encore faire quelques emplettes de produits locaux (Maison des confitures \u00e0 Gassin, Atelier Proven\u00e7al \u00e0 Cogolin)<\/p>\n","protected":false},"excerpt":{"rendered":"<p>Faire une visite de cave et une d\u00e9gustation (avec mod\u00e9ration) et aux alentours : mus\u00e9es de Saint-Tropez, d\u00e9couverte fabrication de pipes \u00e0 Cogolin, bowling du Golfe, cin\u00e9ma (Sainte-Maxime, Saint-Tropez, Cogolin) ou encore faire quelques emplettes de produits locaux (Maison des confitures \u00e0 Gassin, Atelier Proven\u00e7al \u00e0 Cogolin)<\/p>\n","protected":false},"author":2,"featured_media":8927,"parent":5386,"menu_order":28,"comment_status":"closed","ping_status":"closed","template":"","meta":{"_acf_changed":false,"footnotes":""},"class_list":["post-8964","page","type-page","status-publish","has-post-thumbnail","hentry"],"acf":{"gallery":false,"type_daffichage":"saphir","nugget":false,"black__white":false,"liens_ancrage":false,"autoplay":true,"delay":"4000"},"aioseo_notices":[],"_links":{"self":[{"href":"https:\/\/www.ramatuelle-tourisme.com\/fr\/wp-json\/wp\/v2\/pages\/8964","targetHints":{"allow":["GET"]}}],"collection":[{"href":"https:\/\/www.ramatuelle-tourisme.com\/fr\/wp-json\/wp\/v2\/pages"}],"about":[{"href":"https:\/\/www.ramatuelle-tourisme.com\/fr\/wp-json\/wp\/v2\/types\/page"}],"author":[{"embeddable":true,"href":"https:\/\/www.ramatuelle-tourisme.com\/fr\/wp-json\/wp\/v2\/users\/2"}],"replies":[{"embeddable":true,"href":"https:\/\/www.ramatuelle-tourisme.com\/fr\/wp-json\/wp\/v2\/comments?post=8964"}],"version-history":[{"count":3,"href":"https:\/\/www.ramatuelle-tourisme.com\/fr\/wp-json\/wp\/v2\/pages\/8964\/revisions"}],"predecessor-version":[{"id":17841,"href":"https:\/\/www.ramatuelle-tourisme.com\/fr\/wp-json\/wp\/v2\/pages\/8964\/revisions\/17841"}],"up":[{"embeddable":true,"href":"https:\/\/www.ramatuelle-tourisme.com\/fr\/wp-json\/wp\/v2\/pages\/5386"}],"wp:featuredmedia":[{"embeddable":true,"href":"https:\/\/www.ramatuelle-tourisme.com\/fr\/wp-json\/wp\/v2\/media\/8927"}],"wp:attachment":[{"href":"https:\/\/www.ramatuelle-tourisme.com\/fr\/wp-json\/wp\/v2\/media?parent=8964"}],"curies":[{"name":"wp","href":"https:\/\/api.w.org\/{rel}","templated":true}]}}