{"id":83,"date":"2016-11-24T19:44:13","date_gmt":"2016-11-24T18:44:13","guid":{"rendered":"http:\/\/www.ramatuelle-tourisme.com\/?page_id=83"},"modified":"2025-09-25T10:51:25","modified_gmt":"2025-09-25T08:51:25","slug":"la-faune","status":"publish","type":"page","link":"https:\/\/www.ramatuelle-tourisme.com\/fr\/decouvrir-la-presquile\/cote-mer\/la-faune\/","title":{"rendered":"La faune"},"content":{"rendered":"<p>De nombreuses esp\u00e8ces d&rsquo;oiseaux se c\u00f4toient sur notre territoire telles que la pie bavarde, le geai, la corneille noire, le corbeau, le rouge gorge, les grives et les oiseaux de bord de mer et du littoral.<\/p>\n","protected":false},"excerpt":{"rendered":"<p>De nombreuses esp\u00e8ces d&rsquo;oiseaux se c\u00f4toient sur notre territoire telles que la pie bavarde, le geai, la corneille noire, le corbeau, le rouge gorge, les grives et les oiseaux de bord de mer et du littoral.<\/p>\n","protected":false},"author":1,"featured_media":495,"parent":21,"menu_order":211,"comment_status":"closed","ping_status":"closed","template":"single-cote.php","meta":{"_acf_changed":false,"footnotes":""},"class_list":["post-83","page","type-page","status-publish","has-post-thumbnail","hentry"],"acf":{"black__white":false,"nugget":[{"id":"","titre":"","sous-titre":"","texte":"<p>Sur la c\u00f4te rocheuse en longeant le sentier du littoral on trouve principalement le Go\u00e9land leucoph\u00e9e, appel\u00e9 en proven\u00e7al gabian : bec jaune marqu\u00e9 de rouge au bout de la mandibule inf\u00e9rieure, pattes jaunes chez l'adulte. Le go\u00e9land passe par plusieurs plumages de l'\u00e9tat juv\u00e9nile \u00e0 l'\u00e9tat adulte.<\/p>\n<p>Jeune il est plut\u00f4t dans les tons de brun, ce qui lui donne un aspect sale, avec un bec noir\u00e2tre et des pattes ros\u00e2tres. Adulte, il est d'un blanc immacul\u00e9 sur le corps, le dessous des ailes, la t\u00eate et la queue, gris sur le dessus des ailes aux extr\u00e9mit\u00e9s noires tach\u00e9es de blanc. Vous pourrez l\u2019apercevoir au Rocher des Portes sur la c\u00f4te rocheuse du Cap Camarat.<\/p>\n","lien":"","lien_interne":"","lien_label":"","lien_reservation":"","lien_reservation_label":"","image":false,"document":false,"logo":false,"copyright":"","vertical":false,"video":"","langue":[]},{"id":"","titre":"","sous-titre":"","texte":"<p>Le grand Cormoran, enti\u00e8rement noir, passe l'hiver sur nos rivages. A la bonne saison d'avril \u00e0 octobre, il part sur les lieux de nidification du littoral breton et des c\u00f4tes scandinaves. On le rencontre souvent dress\u00e9 sur ses pattes avec les ailes \u00e9cart\u00e9es dans une position qualifi\u00e9e d\u2019h\u00e9raldique. Cette position lui permet de se s\u00e9cher les ailes.<\/p>\n","lien":"","lien_interne":"","lien_label":"","lien_reservation":"","lien_reservation_label":"","image":{"ID":118,"id":118,"title":"grand-cormoran","filename":"grand-cormoran.jpg","filesize":300963,"url":"https:\/\/www.ramatuelle-tourisme.com\/wp-content\/uploads\/2016\/11\/grand-cormoran.jpg","link":"https:\/\/www.ramatuelle-tourisme.com\/fr\/decouvrir-la-presquile\/cote-mer\/la-faune\/grand-cormoran\/","alt":"","author":"1","description":"","caption":"","name":"grand-cormoran","status":"inherit","uploaded_to":83,"date":"2016-11-27 16:10:12","modified":"2017-03-02 21:24:13","menu_order":0,"mime_type":"image\/jpeg","type":"image","subtype":"jpeg","icon":"https:\/\/www.ramatuelle-tourisme.com\/wp-includes\/images\/media\/default.png","width":1920,"height":1080,"sizes":{"thumbnail":"https:\/\/www.ramatuelle-tourisme.com\/wp-content\/uploads\/2016\/11\/grand-cormoran-150x150.jpg","thumbnail-width":150,"thumbnail-height":150,"medium":"https:\/\/www.ramatuelle-tourisme.com\/wp-content\/uploads\/2016\/11\/grand-cormoran-300x169.jpg","medium-width":300,"medium-height":169,"medium_large":"https:\/\/www.ramatuelle-tourisme.com\/wp-content\/uploads\/2016\/11\/grand-cormoran-768x432.jpg","medium_large-width":768,"medium_large-height":432,"large":"https:\/\/www.ramatuelle-tourisme.com\/wp-content\/uploads\/2016\/11\/grand-cormoran-1170x658.jpg","large-width":1170,"large-height":658,"1536x1536":"https:\/\/www.ramatuelle-tourisme.com\/wp-content\/uploads\/2016\/11\/grand-cormoran-1536x864.jpg","1536x1536-width":1536,"1536x1536-height":864,"2048x2048":"https:\/\/www.ramatuelle-tourisme.com\/wp-content\/uploads\/2016\/11\/grand-cormoran.jpg","2048x2048-width":1920,"2048x2048-height":1080,"post-thumbnail":"https:\/\/www.ramatuelle-tourisme.com\/wp-content\/uploads\/2016\/11\/grand-cormoran-125x125.jpg","post-thumbnail-width":125,"post-thumbnail-height":125,"small_large":"https:\/\/www.ramatuelle-tourisme.com\/wp-content\/uploads\/2016\/11\/grand-cormoran-300x169.jpg","small_large-width":300,"small_large-height":169,"thumb_370_247":"https:\/\/www.ramatuelle-tourisme.com\/wp-content\/uploads\/2016\/11\/grand-cormoran-370x247.jpg","thumb_370_247-width":370,"thumb_370_247-height":247}},"document":false,"logo":false,"copyright":"Zeynel Cebeci @wikimedia.org","vertical":false,"video":"","langue":[]},{"id":"","titre":"","sous-titre":"","texte":"<p>En M\u00e9diterran\u00e9e, il existe plusieurs esp\u00e8ces d'oiseaux proches du Go\u00e9land leucoph\u00e9e de la famille des Larid\u00e9s : le Go\u00e9land brun (aux ailes sombres), le Go\u00e9land railleur (au bec rouge), la Mouette rieuse (t\u00eate marron fonc\u00e9), la Mouette m\u00e9lanoc\u00e9phale (t\u00eate noire), la Mouette pygm\u00e9e (toute petite), la Sterne, aussi appel\u00e9e hirondelle de mer, la Sterne pierregarin (au bec rouge), la Sterne caujek (au bec noir \u00e0 pointe jaune), la Sterne naine (petite au bec jaune \u00e0 pointe noire).<\/p>\n<p>Au printemps, vous d\u00e9couvrirez le merlin bleu appel\u00e9 aussi Monticole bleu. Cet oiseau tr\u00e8s farouche niche sur les rochers qui dominent la maison des douanes, d'o\u00f9 il est observable avec des jumelles. Le m\u00e2le, d'une couleur bleu sombre, est visible \u00e0 la fin de l'hiver car il fait beau, pendant que la femelle couve ses petits, bien \u00e0 l'abri dans un creux de rocher.<\/p>\n","lien":"","lien_interne":"","lien_label":"","lien_reservation":"","lien_reservation_label":"","image":{"ID":87,"id":87,"title":"camarat","filename":"camarat.jpg","filesize":2439,"url":"https:\/\/www.ramatuelle-tourisme.com\/wp-content\/uploads\/2016\/11\/camarat.jpg","link":"https:\/\/www.ramatuelle-tourisme.com\/fr\/decouvrir-la-presquile\/cote-mer\/la-faune\/camarat\/","alt":"","author":"1","description":"","caption":"","name":"camarat","status":"inherit","uploaded_to":83,"date":"2016-11-25 20:10:42","modified":"2017-03-02 21:25:32","menu_order":0,"mime_type":"image\/jpeg","type":"image","subtype":"jpeg","icon":"https:\/\/www.ramatuelle-tourisme.com\/wp-includes\/images\/media\/default.png","width":1400,"height":1920,"sizes":{"thumbnail":"https:\/\/www.ramatuelle-tourisme.com\/wp-content\/uploads\/2016\/11\/camarat-150x150.jpg","thumbnail-width":150,"thumbnail-height":150,"medium":"https:\/\/www.ramatuelle-tourisme.com\/wp-content\/uploads\/2016\/11\/camarat-219x300.jpg","medium-width":219,"medium-height":300,"medium_large":"https:\/\/www.ramatuelle-tourisme.com\/wp-content\/uploads\/2016\/11\/camarat-768x1053.jpg","medium_large-width":768,"medium_large-height":1053,"large":"https:\/\/www.ramatuelle-tourisme.com\/wp-content\/uploads\/2016\/11\/camarat-747x1024.jpg","large-width":747,"large-height":1024,"1536x1536":"https:\/\/www.ramatuelle-tourisme.com\/wp-content\/uploads\/2016\/11\/camarat.jpg","1536x1536-width":1120,"1536x1536-height":1536,"2048x2048":"https:\/\/www.ramatuelle-tourisme.com\/wp-content\/uploads\/2016\/11\/camarat.jpg","2048x2048-width":1400,"2048x2048-height":1920,"post-thumbnail":"https:\/\/www.ramatuelle-tourisme.com\/wp-content\/uploads\/2016\/11\/camarat-125x125.jpg","post-thumbnail-width":125,"post-thumbnail-height":125,"small_large":"https:\/\/www.ramatuelle-tourisme.com\/wp-content\/uploads\/2016\/11\/camarat-e1483895377492-300x300.jpg","small_large-width":300,"small_large-height":300,"thumb_370_247":"https:\/\/www.ramatuelle-tourisme.com\/wp-content\/uploads\/2016\/11\/camarat-e1483895377492-370x247.jpg","thumb_370_247-width":370,"thumb_370_247-height":247}},"document":false,"logo":false,"copyright":"","vertical":false,"video":"","langue":[]},{"id":"","titre":"","sous-titre":"","texte":"<p>Avec un peu de chance, vous pouvez rencontrer dans les sous-bois des lapins, des renards, des \u00e9cureuils, des sangliers et la c\u00e9l\u00e8bre tortue d\u2019Hermann (esp\u00e8ce prot\u00e9g\u00e9e). Vous pourrez d\u00e9couvrir cette derni\u00e8re au Village des Tortues \u00e0 Gonfaron (40 kilom\u00e8tres de Ramatuelle) o\u00f9 dans un parc de 2 ha, plus de 2500 tortues vivent en paix.<\/p>\n<p>Pour observer ces esp\u00e8ces et en savoir plus sur la faune et la flore, une Balade Nature Comment\u00e9e est organis\u00e9e en saison en compagnie d\u2019un guide naturaliste sur le sentier du littoral. N\u2019h\u00e9sitez pas \u00e0 vous renseigner !<\/p>\n","lien":"","lien_interne":"","lien_label":"","lien_reservation":"","lien_reservation_label":"","image":false,"document":false,"logo":false,"copyright":"","vertical":false,"video":"","langue":[]}],"type_daffichage":"default","liens_ancrage":false,"gallery":false,"autoplay":true,"delay":"4000"},"aioseo_notices":[],"_links":{"self":[{"href":"https:\/\/www.ramatuelle-tourisme.com\/fr\/wp-json\/wp\/v2\/pages\/83","targetHints":{"allow":["GET"]}}],"collection":[{"href":"https:\/\/www.ramatuelle-tourisme.com\/fr\/wp-json\/wp\/v2\/pages"}],"about":[{"href":"https:\/\/www.ramatuelle-tourisme.com\/fr\/wp-json\/wp\/v2\/types\/page"}],"author":[{"embeddable":true,"href":"https:\/\/www.ramatuelle-tourisme.com\/fr\/wp-json\/wp\/v2\/users\/1"}],"replies":[{"embeddable":true,"href":"https:\/\/www.ramatuelle-tourisme.com\/fr\/wp-json\/wp\/v2\/comments?post=83"}],"version-history":[{"count":12,"href":"https:\/\/www.ramatuelle-tourisme.com\/fr\/wp-json\/wp\/v2\/pages\/83\/revisions"}],"predecessor-version":[{"id":10347,"href":"https:\/\/www.ramatuelle-tourisme.com\/fr\/wp-json\/wp\/v2\/pages\/83\/revisions\/10347"}],"up":[{"embeddable":true,"href":"https:\/\/www.ramatuelle-tourisme.com\/fr\/wp-json\/wp\/v2\/pages\/21"}],"wp:featuredmedia":[{"embeddable":true,"href":"https:\/\/www.ramatuelle-tourisme.com\/fr\/wp-json\/wp\/v2\/media\/495"}],"wp:attachment":[{"href":"https:\/\/www.ramatuelle-tourisme.com\/fr\/wp-json\/wp\/v2\/media?parent=83"}],"curies":[{"name":"wp","href":"https:\/\/api.w.org\/{rel}","templated":true}]}}