{"id":81,"date":"2016-11-24T19:43:29","date_gmt":"2016-11-24T18:43:29","guid":{"rendered":"http:\/\/www.ramatuelle-tourisme.com\/?page_id=81"},"modified":"2020-03-13T09:06:39","modified_gmt":"2020-03-13T08:06:39","slug":"les-tresors-caches","status":"publish","type":"page","link":"https:\/\/www.ramatuelle-tourisme.com\/fr\/decouvrir-la-presquile\/cote-mer\/les-tresors-caches\/","title":{"rendered":"Les tr\u00e9sors cach\u00e9s"},"content":{"rendered":"<p>Au-del\u00e0 des plages, partez \u00e0 la rencontre de sites m\u00e9connus.<\/p>\n","protected":false},"excerpt":{"rendered":"<p>Au-del\u00e0 des plages, partez \u00e0 la rencontre de sites m\u00e9connus.<\/p>\n","protected":false},"author":1,"featured_media":499,"parent":21,"menu_order":212,"comment_status":"closed","ping_status":"closed","template":"single-cote.php","meta":{"_acf_changed":false,"footnotes":""},"class_list":["post-81","page","type-page","status-publish","has-post-thumbnail","hentry"],"acf":{"black__white":false,"nugget":false,"type_daffichage":"rubis","gallery":false},"aioseo_notices":[],"_links":{"self":[{"href":"https:\/\/www.ramatuelle-tourisme.com\/fr\/wp-json\/wp\/v2\/pages\/81","targetHints":{"allow":["GET"]}}],"collection":[{"href":"https:\/\/www.ramatuelle-tourisme.com\/fr\/wp-json\/wp\/v2\/pages"}],"about":[{"href":"https:\/\/www.ramatuelle-tourisme.com\/fr\/wp-json\/wp\/v2\/types\/page"}],"author":[{"embeddable":true,"href":"https:\/\/www.ramatuelle-tourisme.com\/fr\/wp-json\/wp\/v2\/users\/1"}],"replies":[{"embeddable":true,"href":"https:\/\/www.ramatuelle-tourisme.com\/fr\/wp-json\/wp\/v2\/comments?post=81"}],"version-history":[{"count":7,"href":"https:\/\/www.ramatuelle-tourisme.com\/fr\/wp-json\/wp\/v2\/pages\/81\/revisions"}],"predecessor-version":[{"id":4418,"href":"https:\/\/www.ramatuelle-tourisme.com\/fr\/wp-json\/wp\/v2\/pages\/81\/revisions\/4418"}],"up":[{"embeddable":true,"href":"https:\/\/www.ramatuelle-tourisme.com\/fr\/wp-json\/wp\/v2\/pages\/21"}],"wp:featuredmedia":[{"embeddable":true,"href":"https:\/\/www.ramatuelle-tourisme.com\/fr\/wp-json\/wp\/v2\/media\/499"}],"wp:attachment":[{"href":"https:\/\/www.ramatuelle-tourisme.com\/fr\/wp-json\/wp\/v2\/media?parent=81"}],"curies":[{"name":"wp","href":"https:\/\/api.w.org\/{rel}","templated":true}]}}