{"id":79,"date":"2016-11-24T19:25:55","date_gmt":"2016-11-24T18:25:55","guid":{"rendered":"http:\/\/www.ramatuelle-tourisme.com\/?page_id=79"},"modified":"2018-01-03T15:51:44","modified_gmt":"2018-01-03T14:51:44","slug":"pampelonne-lorigine-du-mythe-tropezien","status":"publish","type":"page","link":"https:\/\/www.ramatuelle-tourisme.com\/fr\/decouvrir-la-presquile\/cote-mer\/plages-et-criques-secretes\/pampelonne-lorigine-du-mythe-tropezien\/","title":{"rendered":"Pampelonne : L&rsquo;origine du mythe trop\u00e9zien"},"content":{"rendered":"<p>Situ\u00e9e sur la commune de Ramatuelle, <strong>la Plage de Pampelonne,<\/strong> espace de 27 ha, est \u00e0 l\u2019origine du \u00ab mythe trop\u00e9zien \u00bb. Fr\u00e9quent\u00e9e par la jet-set, elle est devenue l&rsquo;une des plus c\u00e9l\u00e8bres au monde.<\/p>\n<p>Trois \u00e9tablissements ont principalement forg\u00e9 cette notori\u00e9t\u00e9\u00a0:<\/p>\n<p>\u2013 <strong>\u00ab\u00a0Tahiti Plage\u00a0\u00bb install\u00e9 en 1946<\/strong> en utilisant le d\u00e9cor en bambou laiss\u00e9 par les Studios de La Victorine, apr\u00e8s le tournage, en 1935, du film \u00ab\u00a0Chant des \u00eeles\u00a0\u00bb de Georges Manae.<\/p>\n<p><strong>\u2013 Le \u00ab\u00a0Club 55\u00a0\u00bb (cr\u00e9\u00e9 en 1955)<\/strong>, qui, d\u2019une simple cantine install\u00e9e pour l\u2019\u00e9quipe du tournage du film mythique<strong> \u00ab\u00a0Et Dieu cr\u00e9a la femme\u00a0\u00bb <\/strong>avec Brigitte Bardot, est devenu un restaurant r\u00e9put\u00e9 et un rendez-vous incontournable \u00e0 Pampelonne.<\/p>\n<p><strong>\u2013 \u00ab\u00a0L\u2019Epi Plage \u00bb<\/strong>, con\u00e7u par Jean Castel et Albert Debarge, en 1960, comme un \u00e9cho baln\u00e9aire de l\u2019Epi-Club \u00e0 Saint-Germain-des-Pr\u00e8s, l\u2019\u00e9tablissement fut imm\u00e9diatement \u00e0 la une des m\u00e9dias en raison des joyeuses f\u00eates fr\u00e9quent\u00e9es par les personnalit\u00e9s du cin\u00e9ma, de la mode, de la musique, de la politique.<\/p>\n<p>Ces \u00e9tablissements de plage ont ainsi vu d\u00e9filer toutes les c\u00e9l\u00e9brit\u00e9s du show-biz des ann\u00e9es 50 \u00e0 nos jours. On pourrait citer, dans le d\u00e9sordre, Errol Flynn, Brigitte Bardot, Roger Vadim, Jane Fonda, Mich\u00e8le Morgan, Gilbert Becaud, Sylvester Stallone, Claudia Schiffer, Elton John, Johnny Hallyday, Paris Hilton, Tony Parker ou Bono mais la liste est infinie\u2026<\/p>\n<p>&nbsp;<\/p>\n<div class=\"flex-video\"><iframe loading=\"lazy\" style=\"border: 0;\" src=\"https:\/\/www.youtube.com\/embed\/mgaxMpLTKrc?rel=0\" width=\"420\" height=\"315\" allowfullscreen=\"allowfullscreen\"><\/iframe><\/div>\n","protected":false},"excerpt":{"rendered":"<p>Situ\u00e9e sur la commune de Ramatuelle, la Plage de Pampelonne, espace de 27 ha, est \u00e0 l\u2019origine du \u00ab mythe trop\u00e9zien \u00bb. Fr\u00e9quent\u00e9e par la jet-set, elle est devenue l&rsquo;une des plus c\u00e9l\u00e8bres au monde. Trois \u00e9tablissements ont principalement forg\u00e9 cette notori\u00e9t\u00e9\u00a0: \u2013 \u00ab\u00a0Tahiti Plage\u00a0\u00bb install\u00e9 en 1946 en utilisant le d\u00e9cor en bambou laiss\u00e9<a class=\"excerpt-read-more\" href=\"https:\/\/www.ramatuelle-tourisme.com\/fr\/decouvrir-la-presquile\/cote-mer\/plages-et-criques-secretes\/pampelonne-lorigine-du-mythe-tropezien\/\" title=\"ReadPampelonne : L&rsquo;origine du mythe trop\u00e9zien\">&#8230; Read more &raquo;<\/a><\/p>\n","protected":false},"author":1,"featured_media":492,"parent":76,"menu_order":217,"comment_status":"closed","ping_status":"closed","template":"","meta":{"_acf_changed":false,"footnotes":""},"class_list":["post-79","page","type-page","status-publish","has-post-thumbnail","hentry"],"acf":{"black__white":false,"nugget":false,"type_daffichage":"diamant"},"aioseo_notices":[],"_links":{"self":[{"href":"https:\/\/www.ramatuelle-tourisme.com\/fr\/wp-json\/wp\/v2\/pages\/79","targetHints":{"allow":["GET"]}}],"collection":[{"href":"https:\/\/www.ramatuelle-tourisme.com\/fr\/wp-json\/wp\/v2\/pages"}],"about":[{"href":"https:\/\/www.ramatuelle-tourisme.com\/fr\/wp-json\/wp\/v2\/types\/page"}],"author":[{"embeddable":true,"href":"https:\/\/www.ramatuelle-tourisme.com\/fr\/wp-json\/wp\/v2\/users\/1"}],"replies":[{"embeddable":true,"href":"https:\/\/www.ramatuelle-tourisme.com\/fr\/wp-json\/wp\/v2\/comments?post=79"}],"version-history":[{"count":15,"href":"https:\/\/www.ramatuelle-tourisme.com\/fr\/wp-json\/wp\/v2\/pages\/79\/revisions"}],"predecessor-version":[{"id":5304,"href":"https:\/\/www.ramatuelle-tourisme.com\/fr\/wp-json\/wp\/v2\/pages\/79\/revisions\/5304"}],"up":[{"embeddable":true,"href":"https:\/\/www.ramatuelle-tourisme.com\/fr\/wp-json\/wp\/v2\/pages\/76"}],"wp:featuredmedia":[{"embeddable":true,"href":"https:\/\/www.ramatuelle-tourisme.com\/fr\/wp-json\/wp\/v2\/media\/492"}],"wp:attachment":[{"href":"https:\/\/www.ramatuelle-tourisme.com\/fr\/wp-json\/wp\/v2\/media?parent=79"}],"curies":[{"name":"wp","href":"https:\/\/api.w.org\/{rel}","templated":true}]}}