{"id":76,"date":"2016-11-24T18:42:48","date_gmt":"2016-11-24T17:42:48","guid":{"rendered":"http:\/\/www.ramatuelle-tourisme.com\/?page_id=76"},"modified":"2023-01-10T12:22:48","modified_gmt":"2023-01-10T11:22:48","slug":"plages-et-criques-secretes","status":"publish","type":"page","link":"https:\/\/www.ramatuelle-tourisme.com\/fr\/decouvrir-la-presquile\/cote-mer\/plages-et-criques-secretes\/","title":{"rendered":"Plages et criques secr\u00e8tes"},"content":{"rendered":"\n<p>Ramatuelle abrite certains des plus beaux paysages de la c\u00f4te m\u00e9diterran\u00e9enne. Pampelonne, \u00e9tendue immense de sable fin, les criques, succession de roches plongeant dans les eaux turquoise, les caps saillants ou encore l&rsquo;isthme romantique : \u00e0 vous de les d\u00e9couvrir tous !<\/p>\n","protected":false},"excerpt":{"rendered":"<p>Ramatuelle abrite certains des plus beaux paysages de la c\u00f4te m\u00e9diterran\u00e9enne. Pampelonne, \u00e9tendue immense de sable fin, les criques, succession de roches plongeant dans les eaux turquoise, les caps saillants ou encore l&rsquo;isthme romantique : \u00e0 vous de les d\u00e9couvrir tous !<\/p>\n","protected":false},"author":1,"featured_media":10351,"parent":21,"menu_order":216,"comment_status":"closed","ping_status":"closed","template":"single-cote.php","meta":{"_acf_changed":false,"footnotes":""},"class_list":["post-76","page","type-page","status-publish","has-post-thumbnail","hentry"],"acf":{"black__white":false,"nugget":false,"type_daffichage":"default","gallery":false,"liens_ancrage":false},"aioseo_notices":[],"_links":{"self":[{"href":"https:\/\/www.ramatuelle-tourisme.com\/fr\/wp-json\/wp\/v2\/pages\/76","targetHints":{"allow":["GET"]}}],"collection":[{"href":"https:\/\/www.ramatuelle-tourisme.com\/fr\/wp-json\/wp\/v2\/pages"}],"about":[{"href":"https:\/\/www.ramatuelle-tourisme.com\/fr\/wp-json\/wp\/v2\/types\/page"}],"author":[{"embeddable":true,"href":"https:\/\/www.ramatuelle-tourisme.com\/fr\/wp-json\/wp\/v2\/users\/1"}],"replies":[{"embeddable":true,"href":"https:\/\/www.ramatuelle-tourisme.com\/fr\/wp-json\/wp\/v2\/comments?post=76"}],"version-history":[{"count":7,"href":"https:\/\/www.ramatuelle-tourisme.com\/fr\/wp-json\/wp\/v2\/pages\/76\/revisions"}],"predecessor-version":[{"id":5520,"href":"https:\/\/www.ramatuelle-tourisme.com\/fr\/wp-json\/wp\/v2\/pages\/76\/revisions\/5520"}],"up":[{"embeddable":true,"href":"https:\/\/www.ramatuelle-tourisme.com\/fr\/wp-json\/wp\/v2\/pages\/21"}],"wp:featuredmedia":[{"embeddable":true,"href":"https:\/\/www.ramatuelle-tourisme.com\/fr\/wp-json\/wp\/v2\/media\/10351"}],"wp:attachment":[{"href":"https:\/\/www.ramatuelle-tourisme.com\/fr\/wp-json\/wp\/v2\/media?parent=76"}],"curies":[{"name":"wp","href":"https:\/\/api.w.org\/{rel}","templated":true}]}}