{"id":591,"date":"2017-01-26T19:04:10","date_gmt":"2017-01-26T18:04:10","guid":{"rendered":"http:\/\/www.ramatuelle-tourisme.com\/?page_id=591\/"},"modified":"2025-12-03T12:01:07","modified_gmt":"2025-12-03T11:01:07","slug":"developpement-durable","status":"publish","type":"page","link":"https:\/\/www.ramatuelle-tourisme.com\/fr\/developpement-durable\/","title":{"rendered":"D\u00e9veloppement durable"},"content":{"rendered":"\n<blockquote class=\"wp-block-quote is-style-large is-layout-flow wp-block-quote-is-layout-flow\">\n<p class=\"has-medium-font-size\"><em><strong>\u00ab\u00a0L<\/strong><\/em><em style=\"\"><strong><b>e tourisme responsable, dans le respect du d\u00e9veloppement durable, \u00e0 Ramatuelle, c\u2019est une r\u00e9alit\u00e9\u00a0\u00bb<\/b><\/strong><\/em><\/p>\n<\/blockquote>\n\n\n\n<p class=\"has-text-align-center has-very-dark-gray-color has-vivid-green-cyan-background-color has-text-color has-background has-large-font-size\"><strong>Nos professionnels s&rsquo;engagent !<\/strong><\/p>\n\n\n<p><strong>\u00a0 \u00a0 \u00a0 \u00a0 \u00a0 \u00a0 \u00a0 \u00a0 \u00a0 \u00a0 \u00a0 \u00a0 \u00a0 \u00a0 \u00a0 \u00a0 \u00a0 \u00a0 \u00a0 \u00a0 \u00a0<\/strong><strong><img loading=\"lazy\" decoding=\"async\" class=\"wp-image-1364 aligncenter\" src=\"https:\/\/www.ramatuelle-tourisme.com\/wp-content\/uploads\/2017\/01\/recycle-29227_960_720.png\" alt=\"\" width=\"79\" height=\"82\" srcset=\"https:\/\/www.ramatuelle-tourisme.com\/wp-content\/uploads\/2017\/01\/recycle-29227_960_720.png 693w, https:\/\/www.ramatuelle-tourisme.com\/wp-content\/uploads\/2017\/01\/recycle-29227_960_720-289x300.png 289w, https:\/\/www.ramatuelle-tourisme.com\/wp-content\/uploads\/2017\/01\/recycle-29227_960_720-300x312.png 300w\" sizes=\"auto, (max-width: 79px) 100vw, 79px\" \/><\/strong><\/p>\n<p><strong>De tr\u00e8s nombreux professionnels de la commune sont engag\u00e9s dans des d\u00e9marches vertueuses de respect de l\u2019environnement. <\/strong><strong>En venant \u00e0 Ramatuelle, vous pouvez ainsi vous loger, manger, boire, vous d\u00e9placer et m\u00eame prendre soin de votre peau tout en pr\u00e9servant et prot\u00e9geant la formidable nature qui nous entoure.<\/strong><\/p>\n<hr \/>\n<h3><span style=\"color: #008000;\"><img loading=\"lazy\" decoding=\"async\" class=\"alignnone wp-image-1365\" src=\"https:\/\/www.ramatuelle-tourisme.com\/wp-content\/uploads\/2017\/01\/eco-construction-1894026_960_720.png\" alt=\"\" width=\"46\" height=\"42\" srcset=\"https:\/\/www.ramatuelle-tourisme.com\/wp-content\/uploads\/2017\/01\/eco-construction-1894026_960_720.png 786w, https:\/\/www.ramatuelle-tourisme.com\/wp-content\/uploads\/2017\/01\/eco-construction-1894026_960_720-300x275.png 300w, https:\/\/www.ramatuelle-tourisme.com\/wp-content\/uploads\/2017\/01\/eco-construction-1894026_960_720-768x704.png 768w\" sizes=\"auto, (max-width: 46px) 100vw, 46px\" \/> <\/span><span style=\"color: #008000;\">Se loger \u2026\u00a0\u00a0<\/span><\/h3>\n<p>Il y a quelques ann\u00e9es d\u00e9j\u00e0, <strong>l\u2019h\u00f4tel MUSE<\/strong> a \u00e9t\u00e9 prim\u00e9 pour son jardin \u00e9cologique en autosuffisance. Tandis que l\u2019h\u00f4tel <strong>La Vigne de Ramatuelle<\/strong> s\u2019est lanc\u00e9 dans la permaculture, a r\u00e9alis\u00e9 des travaux d\u2019am\u00e9nagements et mis en place une phyto-\u00e9puration d\u2019une capacit\u00e9 de 40 personnes. L\u2019h\u00f4tel poss\u00e8de \u00e9galement un restaurant o\u00f9 les plats sont \u00e9labor\u00e9s avec des producteurs locaux et qui sert des repas vegan et sans gluten.<\/p>\n<p>L\u2019h\u00f4tel<strong> la Figui\u00e8re<\/strong> cultive ses tomates qui sont servies \u00e0 la table de son restaurant et privil\u00e9gie au maximum des producteurs locaux. L\u2019\u00e9tablissement incite \u00e9galement ses clients \u00e0 s\u2019inscrire dans une d\u00e9marche respectueuse de l\u2019environnement avec la gestion de l\u2019eau et du linge de toilette.<\/p>\n<p><strong> La Ferme d&rsquo;Augustin<\/strong> cultive \u00e9galement ses propres fruits et l\u00e9gumes pour les servir \u00e0 ses convives.<\/p>\n<p>D&rsquo;autres \u00e9tablissements encore comme la <strong>R\u00e9sidence Les Eucalyptus<\/strong> ou le <strong>G\u00eete Le\u00ef Souco<\/strong> utilisent des produits d\u2019entretien \u00e9colabel, ont install\u00e9 des robinets \u00e9conomie d&rsquo;eau, des ampoules basse tension\u00a0 ou pratiquent activement le tri des d\u00e9chets.<\/p>\n<p>L\u2019h\u00f4tel<strong> Les Bou\u00efs<\/strong>, en plus d\u2019avoir un jardin v\u00e9g\u00e9talis\u00e9 par des essences peu gourmandes en eau et dot\u00e9 d\u2019un arrosage automatique \u00e9conome en eau, utilise des produits naturels locaux, a install\u00e9 des bornes \u00e9lectriques pour recharger les v\u00e9hicules \u00e9lectriques (dont une Tesla), mis en place des pompes \u00e0 chaleur, l\u2019utilisation d\u2019ampoules led et pratique le tri des d\u00e9chets. Dans sa lutte contre les plastiques et la r\u00e9duction des d\u00e9chets, l\u2019h\u00f4tel limite les produits \u00e0 usage unique (Produit d\u2019accueil pour un jour dans les chambres puis remplac\u00e9 par des pompes distributrices pour le reste du s\u00e9jour.)\u00a0\u00a0<\/p>\n<p>De son c\u00f4t\u00e9, l\u2019h\u00f4tel\u00a0<strong>Epi 1959\u00a0<\/strong>a re\u00e7u le label\u00a0La <strong>Clef Verte<\/strong>\u00a0d\u00e9cern\u00e9 aux h\u00e9bergements touristiques qui respectent plusieurs crit\u00e8res \u00e9cologiques dont la gestion de l\u2019eau, de l\u2019\u00e9nergie et des d\u00e9chets, ainsi que la pratique d\u2019achats responsables, tout en favorisant la sensibilisation. Ce label se distingue en effet par son attachement \u00e0 l\u2019\u00e9ducation \u00e0 l\u2019environnement et la transmission des bons gestes.\u00a0<strong>\u00a0<\/strong>L\u2019h\u00f4tel organise dans cette optique un nettoyage annuel de la plage en collaboration avec le Centre de Loisirs Municipal afin de sensibiliser les enfants.<\/p>\n<p>L\u2019\u00e9tablissement s\u2019est par ailleurs engag\u00e9 dans l\u2019obtention du label <strong>Ecotable<\/strong> niveau 2 d\u00e8s 2022 (30% de Bio\/local, produits de saison, pl at v\u00e9g\u00e9tarien, transformation sur place, r\u00e9duction du plastique (pas de paille plastique par ex), sensibilisation du personnel et des clients \u00e0 l&rsquo;environnement, d\u00e9chets, etc..) \u00a0ainsi qu\u2019\u00e0 celle du label <strong>Green Globe<\/strong>\u00a0 : label international de tourisme durable, reconnu par l\u2019Organisation Mondiale du Tourisme et le World Travel and Tourism Council (WTTC).<\/p>\n<hr \/>\n<h3><img loading=\"lazy\" decoding=\"async\" class=\"alignnone wp-image-1372\" src=\"https:\/\/www.ramatuelle-tourisme.com\/wp-content\/uploads\/2017\/01\/cutlery-black-silhouette-clipart.jpg\" alt=\"\" width=\"77\" height=\"77\" srcset=\"https:\/\/www.ramatuelle-tourisme.com\/wp-content\/uploads\/2017\/01\/cutlery-black-silhouette-clipart.jpg 1920w, https:\/\/www.ramatuelle-tourisme.com\/wp-content\/uploads\/2017\/01\/cutlery-black-silhouette-clipart-300x300.jpg 300w, https:\/\/www.ramatuelle-tourisme.com\/wp-content\/uploads\/2017\/01\/cutlery-black-silhouette-clipart-1170x1170.jpg 1170w, https:\/\/www.ramatuelle-tourisme.com\/wp-content\/uploads\/2017\/01\/cutlery-black-silhouette-clipart-150x150.jpg 150w, https:\/\/www.ramatuelle-tourisme.com\/wp-content\/uploads\/2017\/01\/cutlery-black-silhouette-clipart-768x768.jpg 768w, https:\/\/www.ramatuelle-tourisme.com\/wp-content\/uploads\/2017\/01\/cutlery-black-silhouette-clipart-1536x1536.jpg 1536w, https:\/\/www.ramatuelle-tourisme.com\/wp-content\/uploads\/2017\/01\/cutlery-black-silhouette-clipart-125x125.jpg 125w, https:\/\/www.ramatuelle-tourisme.com\/wp-content\/uploads\/2017\/01\/cutlery-black-silhouette-clipart-1024x1024.jpg 1024w\" sizes=\"auto, (max-width: 77px) 100vw, 77px\" \/>\u00a0<span style=\"color: #008000;\">D\u00e9guster, savourer \u2026\u00a0\u00a0<\/span><\/h3>\n<p>Si la commune de Ramatuelle est c\u00e9l\u00e8bre pour son attachement au respect de l&rsquo;environnement, on ne s&rsquo;\u00e9tonnera pas qu&rsquo;elle abrite \u00e9galement un \u00e9tablissement pionner dans le domaine de la protection de la nature : <strong>le Club 55<\/strong>. Depuis sa cr\u00e9ation, il y a un peu plus de 60 ans, ce site embl\u00e9matique n&rsquo;a en effet cess\u00e9 d\u2019\u0153uvrer &#8211; et innover &#8211; pour des pratiques toujours plus \u00e9co-responsables, de la r\u00e9cup\u00e9ration de tous les bio-d\u00e9chets r\u00e9utilis\u00e9s en circuit-court \u00e0 l&rsquo;utilisation exclusive d&rsquo;\u00e9lectricit\u00e9 renouvelable, entre autres. Aujourd&rsquo;hui, le restaurant propose beaucoup de produits bio \u00e0 la carte, l\u00e9gumes, vin et huile d&rsquo;olive, avec des produits provenant notamment de <strong>la Ferme des Bouis<\/strong> toute proche, certifi\u00e9e Ecocert et pratiquant activement l&rsquo;agro\u00e9cologie, la permaculture et la biodynamie.<\/p>\n<p>Pour go\u00fbter aux bons produits locaux, vous pouvez aussi\u00a0 faire votre march\u00e9 \u00e0 <strong>Le Potager de Sardar Biglari<\/strong> qui produit et vend directement fruits et l\u00e9gumes aux particuliers et aux professionnels ou \u00e0 la <strong>P\u00e9pini\u00e8re de la Grangue<\/strong> qui propose la production de <strong>la Ferme de l&rsquo;Empereur<\/strong><strong>. <\/strong><\/p>\n<p>Du c\u00f4t\u00e9 des restaurants,<strong> Chez Camille<\/strong> et <strong>Saveurs Sinc\u00e8res<\/strong> travaillent \u00e9galement avec les producteurs locaux pour composer leurs menus.<\/p>\n<p>Pour accompagner tous ces mets, rien de tel que des vins de Provence. Deux domaines poss\u00e8dent le label Bio Ecocert : le <strong>Domaine des Bouis<\/strong> et celui de <strong>La Tourraque<\/strong> qui vend ses produits bios (miel, cosm\u00e9tiques, produits de bouche&#8230;) au caveau ainsi que dans une boutique situ\u00e9e au village (en saison).<\/p>\n<h6 style=\"text-align: center;\"><strong><span style=\"color: #008000;\">Pratique ! Une liste de magasins bio est \u00e0 votre disposition sur demande ! <\/span><\/strong><\/h6>\n<hr \/>\n<h3>\u00a0<\/h3>\n<h3><span style=\"color: #008000;\"><img loading=\"lazy\" decoding=\"async\" class=\"alignnone wp-image-1366\" src=\"https:\/\/www.ramatuelle-tourisme.com\/wp-content\/uploads\/2017\/01\/green-1974054_960_720.png\" alt=\"\" width=\"83\" height=\"48\" srcset=\"https:\/\/www.ramatuelle-tourisme.com\/wp-content\/uploads\/2017\/01\/green-1974054_960_720.png 960w, https:\/\/www.ramatuelle-tourisme.com\/wp-content\/uploads\/2017\/01\/green-1974054_960_720-300x173.png 300w, https:\/\/www.ramatuelle-tourisme.com\/wp-content\/uploads\/2017\/01\/green-1974054_960_720-768x443.png 768w\" sizes=\"auto, (max-width: 83px) 100vw, 83px\" \/>\u00a0\u00a0 <\/span><span style=\"color: #008000;\">Se d\u00e9placer &#8230;<\/span><\/h3>\n<p>Pour sillonner la commune, vous pouvez opter pour le v\u00e9lo \u00e0 assistance \u00e9lectrique : pas de bruit, pas de pollution, et un coup de pouce appr\u00e9ciable quand \u00e7a grimpe un peu trop ! Vous en trouverez chez <strong>Pep\u2019s spirit<\/strong> (1% pour la Plan\u00e8te). Et c\u00f4t\u00e9 transports en commun, la ligne de bus 875 du <strong>r\u00e9seau r\u00e9gional ZOU !<\/strong> et la navette estivale vous permettront d\u2019effectuer vos d\u00e9placements en toute tranquillit\u00e9 depuis le village.<\/p>\n<hr \/>\n<h3><img loading=\"lazy\" decoding=\"async\" class=\"alignnone wp-image-1370\" src=\"https:\/\/www.ramatuelle-tourisme.com\/wp-content\/uploads\/2017\/01\/green-1966408_960_720.png\" alt=\"\" width=\"61\" height=\"61\" srcset=\"https:\/\/www.ramatuelle-tourisme.com\/wp-content\/uploads\/2017\/01\/green-1966408_960_720.png 720w, https:\/\/www.ramatuelle-tourisme.com\/wp-content\/uploads\/2017\/01\/green-1966408_960_720-300x300.png 300w, https:\/\/www.ramatuelle-tourisme.com\/wp-content\/uploads\/2017\/01\/green-1966408_960_720-150x150.png 150w, https:\/\/www.ramatuelle-tourisme.com\/wp-content\/uploads\/2017\/01\/green-1966408_960_720-125x125.png 125w\" sizes=\"auto, (max-width: 61px) 100vw, 61px\" \/> <span style=\"color: #008000;\">S&rsquo;activer &#8230;<\/span><\/h3>\n<p>Deux \u00e9tablissements de loisirs sur la commune affichent une conscience \u00e9cologique forte.<\/p>\n<p><strong>Cap Camarat Plong\u00e9e, <\/strong>a utilis\u00e9 des mat\u00e9riaux recycl\u00e9s pour construire l&rsquo;abri et les espaces de vie du club de plong\u00e9e et s&rsquo;attache \u00e0 r\u00e9utiliser l&rsquo;eau pour son bac de rin\u00e7age du mat\u00e9riel de plong\u00e9e. Utilisation de verre \u00e9co-cup pour les boissons offertes aux clients et mise \u00e0 disposition d&rsquo;une douche solaire et d&rsquo;un savon bio. Aucun transport des clients jusqu&rsquo;au bateau de plong\u00e9e (marche \u00e0 pied du club \u00e0 la plage) et flyers produits en \u00ab\u00a0Imprim&rsquo;Vert\u00a0\u00bb.<\/p>\n<p><strong>Pep&rsquo;s Spirit<\/strong> qui propose des sorties nature en kayak et paddle \u00e0 la d\u00e9couverte des criques ou en v\u00e9lo sur la commune de Ramatuelle et aux alentours.<\/p>\n<hr \/>\n<h3>\u00a0<\/h3>\n<h3><span style=\"color: #008000;\"><img loading=\"lazy\" decoding=\"async\" class=\"alignnone wp-image-1369\" src=\"https:\/\/www.ramatuelle-tourisme.com\/wp-content\/uploads\/2017\/01\/green-2094273_960_720.png\" alt=\"\" width=\"36\" height=\"36\" srcset=\"https:\/\/www.ramatuelle-tourisme.com\/wp-content\/uploads\/2017\/01\/green-2094273_960_720.png 720w, https:\/\/www.ramatuelle-tourisme.com\/wp-content\/uploads\/2017\/01\/green-2094273_960_720-300x300.png 300w, https:\/\/www.ramatuelle-tourisme.com\/wp-content\/uploads\/2017\/01\/green-2094273_960_720-150x150.png 150w, https:\/\/www.ramatuelle-tourisme.com\/wp-content\/uploads\/2017\/01\/green-2094273_960_720-125x125.png 125w\" sizes=\"auto, (max-width: 36px) 100vw, 36px\" \/> <\/span>\u00a0<span style=\"color: #008000;\"> Prendre soin de soi \u2026\u00a0<\/span><\/h3>\n<p>Enfin, la commune abrite aussi une ligne de produits de beaut\u00e9 100% bio et originale : <strong>Ros\u00e9e de Ramatuelle<\/strong>, au c\u0153ur du Domaine La Tourraque.<\/p>\n<p>Au village, deux boutiques proposent \u00e9galement des produits bio\u00a0 avec le label AB ou Ecocert : <strong>le Temple de la Savonnerie<\/strong> et <strong>Terre de l\u2019Olivier<\/strong>. Leur d\u00e9marche est avant tout de privil\u00e9gier les fournisseurs proches et surtout Fran\u00e7ais : collaboration avec un petit producteur varois pour un des huiles vendues ; vente de miel des ruches de Pampelonne, et confitures de la Maison des Confitures \u00e0 Gassin.<\/p>\n<h3>\u00a0<\/h3>\n<hr \/>\n<p><img loading=\"lazy\" decoding=\"async\" class=\"wp-image-1371 aligncenter\" src=\"https:\/\/www.ramatuelle-tourisme.com\/wp-content\/uploads\/2017\/01\/recycling-1341372_960_720.png\" alt=\"\" width=\"47\" height=\"47\" srcset=\"https:\/\/www.ramatuelle-tourisme.com\/wp-content\/uploads\/2017\/01\/recycling-1341372_960_720.png 720w, https:\/\/www.ramatuelle-tourisme.com\/wp-content\/uploads\/2017\/01\/recycling-1341372_960_720-300x300.png 300w, https:\/\/www.ramatuelle-tourisme.com\/wp-content\/uploads\/2017\/01\/recycling-1341372_960_720-150x150.png 150w, https:\/\/www.ramatuelle-tourisme.com\/wp-content\/uploads\/2017\/01\/recycling-1341372_960_720-125x125.png 125w\" sizes=\"auto, (max-width: 47px) 100vw, 47px\" \/>\u00a0 <br \/>Il serait encore possible de citer de nombreuses bonnes initiatives des professionnels du tourisme \u00e0 Ramatuelle, \u00e0 l\u2019image des h\u00f4tels de plein air <strong>Kon Tiki<\/strong> et <strong>La Toison d&rsquo;Or<\/strong> qui transforment les huiles de friture de leur restauration en \u00ab\u00a0carburant\u00a0\u00bb pour leurs engins d&rsquo;entretien ou des \u00e9tablissements qui utilisent des voiturettes \u00e9lectriques pour leurs d\u00e9placements.<span style=\"color: #008000;\"><strong><em>\u00a0<\/em><\/strong><\/span><\/p>\n\n\n<p><\/p>\n\n\n\n<p class=\"has-text-align-center has-vivid-green-cyan-color has-text-color\" style=\"font-size:24px\"><strong><em>Autant de bonnes pratiques que vous pouvez encourager en choisissant tous ces professionnels engag\u00e9s.<\/em><\/strong><br><\/p>\n\n\n\n<p class=\"has-text-align-center has-vivid-green-cyan-background-color has-background has-large-font-size\"><strong>La Communaut\u00e9<\/strong> <strong>de Commune s&rsquo;engage<\/strong><\/p>\n\n\n\n<p>Comp\u00e9tente pour la collecte et le traitement des d\u00e9chets, la Communaut\u00e9 de Commune du Golfe de Saint-Tropez vous d\u00e9taille le mode d&#8217;emploi du tri s\u00e9lectif :<\/p>\n\n\n\n<figure class=\"wp-block-image aligncenter is-resized\"><img loading=\"lazy\" decoding=\"async\" width=\"950\" height=\"1024\" src=\"https:\/\/www.ramatuelle-tourisme.com\/wp-content\/uploads\/2019\/08\/Recyclage-ComCom-950x1024.jpg\" alt=\"\" class=\"wp-image-3801\" style=\"width:531px;height:573px\" srcset=\"https:\/\/www.ramatuelle-tourisme.com\/wp-content\/uploads\/2019\/08\/Recyclage-ComCom-950x1024.jpg 950w, https:\/\/www.ramatuelle-tourisme.com\/wp-content\/uploads\/2019\/08\/Recyclage-ComCom-278x300.jpg 278w, https:\/\/www.ramatuelle-tourisme.com\/wp-content\/uploads\/2019\/08\/Recyclage-ComCom-1085x1170.jpg 1085w, https:\/\/www.ramatuelle-tourisme.com\/wp-content\/uploads\/2019\/08\/Recyclage-ComCom-768x828.jpg 768w, https:\/\/www.ramatuelle-tourisme.com\/wp-content\/uploads\/2019\/08\/Recyclage-ComCom-1425x1536.jpg 1425w, https:\/\/www.ramatuelle-tourisme.com\/wp-content\/uploads\/2019\/08\/Recyclage-ComCom-1900x2048.jpg 1900w, https:\/\/www.ramatuelle-tourisme.com\/wp-content\/uploads\/2019\/08\/Recyclage-ComCom-300x323.jpg 300w\" sizes=\"auto, (max-width: 950px) 100vw, 950px\" \/><\/figure>\n\n\n\n<p class=\"has-text-align-center\">Pour la collecte d&rsquo;encombrants, veuillez consulter <a href=\"https:\/\/www.cc-golfedesainttropez.fr\/images\/Encombrants15x21-2V_-HD-print.pdf\" target=\"_blank\" rel=\"noreferrer noopener\">ce document<\/a>.<\/p>\n\n\n\n<p class=\"has-text-align-center\">Pour tout savoir sur la d\u00e9chetterie, <a href=\"https:\/\/www.cc-golfedesainttropez.fr\/dechets\/decheteries\" target=\"_blank\" rel=\"noreferrer noopener\">cliquez ici<\/a>.<\/p>\n\n\n\n<p class=\"has-text-align-center\">Pour la collecte de linge, chaussure, v\u00eatements, <a href=\"https:\/\/www.lafibredutri.fr\/je-depose\" target=\"_blank\" rel=\"noreferrer noopener\">suivez ce lien<\/a>.<\/p>\n\n\n\n<p class=\"has-text-align-center\"><strong>Enfin, retrouvez toutes les informations utiles sur leur <\/strong><a rel=\"noreferrer noopener\" aria-label=\"site internet (s\u2019ouvre dans un nouvel onglet)\" href=\"https:\/\/www.cc-golfedesainttropez.fr\/dechets\/collecte-des-dechets\/collecte-a-ramatuelle\" target=\"_blank\"><strong>site internet<\/strong><\/a><strong>.<\/strong><br><\/p>\n\n\n\n<p class=\"has-text-align-center has-vivid-green-cyan-background-color has-background has-large-font-size\"><strong>L&rsquo;Office de Tourisme s&rsquo;engage<\/strong><\/p>\n\n\n\n<p class=\"has-text-align-center\"><strong>Dans le cadre de sa d\u00e9marche Qualit\u00e9, mais aussi par conviction, votre Office de Tourisme veille au <\/strong> <strong>respect de l&rsquo;environnement<\/strong>.<\/p>\n\n\n\n<figure class=\"wp-block-image aligncenter\"><img decoding=\"async\" src=\"https:\/\/www.ramatuelle-tourisme.com\/pro\/wp-content\/uploads\/2019\/05\/DD.jpg\" alt=\"\" class=\"wp-image-1006\"\/><\/figure>\n\n\n\n<p><\/p>\n\n\n\n<ul class=\"wp-block-list\">\n<li><strong>Collaboration avec un imprimeur certifi\u00e9 PEFC* pour nos \u00e9ditions<\/strong><br><em>(* programme de reconnaissance des certifications foresti\u00e8res)<\/em><\/li>\n\n\n\n<li><strong>L\u2019ensemble des brochures sont t\u00e9l\u00e9chargeables sur notre site Internet<\/strong><\/li>\n\n\n\n<li><strong>En interne, les impressions de documents sont raisonn\u00e9es ; le recto\/verso ou le papier brouillon sont favoris\u00e9s<\/strong><\/li>\n\n\n\n<li><strong>Le tri s\u00e9lectif est effectu\u00e9 par l\u2019ensemble du personnel<\/strong><\/li>\n\n\n\n<li><strong>Recyclage du papier (r\u00e9utilisation en \u00ab\u00a0brouillons\u00a0\u00bb puis recyclage du papier 100% utilis\u00e9)<\/strong><\/li>\n\n\n\n<li><strong>Recyclage des cartouches de toner avec le programme Conibi<\/strong><\/li>\n\n\n\n<li><strong>Les lumi\u00e8res sont \u00e9teintes dans les pi\u00e8ces non occup\u00e9es<\/strong><\/li>\n\n\n\n<li><strong>La climatisation et le chauffage sont utilis\u00e9s avec parcimonie<\/strong><\/li>\n\n\n\n<li><strong>Choix des fournisseurs et fournitures Label Vert<\/strong><\/li>\n<\/ul>\n\n\n\n<p class=\"has-white-color has-vivid-cyan-blue-background-color has-text-color has-background has-medium-font-size\"><strong>Nos actions avec les acteurs locaux de l&rsquo;environnement :<\/strong><\/p>\n\n\n\n<ul class=\"wp-block-list\">\n<li>Conception et promotion du sentier marin de Pampelonne avec l&rsquo;<strong>Observatoire Marin de la Communaut\u00e9 de Commune du Golfe de Saint-Tropez<\/strong>.<\/li>\n\n\n\n<li>Programmation d&rsquo;ateliers de sensibilisation \u00ab\u00a0Inf&rsquo;eau mer\u00a0\u00bb  avec l&rsquo;<strong>Observatoire Marin de la Communaut\u00e9 de Commune du Golfe de Saint-Tropez<\/strong>. <\/li>\n\n\n\n<li>La commune de Ramatuelle appartient \u00e0 l&rsquo;aire marine adjacente (AMA) du <strong>Parc National de Port-Cros<\/strong> et l&rsquo;Office de Tourisme collabore avec les instances du parcs pour la communication des bonnes pratiques responsables en milieu naturel.<\/li>\n<\/ul>\n\n\n\n<p class=\"has-text-align-center has-vivid-red-color has-light-green-cyan-background-color has-text-color has-background has-medium-font-size\"><strong>Bon \u00e0 savoir : votre Office recycle les piles usag\u00e9es<\/strong><\/p>\n\n\n\n<figure class=\"wp-block-image aligncenter\"><img loading=\"lazy\" decoding=\"async\" width=\"216\" height=\"348\" src=\"https:\/\/www.ramatuelle-tourisme.com\/wp-content\/uploads\/2019\/08\/Collecte-collecteur-piles.jpg\" alt=\"\" class=\"wp-image-3805\" srcset=\"https:\/\/www.ramatuelle-tourisme.com\/wp-content\/uploads\/2019\/08\/Collecte-collecteur-piles.jpg 216w, https:\/\/www.ramatuelle-tourisme.com\/wp-content\/uploads\/2019\/08\/Collecte-collecteur-piles-186x300.jpg 186w\" sizes=\"auto, (max-width: 216px) 100vw, 216px\" \/><\/figure>\n\n\n\n<p>Le seul point de collecte sur la commune de Ramatuelle a \u00e9t\u00e9 install\u00e9 par l&rsquo;Office de Tourisme et se trouve dans l&rsquo;entr\u00e9e du 3, avenue Clemenceau (juste apr\u00e8s la salle d&rsquo;exposition Le Garage\u00a0\u00bb), au rez-de chauss\u00e9e du service culture.<\/p>\n\n\n\n<p><\/p>\n","protected":false},"excerpt":{"rendered":"<p>\u00ab\u00a0Le tourisme responsable, dans le respect du d\u00e9veloppement durable, \u00e0 Ramatuelle, c\u2019est une r\u00e9alit\u00e9\u00a0\u00bb Nos professionnels s&rsquo;engagent ! \u00a0 \u00a0 \u00a0 \u00a0 \u00a0 \u00a0 \u00a0 \u00a0 \u00a0 \u00a0 \u00a0 \u00a0 \u00a0 \u00a0 \u00a0 \u00a0 \u00a0 \u00a0 \u00a0 \u00a0 \u00a0 De tr\u00e8s nombreux professionnels de la commune sont engag\u00e9s dans des d\u00e9marches vertueuses de respect de<a class=\"excerpt-read-more\" href=\"https:\/\/www.ramatuelle-tourisme.com\/fr\/developpement-durable\/\" title=\"ReadD\u00e9veloppement durable\">&#8230; Read more &raquo;<\/a><\/p>\n","protected":false},"author":1,"featured_media":0,"parent":0,"menu_order":353,"comment_status":"closed","ping_status":"closed","template":"","meta":{"_acf_changed":false,"footnotes":""},"class_list":["post-591","page","type-page","status-publish","hentry"],"acf":{"black__white":false,"nugget":false,"type_daffichage":"default","gallery":false,"liens_ancrage":false,"autoplay":true,"delay":"4000"},"aioseo_notices":[],"_links":{"self":[{"href":"https:\/\/www.ramatuelle-tourisme.com\/fr\/wp-json\/wp\/v2\/pages\/591","targetHints":{"allow":["GET"]}}],"collection":[{"href":"https:\/\/www.ramatuelle-tourisme.com\/fr\/wp-json\/wp\/v2\/pages"}],"about":[{"href":"https:\/\/www.ramatuelle-tourisme.com\/fr\/wp-json\/wp\/v2\/types\/page"}],"author":[{"embeddable":true,"href":"https:\/\/www.ramatuelle-tourisme.com\/fr\/wp-json\/wp\/v2\/users\/1"}],"replies":[{"embeddable":true,"href":"https:\/\/www.ramatuelle-tourisme.com\/fr\/wp-json\/wp\/v2\/comments?post=591"}],"version-history":[{"count":55,"href":"https:\/\/www.ramatuelle-tourisme.com\/fr\/wp-json\/wp\/v2\/pages\/591\/revisions"}],"predecessor-version":[{"id":18037,"href":"https:\/\/www.ramatuelle-tourisme.com\/fr\/wp-json\/wp\/v2\/pages\/591\/revisions\/18037"}],"wp:attachment":[{"href":"https:\/\/www.ramatuelle-tourisme.com\/fr\/wp-json\/wp\/v2\/media?parent=591"}],"curies":[{"name":"wp","href":"https:\/\/api.w.org\/{rel}","templated":true}]}}