{"id":438,"date":"2016-12-30T22:42:47","date_gmt":"2016-12-30T21:42:47","guid":{"rendered":"http:\/\/www.ramatuelle-tourisme.com\/?page_id=438\/"},"modified":"2026-03-27T11:59:51","modified_gmt":"2026-03-27T10:59:51","slug":"mentions-legales","status":"publish","type":"page","link":"https:\/\/www.ramatuelle-tourisme.com\/fr\/mentions-legales\/","title":{"rendered":"Mentions l\u00e9gales"},"content":{"rendered":"\n<p><strong>Propri\u00e9taire du site Internet <a href=\"https:\/\/www.ramatuelle-tourisme.com\/\">www.ramatuelle-tourisme.com<\/a> :<\/strong><br>Office de Tourisme et de la Culture<br>Place de l&rsquo;Ormeau &#8211; 83350 Ramatuelle<br>T\u00e9l. +33 (0)4 98 12 64 00<\/p>\n\n\n\n<p><strong>R\u00e9alisation du site :<\/strong><br>Franck M\u00e9zi\u00e8re &#8211; Webdesign &amp; d\u00e9veloppement &#8211; <a href=\"http:\/\/meziere.net\">meziere.net<\/a><\/p>\n\n\n\n<p><strong>Photographies :<\/strong> Emmanuel Bertrand, Sylvie Pascarel, Bartolo, Raymond Viala, Fernando Rodrigues, AmauryBrac, Jean-Louis Chaix, Office de Tourisme de Ramatuelle.<\/p>\n\n\n\n<p>Ce site internet est une cr\u00e9ation intellectuelle originale qui, par cons\u00e9quent entre dans le champ de protection du droit d&rsquo;auteur. Son contenu est \u00e9galement prot\u00e9g\u00e9 par des droits de propri\u00e9t\u00e9 intellectuelle et\/ou industrielle. Toute personne qui portera atteinte aux droits de propri\u00e9t\u00e9 intellectuelle attach\u00e9s aux diff\u00e9rents objets de ce site Internet se rend coupable du d\u00e9lit de contrefa\u00e7on et est passible des sanctions p\u00e9nales pr\u00e9vues par la loi.<\/p>\n\n\n\n<p><strong>Traitement des donn\u00e9es &#8211; RGPD :<\/strong><\/p>\n\n\n\n<p>Les informations recueillies vous concernant font l\u2019objet d\u2019un traitement \u00e0 finalit\u00e9 statistique destin\u00e9 \u00e0 l\u2019Office de Tourisme et de la Culture de Ramatuelle.<\/p>\n\n\n\n<p>Les destinataires de ces donn\u00e9es sont : la responsable de traitement, Danielle Mitelmann, pr\u00e9sidente de l&rsquo;Office de Tourisme &amp; les services de l\u2019OTC.<\/p>\n\n\n\n<p>La dur\u00e9e de conservation des donn\u00e9es est de 3 ans maximum.<\/p>\n\n\n\n<p>Vous b\u00e9n\u00e9ficiez d\u2019un droit d\u2019acc\u00e8s, de rectification, de portabilit\u00e9, d\u2019effacement de celles-ci ou une limitation du traitement.<br>Vous pouvez vous opposer au traitement des donn\u00e9es vous concernant et disposez du droit de retirer votre consentement \u00e0 tout moment en adressant un simple message en ce sens \u00e0 : <a href=\"mailto:direction@ramatuelle-tourisme.com\">direction@ramatuelle-tourisme.com<\/a><\/p>\n\n\n\n<p>Vous avez la possibilit\u00e9 d\u2019introduire une r\u00e9clamation aupr\u00e8s d\u2019une autorit\u00e9 de contr\u00f4le ; d\u00e9l\u00e9gu\u00e9 \u00e0 la protection des donn\u00e9es : Bruno Ca\u00efetti, directeur de l&rsquo;OTC.<\/p>\n\n\n\n<p><\/p>\n","protected":false},"excerpt":{"rendered":"<p>Propri\u00e9taire du site Internet www.ramatuelle-tourisme.com :Office de Tourisme et de la CulturePlace de l&rsquo;Ormeau &#8211; 83350 RamatuelleT\u00e9l. +33 (0)4 98 12 64 00 R\u00e9alisation du site :Franck M\u00e9zi\u00e8re &#8211; Webdesign &amp; d\u00e9veloppement &#8211; meziere.net Photographies : Emmanuel Bertrand, Sylvie Pascarel, Bartolo, Raymond Viala, Fernando Rodrigues, AmauryBrac, Jean-Louis Chaix, Office de Tourisme de Ramatuelle. Ce site<a class=\"excerpt-read-more\" href=\"https:\/\/www.ramatuelle-tourisme.com\/fr\/mentions-legales\/\" title=\"ReadMentions l\u00e9gales\">&#8230; Read more &raquo;<\/a><\/p>\n","protected":false},"author":1,"featured_media":0,"parent":0,"menu_order":303,"comment_status":"closed","ping_status":"closed","template":"","meta":{"_acf_changed":false,"footnotes":""},"class_list":["post-438","page","type-page","status-publish","hentry"],"acf":{"black__white":false,"nugget":false,"type_daffichage":"default","gallery":false,"liens_ancrage":false,"autoplay":true,"delay":"4000"},"aioseo_notices":[],"_links":{"self":[{"href":"https:\/\/www.ramatuelle-tourisme.com\/fr\/wp-json\/wp\/v2\/pages\/438","targetHints":{"allow":["GET"]}}],"collection":[{"href":"https:\/\/www.ramatuelle-tourisme.com\/fr\/wp-json\/wp\/v2\/pages"}],"about":[{"href":"https:\/\/www.ramatuelle-tourisme.com\/fr\/wp-json\/wp\/v2\/types\/page"}],"author":[{"embeddable":true,"href":"https:\/\/www.ramatuelle-tourisme.com\/fr\/wp-json\/wp\/v2\/users\/1"}],"replies":[{"embeddable":true,"href":"https:\/\/www.ramatuelle-tourisme.com\/fr\/wp-json\/wp\/v2\/comments?post=438"}],"version-history":[{"count":11,"href":"https:\/\/www.ramatuelle-tourisme.com\/fr\/wp-json\/wp\/v2\/pages\/438\/revisions"}],"predecessor-version":[{"id":18315,"href":"https:\/\/www.ramatuelle-tourisme.com\/fr\/wp-json\/wp\/v2\/pages\/438\/revisions\/18315"}],"wp:attachment":[{"href":"https:\/\/www.ramatuelle-tourisme.com\/fr\/wp-json\/wp\/v2\/media?parent=438"}],"curies":[{"name":"wp","href":"https:\/\/api.w.org\/{rel}","templated":true}]}}