{"id":33,"date":"2016-11-15T00:03:48","date_gmt":"2016-11-14T23:03:48","guid":{"rendered":"http:\/\/www.ramatuelle-tourisme.com\/?page_id=33"},"modified":"2026-05-01T17:41:30","modified_gmt":"2026-05-01T15:41:30","slug":"terre-daccueil","status":"publish","type":"page","link":"https:\/\/www.ramatuelle-tourisme.com\/fr\/partager-des-emotions\/terre-daccueil\/","title":{"rendered":"Terre d&rsquo;accueil"},"content":{"rendered":"<p style=\"text-align: center;\">Au son des cigales l\u2019accueil est plus chaleureux. Vous trouverez toujours une prestation pour rendre votre s\u00e9jour agr\u00e9able.<\/p>\n<p style=\"text-align: center;\">Ramatuelle est une peinture vivante avec un pass\u00e9 riche qui laissera une empreinte ind\u00e9l\u00e9bile dans l\u2019album de vos souvenirs.<\/p>\n","protected":false},"excerpt":{"rendered":"<p>Au son des cigales l\u2019accueil est plus chaleureux. Vous trouverez toujours une prestation pour rendre votre s\u00e9jour agr\u00e9able. Ramatuelle est une peinture vivante avec un pass\u00e9 riche qui laissera une empreinte ind\u00e9l\u00e9bile dans l\u2019album de vos souvenirs.<\/p>\n","protected":false},"author":1,"featured_media":18721,"parent":10,"menu_order":224,"comment_status":"closed","ping_status":"closed","template":"single-terre-d-accueil.php","meta":{"_acf_changed":false,"footnotes":""},"class_list":["post-33","page","type-page","status-publish","has-post-thumbnail","hentry"],"acf":{"black__white":true,"nugget":false,"type_daffichage":"default","gallery":[{"ID":10694,"id":10694,"title":"Terre d'accueil_ Ramatuelle Village esplanade mairie \u00a9 Office de Tourisme Ramatuelle","filename":"Terre-daccueil_-Ramatuelle-Village-esplanade-mairie-\u00a9-Office-de-Tourisme-Ramatuelle-scaled.jpg","filesize":861933,"url":"https:\/\/www.ramatuelle-tourisme.com\/wp-content\/uploads\/2023\/01\/Terre-daccueil_-Ramatuelle-Village-esplanade-mairie-\u00a9-Office-de-Tourisme-Ramatuelle-scaled.jpg","link":"https:\/\/www.ramatuelle-tourisme.com\/fr\/partager-des-emotions\/terre-daccueil\/terre-daccueil_-ramatuelle-village-esplanade-mairie-office-de-tourisme-ramatuelle\/","alt":"","author":"2","description":"","caption":"","name":"terre-daccueil_-ramatuelle-village-esplanade-mairie-office-de-tourisme-ramatuelle","status":"inherit","uploaded_to":33,"date":"2023-01-29 17:56:52","modified":"2023-01-29 17:56:58","menu_order":0,"mime_type":"image\/jpeg","type":"image","subtype":"jpeg","icon":"https:\/\/www.ramatuelle-tourisme.com\/wp-includes\/images\/media\/default.png","width":2560,"height":1828,"sizes":{"thumbnail":"https:\/\/www.ramatuelle-tourisme.com\/wp-content\/uploads\/2023\/01\/Terre-daccueil_-Ramatuelle-Village-esplanade-mairie-\u00a9-Office-de-Tourisme-Ramatuelle-150x150.jpg","thumbnail-width":150,"thumbnail-height":150,"medium":"https:\/\/www.ramatuelle-tourisme.com\/wp-content\/uploads\/2023\/01\/Terre-daccueil_-Ramatuelle-Village-esplanade-mairie-\u00a9-Office-de-Tourisme-Ramatuelle-300x214.jpg","medium-width":300,"medium-height":214,"medium_large":"https:\/\/www.ramatuelle-tourisme.com\/wp-content\/uploads\/2023\/01\/Terre-daccueil_-Ramatuelle-Village-esplanade-mairie-\u00a9-Office-de-Tourisme-Ramatuelle-768x549.jpg","medium_large-width":768,"medium_large-height":549,"large":"https:\/\/www.ramatuelle-tourisme.com\/wp-content\/uploads\/2023\/01\/Terre-daccueil_-Ramatuelle-Village-esplanade-mairie-\u00a9-Office-de-Tourisme-Ramatuelle-1170x836.jpg","large-width":1170,"large-height":836,"1536x1536":"https:\/\/www.ramatuelle-tourisme.com\/wp-content\/uploads\/2023\/01\/Terre-daccueil_-Ramatuelle-Village-esplanade-mairie-\u00a9-Office-de-Tourisme-Ramatuelle-1536x1097.jpg","1536x1536-width":1536,"1536x1536-height":1097,"2048x2048":"https:\/\/www.ramatuelle-tourisme.com\/wp-content\/uploads\/2023\/01\/Terre-daccueil_-Ramatuelle-Village-esplanade-mairie-\u00a9-Office-de-Tourisme-Ramatuelle-2048x1463.jpg","2048x2048-width":2048,"2048x2048-height":1463,"post-thumbnail":"https:\/\/www.ramatuelle-tourisme.com\/wp-content\/uploads\/2023\/01\/Terre-daccueil_-Ramatuelle-Village-esplanade-mairie-\u00a9-Office-de-Tourisme-Ramatuelle-125x125.jpg","post-thumbnail-width":125,"post-thumbnail-height":125,"small_large":"https:\/\/www.ramatuelle-tourisme.com\/wp-content\/uploads\/2023\/01\/Terre-daccueil_-Ramatuelle-Village-esplanade-mairie-\u00a9-Office-de-Tourisme-Ramatuelle-300x214.jpg","small_large-width":300,"small_large-height":214,"thumb_370_247":"https:\/\/www.ramatuelle-tourisme.com\/wp-content\/uploads\/2023\/01\/Terre-daccueil_-Ramatuelle-Village-esplanade-mairie-\u00a9-Office-de-Tourisme-Ramatuelle-370x247.jpg","thumb_370_247-width":370,"thumb_370_247-height":247}}],"autoplay":true,"delay":"4000","liens_ancrage":false},"aioseo_notices":[],"_links":{"self":[{"href":"https:\/\/www.ramatuelle-tourisme.com\/fr\/wp-json\/wp\/v2\/pages\/33","targetHints":{"allow":["GET"]}}],"collection":[{"href":"https:\/\/www.ramatuelle-tourisme.com\/fr\/wp-json\/wp\/v2\/pages"}],"about":[{"href":"https:\/\/www.ramatuelle-tourisme.com\/fr\/wp-json\/wp\/v2\/types\/page"}],"author":[{"embeddable":true,"href":"https:\/\/www.ramatuelle-tourisme.com\/fr\/wp-json\/wp\/v2\/users\/1"}],"replies":[{"embeddable":true,"href":"https:\/\/www.ramatuelle-tourisme.com\/fr\/wp-json\/wp\/v2\/comments?post=33"}],"version-history":[{"count":9,"href":"https:\/\/www.ramatuelle-tourisme.com\/fr\/wp-json\/wp\/v2\/pages\/33\/revisions"}],"predecessor-version":[{"id":18720,"href":"https:\/\/www.ramatuelle-tourisme.com\/fr\/wp-json\/wp\/v2\/pages\/33\/revisions\/18720"}],"up":[{"embeddable":true,"href":"https:\/\/www.ramatuelle-tourisme.com\/fr\/wp-json\/wp\/v2\/pages\/10"}],"wp:featuredmedia":[{"embeddable":true,"href":"https:\/\/www.ramatuelle-tourisme.com\/fr\/wp-json\/wp\/v2\/media\/18721"}],"wp:attachment":[{"href":"https:\/\/www.ramatuelle-tourisme.com\/fr\/wp-json\/wp\/v2\/media?parent=33"}],"curies":[{"name":"wp","href":"https:\/\/api.w.org\/{rel}","templated":true}]}}