{"id":3265,"date":"2019-06-01T11:36:11","date_gmt":"2019-06-01T09:36:11","guid":{"rendered":"https:\/\/www.ramatuelle-tourisme.com\/?page_id=3265"},"modified":"2019-08-02T11:23:37","modified_gmt":"2019-08-02T09:23:37","slug":"la-sultanine","status":"publish","type":"page","link":"https:\/\/www.ramatuelle-tourisme.com\/fr\/decouvrir-la-presquile\/cote-nature\/le-vignoble\/la-sultanine\/","title":{"rendered":"La Sultanine"},"content":{"rendered":"\n<p>Partag\u00e9 entre Ramatuelle et La Croix-Valmer, le domaine de La Sultanine est l\u2019un des plus petits de Provence avec ses 4,5 ha. La cave o\u00f9 sont \u00e9lev\u00e9s les vins est situ\u00e9e\u00a0aux Sellettes et elle est\u00a0est \u00e0 l\u2019\u00e9chelle de ce vignoble.\u00a0Les vignerons\u00a0Christian Chauvet et Benjamin Courtin y produisent quatre cuv\u00e9es en agriculture biologique. La production est \u00e0 d\u00e9couvrir sur place avec les cuv\u00e9es \u00ab\u00a0Benardine\u00a0\u00bb : ros\u00e9 (c\u00e9pages grenache, cinsault et tibouren) et rouge (syrah et grenache) et les cuv\u00e9es N\u00b01 : rouge (grenache)\u00a0et blanc\u00a0(s\u00e9millon et rolle), vieillis en f\u00fbts de ch\u00eane de 8 \u00e0 12 mois.<\/p>\n","protected":false},"excerpt":{"rendered":"<p>Partag\u00e9 entre Ramatuelle et La Croix-Valmer, le domaine de La Sultanine est l\u2019un des plus petits de Provence avec ses 4,5 ha. La cave o\u00f9 sont \u00e9lev\u00e9s les vins est situ\u00e9e\u00a0aux Sellettes et elle est\u00a0est \u00e0 l\u2019\u00e9chelle de ce vignoble.\u00a0Les vignerons\u00a0Christian Chauvet et Benjamin Courtin y produisent quatre cuv\u00e9es en agriculture biologique. La production est<a class=\"excerpt-read-more\" href=\"https:\/\/www.ramatuelle-tourisme.com\/fr\/decouvrir-la-presquile\/cote-nature\/le-vignoble\/la-sultanine\/\" title=\"ReadLa Sultanine\">&#8230; Read more &raquo;<\/a><\/p>\n","protected":false},"author":1,"featured_media":3270,"parent":124,"menu_order":328,"comment_status":"closed","ping_status":"closed","template":"","meta":{"_acf_changed":false,"footnotes":""},"class_list":["post-3265","page","type-page","status-publish","has-post-thumbnail","hentry"],"acf":{"gallery":false,"black__white":false,"type_daffichage":"diamant","nugget":false},"aioseo_notices":[],"_links":{"self":[{"href":"https:\/\/www.ramatuelle-tourisme.com\/fr\/wp-json\/wp\/v2\/pages\/3265","targetHints":{"allow":["GET"]}}],"collection":[{"href":"https:\/\/www.ramatuelle-tourisme.com\/fr\/wp-json\/wp\/v2\/pages"}],"about":[{"href":"https:\/\/www.ramatuelle-tourisme.com\/fr\/wp-json\/wp\/v2\/types\/page"}],"author":[{"embeddable":true,"href":"https:\/\/www.ramatuelle-tourisme.com\/fr\/wp-json\/wp\/v2\/users\/1"}],"replies":[{"embeddable":true,"href":"https:\/\/www.ramatuelle-tourisme.com\/fr\/wp-json\/wp\/v2\/comments?post=3265"}],"version-history":[{"count":7,"href":"https:\/\/www.ramatuelle-tourisme.com\/fr\/wp-json\/wp\/v2\/pages\/3265\/revisions"}],"predecessor-version":[{"id":3727,"href":"https:\/\/www.ramatuelle-tourisme.com\/fr\/wp-json\/wp\/v2\/pages\/3265\/revisions\/3727"}],"up":[{"embeddable":true,"href":"https:\/\/www.ramatuelle-tourisme.com\/fr\/wp-json\/wp\/v2\/pages\/124"}],"wp:featuredmedia":[{"embeddable":true,"href":"https:\/\/www.ramatuelle-tourisme.com\/fr\/wp-json\/wp\/v2\/media\/3270"}],"wp:attachment":[{"href":"https:\/\/www.ramatuelle-tourisme.com\/fr\/wp-json\/wp\/v2\/media?parent=3265"}],"curies":[{"name":"wp","href":"https:\/\/api.w.org\/{rel}","templated":true}]}}