{"id":3250,"date":"2019-06-01T11:03:01","date_gmt":"2019-06-01T09:03:01","guid":{"rendered":"https:\/\/www.ramatuelle-tourisme.com\/?page_id=3250"},"modified":"2019-06-11T09:03:33","modified_gmt":"2019-06-11T07:03:33","slug":"fondugues-pradugues","status":"publish","type":"page","link":"https:\/\/www.ramatuelle-tourisme.com\/fr\/decouvrir-la-presquile\/cote-nature\/le-vignoble\/fondugues-pradugues\/","title":{"rendered":"Fondugues-Pradugues"},"content":{"rendered":"\n<p>Le domaine Fondugues-Pradugues produit des vins de Provence uniques en rouge et en ros\u00e9, en \u00e9ditions limit\u00e9es num\u00e9rot\u00e9es, en explorant diff\u00e9rents c\u00e9pages et assemblages cr\u00e9atifs.  <br>Proche de la Mer M\u00e9diterran\u00e9e, sur la presqu\u2019\u00eele de Saint Tropez, ses 14 hectares de vignoble sont au c\u0153ur de la plaine de Ramatuelle, site prot\u00e9g\u00e9 entre les collines qui nous entourent de tous c\u00f4t\u00e9s, \u00e0 quelques minutes du village et de la c\u00e9l\u00e8bre Plage de Pampelonne.<br> Cette r\u00e9serve de biodiversit\u00e9 est en constante interaction avec nos vignes, constituant pour les plantes et les animaux un \u00e9quilibre naturel. <\/p>\n","protected":false},"excerpt":{"rendered":"<p>Le domaine Fondugues-Pradugues produit des vins de Provence uniques en rouge et en ros\u00e9, en \u00e9ditions limit\u00e9es num\u00e9rot\u00e9es, en explorant diff\u00e9rents c\u00e9pages et assemblages cr\u00e9atifs. Proche de la Mer M\u00e9diterran\u00e9e, sur la presqu\u2019\u00eele de Saint Tropez, ses 14 hectares de vignoble sont au c\u0153ur de la plaine de Ramatuelle, site prot\u00e9g\u00e9 entre les collines qui<a class=\"excerpt-read-more\" href=\"https:\/\/www.ramatuelle-tourisme.com\/fr\/decouvrir-la-presquile\/cote-nature\/le-vignoble\/fondugues-pradugues\/\" title=\"ReadFondugues-Pradugues\">&#8230; Read more &raquo;<\/a><\/p>\n","protected":false},"author":1,"featured_media":3273,"parent":124,"menu_order":310,"comment_status":"closed","ping_status":"closed","template":"","meta":{"_acf_changed":false,"footnotes":""},"class_list":["post-3250","page","type-page","status-publish","has-post-thumbnail","hentry"],"acf":{"gallery":false,"black__white":false,"type_daffichage":"diamant","nugget":false},"aioseo_notices":[],"_links":{"self":[{"href":"https:\/\/www.ramatuelle-tourisme.com\/fr\/wp-json\/wp\/v2\/pages\/3250","targetHints":{"allow":["GET"]}}],"collection":[{"href":"https:\/\/www.ramatuelle-tourisme.com\/fr\/wp-json\/wp\/v2\/pages"}],"about":[{"href":"https:\/\/www.ramatuelle-tourisme.com\/fr\/wp-json\/wp\/v2\/types\/page"}],"author":[{"embeddable":true,"href":"https:\/\/www.ramatuelle-tourisme.com\/fr\/wp-json\/wp\/v2\/users\/1"}],"replies":[{"embeddable":true,"href":"https:\/\/www.ramatuelle-tourisme.com\/fr\/wp-json\/wp\/v2\/comments?post=3250"}],"version-history":[{"count":7,"href":"https:\/\/www.ramatuelle-tourisme.com\/fr\/wp-json\/wp\/v2\/pages\/3250\/revisions"}],"predecessor-version":[{"id":3282,"href":"https:\/\/www.ramatuelle-tourisme.com\/fr\/wp-json\/wp\/v2\/pages\/3250\/revisions\/3282"}],"up":[{"embeddable":true,"href":"https:\/\/www.ramatuelle-tourisme.com\/fr\/wp-json\/wp\/v2\/pages\/124"}],"wp:featuredmedia":[{"embeddable":true,"href":"https:\/\/www.ramatuelle-tourisme.com\/fr\/wp-json\/wp\/v2\/media\/3273"}],"wp:attachment":[{"href":"https:\/\/www.ramatuelle-tourisme.com\/fr\/wp-json\/wp\/v2\/media?parent=3250"}],"curies":[{"name":"wp","href":"https:\/\/api.w.org\/{rel}","templated":true}]}}