{"id":31,"date":"2016-11-15T00:03:31","date_gmt":"2016-11-14T23:03:31","guid":{"rendered":"http:\/\/www.ramatuelle-tourisme.com\/?page_id=31"},"modified":"2023-01-29T18:55:57","modified_gmt":"2023-01-29T17:55:57","slug":"flot-de-saveur","status":"publish","type":"page","link":"https:\/\/www.ramatuelle-tourisme.com\/fr\/partager-des-emotions\/flot-de-saveur\/","title":{"rendered":"Saveurs locales"},"content":{"rendered":"\n<p>Les fruits d\u2019une terre nourrie de soleil ne peuvent \u00eatre que douceur et g\u00e9n\u00e9rosit\u00e9. Les d\u00e9couvertes gustatives de nos r\u00e9gions sont in\u00e9puisables, saveurs comme nulle part ailleurs, inoubliables.<\/p>\n","protected":false},"excerpt":{"rendered":"<p>Les fruits d\u2019une terre nourrie de soleil ne peuvent \u00eatre que douceur et g\u00e9n\u00e9rosit\u00e9. Les d\u00e9couvertes gustatives de nos r\u00e9gions sont in\u00e9puisables, saveurs comme nulle part ailleurs, inoubliables.<\/p>\n","protected":false},"author":1,"featured_media":2845,"parent":10,"menu_order":225,"comment_status":"closed","ping_status":"closed","template":"single-flot-de-saveur.php","meta":{"_acf_changed":false,"footnotes":""},"class_list":["post-31","page","type-page","status-publish","has-post-thumbnail","hentry"],"acf":{"black__white":true,"nugget":false,"type_daffichage":"default","gallery":[{"ID":10690,"id":10690,"title":"Saveurs locales_ l'Eph\u00e9m\u00e8re-IMG_1543","filename":"Saveurs-locales_-lEphemere-IMG_1543-scaled.jpg","filesize":1289696,"url":"https:\/\/www.ramatuelle-tourisme.com\/wp-content\/uploads\/2023\/01\/Saveurs-locales_-lEphemere-IMG_1543-scaled.jpg","link":"https:\/\/www.ramatuelle-tourisme.com\/fr\/partager-des-emotions\/flot-de-saveur\/saveurs-locales_-lephemere-img_1543\/","alt":"","author":"2","description":"","caption":"","name":"saveurs-locales_-lephemere-img_1543","status":"inherit","uploaded_to":31,"date":"2023-01-29 17:55:47","modified":"2023-01-29 17:55:54","menu_order":0,"mime_type":"image\/jpeg","type":"image","subtype":"jpeg","icon":"https:\/\/www.ramatuelle-tourisme.com\/wp-includes\/images\/media\/default.png","width":2560,"height":1707,"sizes":{"thumbnail":"https:\/\/www.ramatuelle-tourisme.com\/wp-content\/uploads\/2023\/01\/Saveurs-locales_-lEphemere-IMG_1543-150x150.jpg","thumbnail-width":150,"thumbnail-height":150,"medium":"https:\/\/www.ramatuelle-tourisme.com\/wp-content\/uploads\/2023\/01\/Saveurs-locales_-lEphemere-IMG_1543-300x200.jpg","medium-width":300,"medium-height":200,"medium_large":"https:\/\/www.ramatuelle-tourisme.com\/wp-content\/uploads\/2023\/01\/Saveurs-locales_-lEphemere-IMG_1543-768x512.jpg","medium_large-width":768,"medium_large-height":512,"large":"https:\/\/www.ramatuelle-tourisme.com\/wp-content\/uploads\/2023\/01\/Saveurs-locales_-lEphemere-IMG_1543-1170x780.jpg","large-width":1170,"large-height":780,"1536x1536":"https:\/\/www.ramatuelle-tourisme.com\/wp-content\/uploads\/2023\/01\/Saveurs-locales_-lEphemere-IMG_1543-1536x1024.jpg","1536x1536-width":1536,"1536x1536-height":1024,"2048x2048":"https:\/\/www.ramatuelle-tourisme.com\/wp-content\/uploads\/2023\/01\/Saveurs-locales_-lEphemere-IMG_1543-2048x1365.jpg","2048x2048-width":2048,"2048x2048-height":1365,"post-thumbnail":"https:\/\/www.ramatuelle-tourisme.com\/wp-content\/uploads\/2023\/01\/Saveurs-locales_-lEphemere-IMG_1543-125x125.jpg","post-thumbnail-width":125,"post-thumbnail-height":125,"small_large":"https:\/\/www.ramatuelle-tourisme.com\/wp-content\/uploads\/2023\/01\/Saveurs-locales_-lEphemere-IMG_1543-300x200.jpg","small_large-width":300,"small_large-height":200,"thumb_370_247":"https:\/\/www.ramatuelle-tourisme.com\/wp-content\/uploads\/2023\/01\/Saveurs-locales_-lEphemere-IMG_1543-370x247.jpg","thumb_370_247-width":370,"thumb_370_247-height":247}}],"autoplay":true,"delay":"4000","liens_ancrage":false},"aioseo_notices":[],"_links":{"self":[{"href":"https:\/\/www.ramatuelle-tourisme.com\/fr\/wp-json\/wp\/v2\/pages\/31","targetHints":{"allow":["GET"]}}],"collection":[{"href":"https:\/\/www.ramatuelle-tourisme.com\/fr\/wp-json\/wp\/v2\/pages"}],"about":[{"href":"https:\/\/www.ramatuelle-tourisme.com\/fr\/wp-json\/wp\/v2\/types\/page"}],"author":[{"embeddable":true,"href":"https:\/\/www.ramatuelle-tourisme.com\/fr\/wp-json\/wp\/v2\/users\/1"}],"replies":[{"embeddable":true,"href":"https:\/\/www.ramatuelle-tourisme.com\/fr\/wp-json\/wp\/v2\/comments?post=31"}],"version-history":[{"count":10,"href":"https:\/\/www.ramatuelle-tourisme.com\/fr\/wp-json\/wp\/v2\/pages\/31\/revisions"}],"predecessor-version":[{"id":10693,"href":"https:\/\/www.ramatuelle-tourisme.com\/fr\/wp-json\/wp\/v2\/pages\/31\/revisions\/10693"}],"up":[{"embeddable":true,"href":"https:\/\/www.ramatuelle-tourisme.com\/fr\/wp-json\/wp\/v2\/pages\/10"}],"wp:featuredmedia":[{"embeddable":true,"href":"https:\/\/www.ramatuelle-tourisme.com\/fr\/wp-json\/wp\/v2\/media\/2845"}],"wp:attachment":[{"href":"https:\/\/www.ramatuelle-tourisme.com\/fr\/wp-json\/wp\/v2\/media?parent=31"}],"curies":[{"name":"wp","href":"https:\/\/api.w.org\/{rel}","templated":true}]}}