{"id":29,"date":"2016-11-15T00:03:12","date_gmt":"2016-11-14T23:03:12","guid":{"rendered":"http:\/\/www.ramatuelle-tourisme.com\/?page_id=29"},"modified":"2019-01-08T23:12:18","modified_gmt":"2019-01-08T22:12:18","slug":"choeur-de-festivites","status":"publish","type":"page","link":"https:\/\/www.ramatuelle-tourisme.com\/fr\/partager-des-emotions\/choeur-de-festivites\/","title":{"rendered":"Choeur de festivit\u00e9s"},"content":{"rendered":"<p>Le soleil et les cigales rythment les jours mais une fois la nuit venue c\u2019est une toute autre musique qui donne le La et fait danser les c\u0153urs&nbsp;! Terre de f\u00eates de prestige, Ramatuelle fait p\u00e9tiller la nuit.<\/p>\n","protected":false},"excerpt":{"rendered":"<p>Le soleil et les cigales rythment les jours mais une fois la nuit venue c\u2019est une toute autre musique qui donne le La et fait danser les c\u0153urs&nbsp;! Terre de f\u00eates de prestige, Ramatuelle fait p\u00e9tiller la nuit.<\/p>\n","protected":false},"author":1,"featured_media":0,"parent":10,"menu_order":231,"comment_status":"closed","ping_status":"closed","template":"single-choeur-de-festivites.php","meta":{"_acf_changed":false,"footnotes":""},"class_list":["post-29","page","type-page","status-publish","hentry"],"acf":{"black__white":true,"nugget":false,"type_daffichage":"default","gallery":[{"ID":2834,"id":2834,"title":"choeur-de-festivites","filename":"choeur-de-festivites.jpg","filesize":581068,"url":"https:\/\/www.ramatuelle-tourisme.com\/wp-content\/uploads\/2019\/01\/choeur-de-festivites.jpg","link":"https:\/\/www.ramatuelle-tourisme.com\/fr\/partager-des-emotions\/choeur-de-festivites\/choeur-de-festivites\/","alt":"","author":"1","description":"","caption":"","name":"choeur-de-festivites","status":"inherit","uploaded_to":29,"date":"2019-01-08 22:12:14","modified":"2019-01-08 22:12:16","menu_order":0,"mime_type":"image\/jpeg","type":"image","subtype":"jpeg","icon":"https:\/\/www.ramatuelle-tourisme.com\/wp-includes\/images\/media\/default.png","width":1920,"height":1080,"sizes":{"thumbnail":"https:\/\/www.ramatuelle-tourisme.com\/wp-content\/uploads\/2019\/01\/choeur-de-festivites-150x150.jpg","thumbnail-width":150,"thumbnail-height":150,"medium":"https:\/\/www.ramatuelle-tourisme.com\/wp-content\/uploads\/2019\/01\/choeur-de-festivites-300x169.jpg","medium-width":300,"medium-height":169,"medium_large":"https:\/\/www.ramatuelle-tourisme.com\/wp-content\/uploads\/2019\/01\/choeur-de-festivites-768x432.jpg","medium_large-width":768,"medium_large-height":432,"large":"https:\/\/www.ramatuelle-tourisme.com\/wp-content\/uploads\/2019\/01\/choeur-de-festivites-1170x658.jpg","large-width":1170,"large-height":658,"1536x1536":"https:\/\/www.ramatuelle-tourisme.com\/wp-content\/uploads\/2019\/01\/choeur-de-festivites-1536x864.jpg","1536x1536-width":1536,"1536x1536-height":864,"2048x2048":"https:\/\/www.ramatuelle-tourisme.com\/wp-content\/uploads\/2019\/01\/choeur-de-festivites.jpg","2048x2048-width":1920,"2048x2048-height":1080,"post-thumbnail":"https:\/\/www.ramatuelle-tourisme.com\/wp-content\/uploads\/2019\/01\/choeur-de-festivites-125x125.jpg","post-thumbnail-width":125,"post-thumbnail-height":125,"small_large":"https:\/\/www.ramatuelle-tourisme.com\/wp-content\/uploads\/2019\/01\/choeur-de-festivites-300x169.jpg","small_large-width":300,"small_large-height":169,"thumb_370_247":"https:\/\/www.ramatuelle-tourisme.com\/wp-content\/uploads\/2019\/01\/choeur-de-festivites-370x247.jpg","thumb_370_247-width":370,"thumb_370_247-height":247}}]},"aioseo_notices":[],"_links":{"self":[{"href":"https:\/\/www.ramatuelle-tourisme.com\/fr\/wp-json\/wp\/v2\/pages\/29","targetHints":{"allow":["GET"]}}],"collection":[{"href":"https:\/\/www.ramatuelle-tourisme.com\/fr\/wp-json\/wp\/v2\/pages"}],"about":[{"href":"https:\/\/www.ramatuelle-tourisme.com\/fr\/wp-json\/wp\/v2\/types\/page"}],"author":[{"embeddable":true,"href":"https:\/\/www.ramatuelle-tourisme.com\/fr\/wp-json\/wp\/v2\/users\/1"}],"replies":[{"embeddable":true,"href":"https:\/\/www.ramatuelle-tourisme.com\/fr\/wp-json\/wp\/v2\/comments?post=29"}],"version-history":[{"count":9,"href":"https:\/\/www.ramatuelle-tourisme.com\/fr\/wp-json\/wp\/v2\/pages\/29\/revisions"}],"predecessor-version":[{"id":2838,"href":"https:\/\/www.ramatuelle-tourisme.com\/fr\/wp-json\/wp\/v2\/pages\/29\/revisions\/2838"}],"up":[{"embeddable":true,"href":"https:\/\/www.ramatuelle-tourisme.com\/fr\/wp-json\/wp\/v2\/pages\/10"}],"wp:attachment":[{"href":"https:\/\/www.ramatuelle-tourisme.com\/fr\/wp-json\/wp\/v2\/media?parent=29"}],"curies":[{"name":"wp","href":"https:\/\/api.w.org\/{rel}","templated":true}]}}