{"id":257,"date":"2016-12-01T22:47:40","date_gmt":"2016-12-01T21:47:40","guid":{"rendered":"http:\/\/www.ramatuelle-tourisme.com\/?page_id=257"},"modified":"2016-12-14T01:31:31","modified_gmt":"2016-12-14T00:31:31","slug":"domaine-la-tourraque","status":"publish","type":"page","link":"https:\/\/www.ramatuelle-tourisme.com\/fr\/decouvrir-la-presquile\/cote-nature\/le-vignoble\/domaine-la-tourraque\/","title":{"rendered":"Domaine la Tourraque"},"content":{"rendered":"<p>Depuis 1805, notre famille cultive ce vignoble situ\u00e9 dans le Site Class\u00e9 des Trois Caps. Au c\u0153ur du golfe de Saint-Tropez, nous produisons des vins en A.O.C C\u00f4tes de Provence. La proximit\u00e9 de la mer influence favorablement nos 40 ha de vignes. Nous proposons, dans les trois couleurs, des vins l\u00e9gers et fruit\u00e9s, mais aussi des vins plus structur\u00e9s, \u00e9lev\u00e9s en barrique. Magnums, vins mill\u00e9sim\u00e9s et produits d\u00e9riv\u00e9s sont aussi disponibles. Enfin, nous produisons de l\u2019huile d\u2019olive, et proposons des formules d\u2019\u0153notourisme.<\/p>\n","protected":false},"excerpt":{"rendered":"<p>Depuis 1805, notre famille cultive ce vignoble situ\u00e9 dans le Site Class\u00e9 des Trois Caps. Au c\u0153ur du golfe de Saint-Tropez, nous produisons des vins en A.O.C C\u00f4tes de Provence. La proximit\u00e9 de la mer influence favorablement nos 40 ha de vignes. Nous proposons, dans les trois couleurs, des vins l\u00e9gers et fruit\u00e9s, mais aussi<a class=\"excerpt-read-more\" href=\"https:\/\/www.ramatuelle-tourisme.com\/fr\/decouvrir-la-presquile\/cote-nature\/le-vignoble\/domaine-la-tourraque\/\" title=\"ReadDomaine la Tourraque\">&#8230; Read more &raquo;<\/a><\/p>\n","protected":false},"author":1,"featured_media":352,"parent":124,"menu_order":305,"comment_status":"closed","ping_status":"closed","template":"","meta":{"_acf_changed":false,"footnotes":""},"class_list":["post-257","page","type-page","status-publish","has-post-thumbnail","hentry"],"acf":{"black__white":false,"nugget":false,"type_daffichage":"diamant"},"aioseo_notices":[],"_links":{"self":[{"href":"https:\/\/www.ramatuelle-tourisme.com\/fr\/wp-json\/wp\/v2\/pages\/257","targetHints":{"allow":["GET"]}}],"collection":[{"href":"https:\/\/www.ramatuelle-tourisme.com\/fr\/wp-json\/wp\/v2\/pages"}],"about":[{"href":"https:\/\/www.ramatuelle-tourisme.com\/fr\/wp-json\/wp\/v2\/types\/page"}],"author":[{"embeddable":true,"href":"https:\/\/www.ramatuelle-tourisme.com\/fr\/wp-json\/wp\/v2\/users\/1"}],"replies":[{"embeddable":true,"href":"https:\/\/www.ramatuelle-tourisme.com\/fr\/wp-json\/wp\/v2\/comments?post=257"}],"version-history":[{"count":2,"href":"https:\/\/www.ramatuelle-tourisme.com\/fr\/wp-json\/wp\/v2\/pages\/257\/revisions"}],"predecessor-version":[{"id":360,"href":"https:\/\/www.ramatuelle-tourisme.com\/fr\/wp-json\/wp\/v2\/pages\/257\/revisions\/360"}],"up":[{"embeddable":true,"href":"https:\/\/www.ramatuelle-tourisme.com\/fr\/wp-json\/wp\/v2\/pages\/124"}],"wp:featuredmedia":[{"embeddable":true,"href":"https:\/\/www.ramatuelle-tourisme.com\/fr\/wp-json\/wp\/v2\/media\/352"}],"wp:attachment":[{"href":"https:\/\/www.ramatuelle-tourisme.com\/fr\/wp-json\/wp\/v2\/media?parent=257"}],"curies":[{"name":"wp","href":"https:\/\/api.w.org\/{rel}","templated":true}]}}