{"id":253,"date":"2016-12-01T22:46:18","date_gmt":"2016-12-01T21:46:18","guid":{"rendered":"http:\/\/www.ramatuelle-tourisme.com\/?page_id=253"},"modified":"2016-12-14T01:30:52","modified_gmt":"2016-12-14T00:30:52","slug":"domaine-des-bouis","status":"publish","type":"page","link":"https:\/\/www.ramatuelle-tourisme.com\/fr\/decouvrir-la-presquile\/cote-nature\/le-vignoble\/domaine-des-bouis\/","title":{"rendered":"Domaine des Bouis"},"content":{"rendered":"<p>Le domaine est situ\u00e9 dans l&rsquo;arri\u00e8re plaine de Pampelonne. Une tradition familiale, un long travail de recherche des meilleurs c\u00e9pages : Carignan, Syrah, Grenache, Carignan blanc, Rolle. Le vin rouge est \u00e9lev\u00e9 10 mois en barrique. Le ros\u00e9 de saign\u00e9e comme notre vin blanc est \u00e9lev\u00e9 en barrique sur lie fine. Un vin sp\u00e9cial pour un lieu unique.<\/p>\n","protected":false},"excerpt":{"rendered":"<p>Le domaine est situ\u00e9 dans l&rsquo;arri\u00e8re plaine de Pampelonne. Une tradition familiale, un long travail de recherche des meilleurs c\u00e9pages : Carignan, Syrah, Grenache, Carignan blanc, Rolle. Le vin rouge est \u00e9lev\u00e9 10 mois en barrique. Le ros\u00e9 de saign\u00e9e comme notre vin blanc est \u00e9lev\u00e9 en barrique sur lie fine. Un vin sp\u00e9cial pour<a class=\"excerpt-read-more\" href=\"https:\/\/www.ramatuelle-tourisme.com\/fr\/decouvrir-la-presquile\/cote-nature\/le-vignoble\/domaine-des-bouis\/\" title=\"ReadDomaine des Bouis\">&#8230; Read more &raquo;<\/a><\/p>\n","protected":false},"author":1,"featured_media":355,"parent":124,"menu_order":201,"comment_status":"closed","ping_status":"closed","template":"","meta":{"_acf_changed":false,"footnotes":""},"class_list":["post-253","page","type-page","status-publish","has-post-thumbnail","hentry"],"acf":{"black__white":false,"nugget":false,"type_daffichage":"diamant"},"aioseo_notices":[],"_links":{"self":[{"href":"https:\/\/www.ramatuelle-tourisme.com\/fr\/wp-json\/wp\/v2\/pages\/253","targetHints":{"allow":["GET"]}}],"collection":[{"href":"https:\/\/www.ramatuelle-tourisme.com\/fr\/wp-json\/wp\/v2\/pages"}],"about":[{"href":"https:\/\/www.ramatuelle-tourisme.com\/fr\/wp-json\/wp\/v2\/types\/page"}],"author":[{"embeddable":true,"href":"https:\/\/www.ramatuelle-tourisme.com\/fr\/wp-json\/wp\/v2\/users\/1"}],"replies":[{"embeddable":true,"href":"https:\/\/www.ramatuelle-tourisme.com\/fr\/wp-json\/wp\/v2\/comments?post=253"}],"version-history":[{"count":2,"href":"https:\/\/www.ramatuelle-tourisme.com\/fr\/wp-json\/wp\/v2\/pages\/253\/revisions"}],"predecessor-version":[{"id":358,"href":"https:\/\/www.ramatuelle-tourisme.com\/fr\/wp-json\/wp\/v2\/pages\/253\/revisions\/358"}],"up":[{"embeddable":true,"href":"https:\/\/www.ramatuelle-tourisme.com\/fr\/wp-json\/wp\/v2\/pages\/124"}],"wp:featuredmedia":[{"embeddable":true,"href":"https:\/\/www.ramatuelle-tourisme.com\/fr\/wp-json\/wp\/v2\/media\/355"}],"wp:attachment":[{"href":"https:\/\/www.ramatuelle-tourisme.com\/fr\/wp-json\/wp\/v2\/media?parent=253"}],"curies":[{"name":"wp","href":"https:\/\/api.w.org\/{rel}","templated":true}]}}