{"id":251,"date":"2016-12-01T22:45:52","date_gmt":"2016-12-01T21:45:52","guid":{"rendered":"http:\/\/www.ramatuelle-tourisme.com\/?page_id=251"},"modified":"2023-01-03T08:12:28","modified_gmt":"2023-01-03T07:12:28","slug":"chateau-volterra","status":"publish","type":"page","link":"https:\/\/www.ramatuelle-tourisme.com\/fr\/decouvrir-la-presquile\/cote-nature\/le-vignoble\/chateau-volterra\/","title":{"rendered":"Ch\u00e2teau Volterra (ferm\u00e9)"},"content":{"rendered":"<p><strong>Suite \u00e0 un changement r\u00e9cent de propri\u00e9taire, le Ch\u00e2teau Volterra a interrompu son activit\u00e9 viticole. Jusqu&rsquo;\u00e0 l&rsquo;arr\u00eat de son exploitation, le domaine se d\u00e9crivait ainsi : <\/strong><\/p>\n<p>Caress\u00e9es par la douce brise de la M\u00e9diterran\u00e9e, nos vignes qui s&rsquo;\u00e9tendent sur 6 ha jouissent d&rsquo;un panorama privil\u00e9gi\u00e9. La cave, nich\u00e9e dans ses vignobles, b\u00e9n\u00e9ficie d&rsquo;une architecture datant du 19e si\u00e8cle. La taille et les vendanges manuelles \u00e0 la lueur de la lune ainsi que la fermentation en f\u00fbts de ch\u00eane t\u00e9moignent de notre engagement envers une production de vins de qualit\u00e9. Notre aspiration est de produire un C\u00f4tes de Provence qui se classe toujours parmi les meilleurs vins au monde. Nos vins rouges sont riches et complexes, ce qui est rare parmi les vins de la r\u00e9gion. Nos vins blancs offrent un ar\u00f4me rac\u00e9 avec une note l\u00e9g\u00e8re d&rsquo;agrume et une bouche rehauss\u00e9e par une fra\u00eecheur bienvenue.<\/p>\n","protected":false},"excerpt":{"rendered":"<p>Suite \u00e0 un changement r\u00e9cent de propri\u00e9taire, le Ch\u00e2teau Volterra a interrompu son activit\u00e9 viticole. Jusqu&rsquo;\u00e0 l&rsquo;arr\u00eat de son exploitation, le domaine se d\u00e9crivait ainsi : Caress\u00e9es par la douce brise de la M\u00e9diterran\u00e9e, nos vignes qui s&rsquo;\u00e9tendent sur 6 ha jouissent d&rsquo;un panorama privil\u00e9gi\u00e9. La cave, nich\u00e9e dans ses vignobles, b\u00e9n\u00e9ficie d&rsquo;une architecture datant<a class=\"excerpt-read-more\" href=\"https:\/\/www.ramatuelle-tourisme.com\/fr\/decouvrir-la-presquile\/cote-nature\/le-vignoble\/chateau-volterra\/\" title=\"ReadCh\u00e2teau Volterra (ferm\u00e9)\">&#8230; Read more &raquo;<\/a><\/p>\n","protected":false},"author":1,"featured_media":350,"parent":124,"menu_order":200,"comment_status":"closed","ping_status":"closed","template":"","meta":{"_acf_changed":false,"footnotes":""},"class_list":["post-251","page","type-page","status-publish","has-post-thumbnail","hentry"],"acf":{"black__white":false,"nugget":false,"type_daffichage":"diamant","liens_ancrage":false,"gallery":false},"aioseo_notices":[],"_links":{"self":[{"href":"https:\/\/www.ramatuelle-tourisme.com\/fr\/wp-json\/wp\/v2\/pages\/251","targetHints":{"allow":["GET"]}}],"collection":[{"href":"https:\/\/www.ramatuelle-tourisme.com\/fr\/wp-json\/wp\/v2\/pages"}],"about":[{"href":"https:\/\/www.ramatuelle-tourisme.com\/fr\/wp-json\/wp\/v2\/types\/page"}],"author":[{"embeddable":true,"href":"https:\/\/www.ramatuelle-tourisme.com\/fr\/wp-json\/wp\/v2\/users\/1"}],"replies":[{"embeddable":true,"href":"https:\/\/www.ramatuelle-tourisme.com\/fr\/wp-json\/wp\/v2\/comments?post=251"}],"version-history":[{"count":3,"href":"https:\/\/www.ramatuelle-tourisme.com\/fr\/wp-json\/wp\/v2\/pages\/251\/revisions"}],"predecessor-version":[{"id":10267,"href":"https:\/\/www.ramatuelle-tourisme.com\/fr\/wp-json\/wp\/v2\/pages\/251\/revisions\/10267"}],"up":[{"embeddable":true,"href":"https:\/\/www.ramatuelle-tourisme.com\/fr\/wp-json\/wp\/v2\/pages\/124"}],"wp:featuredmedia":[{"embeddable":true,"href":"https:\/\/www.ramatuelle-tourisme.com\/fr\/wp-json\/wp\/v2\/media\/350"}],"wp:attachment":[{"href":"https:\/\/www.ramatuelle-tourisme.com\/fr\/wp-json\/wp\/v2\/media?parent=251"}],"curies":[{"name":"wp","href":"https:\/\/api.w.org\/{rel}","templated":true}]}}