{"id":249,"date":"2016-12-01T22:45:05","date_gmt":"2016-12-01T21:45:05","guid":{"rendered":"http:\/\/www.ramatuelle-tourisme.com\/?page_id=249"},"modified":"2025-08-05T16:32:27","modified_gmt":"2025-08-05T14:32:27","slug":"chateau-des-marres","status":"publish","type":"page","link":"https:\/\/www.ramatuelle-tourisme.com\/fr\/decouvrir-la-presquile\/cote-nature\/le-vignoble\/chateau-des-marres\/","title":{"rendered":"Ch\u00e2teau des Marres"},"content":{"rendered":"<p>Situ\u00e9 sur la route des plages, face \u00e0 la prestigieuse Baie de Pampelonne, cette propri\u00e9t\u00e9 familiale a su rallier authenticit\u00e9 et modernit\u00e9. Les trois couleurs vous y sont propos\u00e9s en A.O.C C\u00f4tes de Provence. Son Ros\u00e9 et son Blanc sont \u00e9labor\u00e9s \u00e0 partir de c\u00e9pages nobles, travaill\u00e9s \u00e0 basse temp\u00e9rature leur conf\u00e9rant une finesse en bouche avec des ar\u00f4mes remarquables. Son rouge,\u00a0\u00e9lev\u00e9 en f\u00fbt de ch\u00eane dans la pure tradition vigneronne, se situe dans la lign\u00e9e des vins de garde. Cinsault, Grenache, Syrah, Mourv\u00e8dre, Cabernet Sauvignon, Tibouren et Rolle constituent les principaux c\u00e9pages de ce vignoble.<\/p>\n","protected":false},"excerpt":{"rendered":"<p>Situ\u00e9 sur la route des plages, face \u00e0 la prestigieuse Baie de Pampelonne, cette propri\u00e9t\u00e9 familiale a su rallier authenticit\u00e9 et modernit\u00e9. Les trois couleurs vous y sont propos\u00e9s en A.O.C C\u00f4tes de Provence. Son Ros\u00e9 et son Blanc sont \u00e9labor\u00e9s \u00e0 partir de c\u00e9pages nobles, travaill\u00e9s \u00e0 basse temp\u00e9rature leur conf\u00e9rant une finesse en<a class=\"excerpt-read-more\" href=\"https:\/\/www.ramatuelle-tourisme.com\/fr\/decouvrir-la-presquile\/cote-nature\/le-vignoble\/chateau-des-marres\/\" title=\"ReadCh\u00e2teau des Marres\">&#8230; Read more &raquo;<\/a><\/p>\n","protected":false},"author":1,"featured_media":349,"parent":124,"menu_order":70,"comment_status":"closed","ping_status":"closed","template":"","meta":{"_acf_changed":false,"footnotes":""},"class_list":["post-249","page","type-page","status-publish","has-post-thumbnail","hentry"],"acf":{"black__white":false,"nugget":false,"type_daffichage":"diamant","liens_ancrage":false,"autoplay":true,"delay":"4000","gallery":false},"aioseo_notices":[],"_links":{"self":[{"href":"https:\/\/www.ramatuelle-tourisme.com\/fr\/wp-json\/wp\/v2\/pages\/249","targetHints":{"allow":["GET"]}}],"collection":[{"href":"https:\/\/www.ramatuelle-tourisme.com\/fr\/wp-json\/wp\/v2\/pages"}],"about":[{"href":"https:\/\/www.ramatuelle-tourisme.com\/fr\/wp-json\/wp\/v2\/types\/page"}],"author":[{"embeddable":true,"href":"https:\/\/www.ramatuelle-tourisme.com\/fr\/wp-json\/wp\/v2\/users\/1"}],"replies":[{"embeddable":true,"href":"https:\/\/www.ramatuelle-tourisme.com\/fr\/wp-json\/wp\/v2\/comments?post=249"}],"version-history":[{"count":3,"href":"https:\/\/www.ramatuelle-tourisme.com\/fr\/wp-json\/wp\/v2\/pages\/249\/revisions"}],"predecessor-version":[{"id":1135,"href":"https:\/\/www.ramatuelle-tourisme.com\/fr\/wp-json\/wp\/v2\/pages\/249\/revisions\/1135"}],"up":[{"embeddable":true,"href":"https:\/\/www.ramatuelle-tourisme.com\/fr\/wp-json\/wp\/v2\/pages\/124"}],"wp:featuredmedia":[{"embeddable":true,"href":"https:\/\/www.ramatuelle-tourisme.com\/fr\/wp-json\/wp\/v2\/media\/349"}],"wp:attachment":[{"href":"https:\/\/www.ramatuelle-tourisme.com\/fr\/wp-json\/wp\/v2\/media?parent=249"}],"curies":[{"name":"wp","href":"https:\/\/api.w.org\/{rel}","templated":true}]}}