{"id":239,"date":"2016-12-01T22:01:06","date_gmt":"2016-12-01T21:01:06","guid":{"rendered":"http:\/\/www.ramatuelle-tourisme.com\/?page_id=239"},"modified":"2017-04-13T18:02:55","modified_gmt":"2017-04-13T16:02:55","slug":"le-pin-maritime-pinus-pinaster","status":"publish","type":"page","link":"https:\/\/www.ramatuelle-tourisme.com\/fr\/decouvrir-la-presquile\/cote-nature\/la-flore\/le-pin-maritime-pinus-pinaster\/","title":{"rendered":"Le Pin maritime (Pinus pinaster)"},"content":{"rendered":"<p>Il remplace le pin d&rsquo;Alep sur les sols siliceux. Il peut former des for\u00eats mixtes avec le ch\u00eane vert. On l&rsquo;utilise comme bois de charpente. Malheureusement il d\u00e9p\u00e9rit souvent, attaqu\u00e9s par une cochenille.<\/p>\n","protected":false},"excerpt":{"rendered":"<p>Il remplace le pin d&rsquo;Alep sur les sols siliceux. Il peut former des for\u00eats mixtes avec le ch\u00eane vert. On l&rsquo;utilise comme bois de charpente. Malheureusement il d\u00e9p\u00e9rit souvent, attaqu\u00e9s par une cochenille.<\/p>\n","protected":false},"author":1,"featured_media":319,"parent":128,"menu_order":373,"comment_status":"closed","ping_status":"closed","template":"","meta":{"_acf_changed":false,"footnotes":""},"class_list":["post-239","page","type-page","status-publish","has-post-thumbnail","hentry"],"acf":{"black__white":false,"nugget":false,"type_daffichage":"perle"},"aioseo_notices":[],"_links":{"self":[{"href":"https:\/\/www.ramatuelle-tourisme.com\/fr\/wp-json\/wp\/v2\/pages\/239","targetHints":{"allow":["GET"]}}],"collection":[{"href":"https:\/\/www.ramatuelle-tourisme.com\/fr\/wp-json\/wp\/v2\/pages"}],"about":[{"href":"https:\/\/www.ramatuelle-tourisme.com\/fr\/wp-json\/wp\/v2\/types\/page"}],"author":[{"embeddable":true,"href":"https:\/\/www.ramatuelle-tourisme.com\/fr\/wp-json\/wp\/v2\/users\/1"}],"replies":[{"embeddable":true,"href":"https:\/\/www.ramatuelle-tourisme.com\/fr\/wp-json\/wp\/v2\/comments?post=239"}],"version-history":[{"count":3,"href":"https:\/\/www.ramatuelle-tourisme.com\/fr\/wp-json\/wp\/v2\/pages\/239\/revisions"}],"predecessor-version":[{"id":1148,"href":"https:\/\/www.ramatuelle-tourisme.com\/fr\/wp-json\/wp\/v2\/pages\/239\/revisions\/1148"}],"up":[{"embeddable":true,"href":"https:\/\/www.ramatuelle-tourisme.com\/fr\/wp-json\/wp\/v2\/pages\/128"}],"wp:featuredmedia":[{"embeddable":true,"href":"https:\/\/www.ramatuelle-tourisme.com\/fr\/wp-json\/wp\/v2\/media\/319"}],"wp:attachment":[{"href":"https:\/\/www.ramatuelle-tourisme.com\/fr\/wp-json\/wp\/v2\/media?parent=239"}],"curies":[{"name":"wp","href":"https:\/\/api.w.org\/{rel}","templated":true}]}}