{"id":237,"date":"2016-12-01T22:00:42","date_gmt":"2016-12-01T21:00:42","guid":{"rendered":"http:\/\/www.ramatuelle-tourisme.com\/?page_id=237"},"modified":"2017-04-13T18:01:54","modified_gmt":"2017-04-13T16:01:54","slug":"le-myrte","status":"publish","type":"page","link":"https:\/\/www.ramatuelle-tourisme.com\/fr\/decouvrir-la-presquile\/cote-nature\/la-flore\/le-myrte\/","title":{"rendered":"Le Myrte"},"content":{"rendered":"<p>Dans l&rsquo;antiquit\u00e9, aux yeux des Grecs, il f\u00fbt symbole de Gloire et d&rsquo;Amour. De ce fait, on le portait en couronne tout comme le laurier. Vous le reconna\u00eetrez par ses feuilles ovales et pointues, le tout soulign\u00e9 d&rsquo;une nervure principale tr\u00e8s marqu\u00e9e. D\u00e8s le mois de mai ou juin, il se couvre de minuscules fleurs blanches ou roses donnant naissance \u00e0 des petites baies bleues qui, croqu\u00e9es, rafra\u00eechissent l&rsquo;haleine. Un de ses effets th\u00e9rapeutiques est de lutter contre les affections bronchiques \u00e0 partir de son huile essentielle.<\/p>\n","protected":false},"excerpt":{"rendered":"<p>Dans l&rsquo;antiquit\u00e9, aux yeux des Grecs, il f\u00fbt symbole de Gloire et d&rsquo;Amour. De ce fait, on le portait en couronne tout comme le laurier. Vous le reconna\u00eetrez par ses feuilles ovales et pointues, le tout soulign\u00e9 d&rsquo;une nervure principale tr\u00e8s marqu\u00e9e. D\u00e8s le mois de mai ou juin, il se couvre de minuscules fleurs<a class=\"excerpt-read-more\" href=\"https:\/\/www.ramatuelle-tourisme.com\/fr\/decouvrir-la-presquile\/cote-nature\/la-flore\/le-myrte\/\" title=\"ReadLe Myrte\">&#8230; Read more &raquo;<\/a><\/p>\n","protected":false},"author":1,"featured_media":317,"parent":128,"menu_order":390,"comment_status":"closed","ping_status":"closed","template":"","meta":{"_acf_changed":false,"footnotes":""},"class_list":["post-237","page","type-page","status-publish","has-post-thumbnail","hentry"],"acf":{"black__white":false,"nugget":false,"type_daffichage":"perle"},"aioseo_notices":[],"_links":{"self":[{"href":"https:\/\/www.ramatuelle-tourisme.com\/fr\/wp-json\/wp\/v2\/pages\/237","targetHints":{"allow":["GET"]}}],"collection":[{"href":"https:\/\/www.ramatuelle-tourisme.com\/fr\/wp-json\/wp\/v2\/pages"}],"about":[{"href":"https:\/\/www.ramatuelle-tourisme.com\/fr\/wp-json\/wp\/v2\/types\/page"}],"author":[{"embeddable":true,"href":"https:\/\/www.ramatuelle-tourisme.com\/fr\/wp-json\/wp\/v2\/users\/1"}],"replies":[{"embeddable":true,"href":"https:\/\/www.ramatuelle-tourisme.com\/fr\/wp-json\/wp\/v2\/comments?post=237"}],"version-history":[{"count":3,"href":"https:\/\/www.ramatuelle-tourisme.com\/fr\/wp-json\/wp\/v2\/pages\/237\/revisions"}],"predecessor-version":[{"id":1146,"href":"https:\/\/www.ramatuelle-tourisme.com\/fr\/wp-json\/wp\/v2\/pages\/237\/revisions\/1146"}],"up":[{"embeddable":true,"href":"https:\/\/www.ramatuelle-tourisme.com\/fr\/wp-json\/wp\/v2\/pages\/128"}],"wp:featuredmedia":[{"embeddable":true,"href":"https:\/\/www.ramatuelle-tourisme.com\/fr\/wp-json\/wp\/v2\/media\/317"}],"wp:attachment":[{"href":"https:\/\/www.ramatuelle-tourisme.com\/fr\/wp-json\/wp\/v2\/media?parent=237"}],"curies":[{"name":"wp","href":"https:\/\/api.w.org\/{rel}","templated":true}]}}