{"id":231,"date":"2016-12-01T21:58:07","date_gmt":"2016-12-01T20:58:07","guid":{"rendered":"http:\/\/www.ramatuelle-tourisme.com\/?page_id=231"},"modified":"2016-12-11T22:33:14","modified_gmt":"2016-12-11T21:33:14","slug":"le-chevrefeuille-des-baleares-lonicera-implexa","status":"publish","type":"page","link":"https:\/\/www.ramatuelle-tourisme.com\/fr\/decouvrir-la-presquile\/cote-nature\/la-flore\/le-chevrefeuille-des-baleares-lonicera-implexa\/","title":{"rendered":"Le Ch\u00e8vrefeuille des Bal\u00e9ares (Lonicera implexa)"},"content":{"rendered":"<p>Genre de lianes aux fleurs odorantes de la famille des caprifoliac\u00e9es. Ses feuilles persistantes sont coriaces et ovales.<\/p>\n","protected":false},"excerpt":{"rendered":"<p>Genre de lianes aux fleurs odorantes de la famille des caprifoliac\u00e9es. Ses feuilles persistantes sont coriaces et ovales.<\/p>\n","protected":false},"author":1,"featured_media":314,"parent":128,"menu_order":381,"comment_status":"closed","ping_status":"closed","template":"","meta":{"_acf_changed":false,"footnotes":""},"class_list":["post-231","page","type-page","status-publish","has-post-thumbnail","hentry"],"acf":{"black__white":false,"nugget":false,"type_daffichage":"perle"},"aioseo_notices":[],"_links":{"self":[{"href":"https:\/\/www.ramatuelle-tourisme.com\/fr\/wp-json\/wp\/v2\/pages\/231","targetHints":{"allow":["GET"]}}],"collection":[{"href":"https:\/\/www.ramatuelle-tourisme.com\/fr\/wp-json\/wp\/v2\/pages"}],"about":[{"href":"https:\/\/www.ramatuelle-tourisme.com\/fr\/wp-json\/wp\/v2\/types\/page"}],"author":[{"embeddable":true,"href":"https:\/\/www.ramatuelle-tourisme.com\/fr\/wp-json\/wp\/v2\/users\/1"}],"replies":[{"embeddable":true,"href":"https:\/\/www.ramatuelle-tourisme.com\/fr\/wp-json\/wp\/v2\/comments?post=231"}],"version-history":[{"count":2,"href":"https:\/\/www.ramatuelle-tourisme.com\/fr\/wp-json\/wp\/v2\/pages\/231\/revisions"}],"predecessor-version":[{"id":295,"href":"https:\/\/www.ramatuelle-tourisme.com\/fr\/wp-json\/wp\/v2\/pages\/231\/revisions\/295"}],"up":[{"embeddable":true,"href":"https:\/\/www.ramatuelle-tourisme.com\/fr\/wp-json\/wp\/v2\/pages\/128"}],"wp:featuredmedia":[{"embeddable":true,"href":"https:\/\/www.ramatuelle-tourisme.com\/fr\/wp-json\/wp\/v2\/media\/314"}],"wp:attachment":[{"href":"https:\/\/www.ramatuelle-tourisme.com\/fr\/wp-json\/wp\/v2\/media?parent=231"}],"curies":[{"name":"wp","href":"https:\/\/api.w.org\/{rel}","templated":true}]}}