{"id":227,"date":"2016-12-01T21:56:29","date_gmt":"2016-12-01T20:56:29","guid":{"rendered":"http:\/\/www.ramatuelle-tourisme.com\/?page_id=227"},"modified":"2016-12-11T22:32:10","modified_gmt":"2016-12-11T21:32:10","slug":"le-chene-liege-quercus-suber","status":"publish","type":"page","link":"https:\/\/www.ramatuelle-tourisme.com\/fr\/decouvrir-la-presquile\/cote-nature\/la-flore\/le-chene-liege-quercus-suber\/","title":{"rendered":"Le Ch\u00eane li\u00e8ge (Quercus suber)"},"content":{"rendered":"<p>Cet arbre est tr\u00e8s c\u00e9l\u00e8bre dans nos r\u00e9gions. Il peuple nos for\u00eats appel\u00e9es : \u00ab\u00a0suberaies\u00a0\u00bb. Il r\u00e9siste tr\u00e8s bien au feu. La r\u00e9colte du li\u00e8ge se r\u00e9alise en juin juillet : c&rsquo;est le d\u00e9masclage. La premi\u00e8re r\u00e9colte, dite \u00ab\u00a0li\u00e8ge m\u00e2le\u00a0\u00bb est de mauvaise qualit\u00e9. Ensuite, tous les 13\/17 ans, on peut r\u00e9colter le \u00ab\u00a0li\u00e8ge femelle\u00a0\u00bb qui est lisse en surface. Ce li\u00e8ge sert \u00e0 fabriquer les bouchons de bouteilles.<\/p>\n","protected":false},"excerpt":{"rendered":"<p>Cet arbre est tr\u00e8s c\u00e9l\u00e8bre dans nos r\u00e9gions. Il peuple nos for\u00eats appel\u00e9es : \u00ab\u00a0suberaies\u00a0\u00bb. Il r\u00e9siste tr\u00e8s bien au feu. La r\u00e9colte du li\u00e8ge se r\u00e9alise en juin juillet : c&rsquo;est le d\u00e9masclage. La premi\u00e8re r\u00e9colte, dite \u00ab\u00a0li\u00e8ge m\u00e2le\u00a0\u00bb est de mauvaise qualit\u00e9. Ensuite, tous les 13\/17 ans, on peut r\u00e9colter le \u00ab\u00a0li\u00e8ge femelle\u00a0\u00bb<a class=\"excerpt-read-more\" href=\"https:\/\/www.ramatuelle-tourisme.com\/fr\/decouvrir-la-presquile\/cote-nature\/la-flore\/le-chene-liege-quercus-suber\/\" title=\"ReadLe Ch\u00eane li\u00e8ge (Quercus suber)\">&#8230; Read more &raquo;<\/a><\/p>\n","protected":false},"author":1,"featured_media":306,"parent":128,"menu_order":355,"comment_status":"closed","ping_status":"closed","template":"","meta":{"_acf_changed":false,"footnotes":""},"class_list":["post-227","page","type-page","status-publish","has-post-thumbnail","hentry"],"acf":{"black__white":false,"nugget":false,"type_daffichage":"perle"},"aioseo_notices":[],"_links":{"self":[{"href":"https:\/\/www.ramatuelle-tourisme.com\/fr\/wp-json\/wp\/v2\/pages\/227","targetHints":{"allow":["GET"]}}],"collection":[{"href":"https:\/\/www.ramatuelle-tourisme.com\/fr\/wp-json\/wp\/v2\/pages"}],"about":[{"href":"https:\/\/www.ramatuelle-tourisme.com\/fr\/wp-json\/wp\/v2\/types\/page"}],"author":[{"embeddable":true,"href":"https:\/\/www.ramatuelle-tourisme.com\/fr\/wp-json\/wp\/v2\/users\/1"}],"replies":[{"embeddable":true,"href":"https:\/\/www.ramatuelle-tourisme.com\/fr\/wp-json\/wp\/v2\/comments?post=227"}],"version-history":[{"count":2,"href":"https:\/\/www.ramatuelle-tourisme.com\/fr\/wp-json\/wp\/v2\/pages\/227\/revisions"}],"predecessor-version":[{"id":293,"href":"https:\/\/www.ramatuelle-tourisme.com\/fr\/wp-json\/wp\/v2\/pages\/227\/revisions\/293"}],"up":[{"embeddable":true,"href":"https:\/\/www.ramatuelle-tourisme.com\/fr\/wp-json\/wp\/v2\/pages\/128"}],"wp:featuredmedia":[{"embeddable":true,"href":"https:\/\/www.ramatuelle-tourisme.com\/fr\/wp-json\/wp\/v2\/media\/306"}],"wp:attachment":[{"href":"https:\/\/www.ramatuelle-tourisme.com\/fr\/wp-json\/wp\/v2\/media?parent=227"}],"curies":[{"name":"wp","href":"https:\/\/api.w.org\/{rel}","templated":true}]}}