{"id":225,"date":"2016-12-01T21:56:01","date_gmt":"2016-12-01T20:56:01","guid":{"rendered":"http:\/\/www.ramatuelle-tourisme.com\/?page_id=225"},"modified":"2017-04-13T18:01:23","modified_gmt":"2017-04-13T16:01:23","slug":"la-bruyere-arborescente-erica-arborea","status":"publish","type":"page","link":"https:\/\/www.ramatuelle-tourisme.com\/fr\/decouvrir-la-presquile\/cote-nature\/la-flore\/la-bruyere-arborescente-erica-arborea\/","title":{"rendered":"La Bruy\u00e8re Arborescente (Erica Arborea)"},"content":{"rendered":"<p>Plante \u00e0 fleurs violettes ou roses, son \u00e9corce est rouge\u00e2tre pr\u00e9f\u00e9rant les sols siliceux, o\u00f9 elle\u00a0forme des landes d&rsquo;aspect caract\u00e9ristique. Sa particularit\u00e9 : Action anti-inflammatoire sur les parois de la vessie et aussi sur la prostate.<\/p>\n","protected":false},"excerpt":{"rendered":"<p>Plante \u00e0 fleurs violettes ou roses, son \u00e9corce est rouge\u00e2tre pr\u00e9f\u00e9rant les sols siliceux, o\u00f9 elle\u00a0forme des landes d&rsquo;aspect caract\u00e9ristique. Sa particularit\u00e9 : Action anti-inflammatoire sur les parois de la vessie et aussi sur la prostate.<\/p>\n","protected":false},"author":1,"featured_media":313,"parent":128,"menu_order":366,"comment_status":"closed","ping_status":"closed","template":"","meta":{"_acf_changed":false,"footnotes":""},"class_list":["post-225","page","type-page","status-publish","has-post-thumbnail","hentry"],"acf":{"black__white":false,"nugget":false,"type_daffichage":"perle"},"aioseo_notices":[],"_links":{"self":[{"href":"https:\/\/www.ramatuelle-tourisme.com\/fr\/wp-json\/wp\/v2\/pages\/225","targetHints":{"allow":["GET"]}}],"collection":[{"href":"https:\/\/www.ramatuelle-tourisme.com\/fr\/wp-json\/wp\/v2\/pages"}],"about":[{"href":"https:\/\/www.ramatuelle-tourisme.com\/fr\/wp-json\/wp\/v2\/types\/page"}],"author":[{"embeddable":true,"href":"https:\/\/www.ramatuelle-tourisme.com\/fr\/wp-json\/wp\/v2\/users\/1"}],"replies":[{"embeddable":true,"href":"https:\/\/www.ramatuelle-tourisme.com\/fr\/wp-json\/wp\/v2\/comments?post=225"}],"version-history":[{"count":4,"href":"https:\/\/www.ramatuelle-tourisme.com\/fr\/wp-json\/wp\/v2\/pages\/225\/revisions"}],"predecessor-version":[{"id":1145,"href":"https:\/\/www.ramatuelle-tourisme.com\/fr\/wp-json\/wp\/v2\/pages\/225\/revisions\/1145"}],"up":[{"embeddable":true,"href":"https:\/\/www.ramatuelle-tourisme.com\/fr\/wp-json\/wp\/v2\/pages\/128"}],"wp:featuredmedia":[{"embeddable":true,"href":"https:\/\/www.ramatuelle-tourisme.com\/fr\/wp-json\/wp\/v2\/media\/313"}],"wp:attachment":[{"href":"https:\/\/www.ramatuelle-tourisme.com\/fr\/wp-json\/wp\/v2\/media?parent=225"}],"curies":[{"name":"wp","href":"https:\/\/api.w.org\/{rel}","templated":true}]}}