{"id":209,"date":"2016-12-01T21:49:48","date_gmt":"2016-12-01T20:49:48","guid":{"rendered":"http:\/\/www.ramatuelle-tourisme.com\/?page_id=209"},"modified":"2017-04-13T17:58:55","modified_gmt":"2017-04-13T15:58:55","slug":"larbousier-arbutus-unedo","status":"publish","type":"page","link":"https:\/\/www.ramatuelle-tourisme.com\/fr\/decouvrir-la-presquile\/cote-nature\/la-flore\/larbousier-arbutus-unedo\/","title":{"rendered":"L\u2019Arbousier (Arbutus unedo)"},"content":{"rendered":"<p>En automne et en hiver, l&rsquo;arbousier s\u00e9duit par ses fleurs en forme de grelot blanc ou ros\u00e2tre. Ses fruits, nomm\u00e9s \u00ab arbouses \u00bb, ressemblent \u00e0 des petites fraises. Elles mettent un an \u00e0 m\u00fbrir, sont comestibles mais sans grande saveur. On en fait des confitures et une eau-de-vie : \u00ab\u00a0la cr\u00e8me d&rsquo;arbouse\u00a0\u00bb. C&rsquo;est l&rsquo;un des rares arbustes dont on peut observer en m\u00eame temps les fleurs et les fruits.<\/p>\n","protected":false},"excerpt":{"rendered":"<p>En automne et en hiver, l&rsquo;arbousier s\u00e9duit par ses fleurs en forme de grelot blanc ou ros\u00e2tre. Ses fruits, nomm\u00e9s \u00ab arbouses \u00bb, ressemblent \u00e0 des petites fraises. Elles mettent un an \u00e0 m\u00fbrir, sont comestibles mais sans grande saveur. On en fait des confitures et une eau-de-vie : \u00ab\u00a0la cr\u00e8me d&rsquo;arbouse\u00a0\u00bb. C&rsquo;est l&rsquo;un des<a class=\"excerpt-read-more\" href=\"https:\/\/www.ramatuelle-tourisme.com\/fr\/decouvrir-la-presquile\/cote-nature\/la-flore\/larbousier-arbutus-unedo\/\" title=\"ReadL\u2019Arbousier (Arbutus unedo)\">&#8230; Read more &raquo;<\/a><\/p>\n","protected":false},"author":1,"featured_media":303,"parent":128,"menu_order":202,"comment_status":"closed","ping_status":"closed","template":"","meta":{"_acf_changed":false,"footnotes":""},"class_list":["post-209","page","type-page","status-publish","has-post-thumbnail","hentry"],"acf":{"black__white":false,"nugget":false,"type_daffichage":"perle"},"aioseo_notices":[],"_links":{"self":[{"href":"https:\/\/www.ramatuelle-tourisme.com\/fr\/wp-json\/wp\/v2\/pages\/209","targetHints":{"allow":["GET"]}}],"collection":[{"href":"https:\/\/www.ramatuelle-tourisme.com\/fr\/wp-json\/wp\/v2\/pages"}],"about":[{"href":"https:\/\/www.ramatuelle-tourisme.com\/fr\/wp-json\/wp\/v2\/types\/page"}],"author":[{"embeddable":true,"href":"https:\/\/www.ramatuelle-tourisme.com\/fr\/wp-json\/wp\/v2\/users\/1"}],"replies":[{"embeddable":true,"href":"https:\/\/www.ramatuelle-tourisme.com\/fr\/wp-json\/wp\/v2\/comments?post=209"}],"version-history":[{"count":3,"href":"https:\/\/www.ramatuelle-tourisme.com\/fr\/wp-json\/wp\/v2\/pages\/209\/revisions"}],"predecessor-version":[{"id":1138,"href":"https:\/\/www.ramatuelle-tourisme.com\/fr\/wp-json\/wp\/v2\/pages\/209\/revisions\/1138"}],"up":[{"embeddable":true,"href":"https:\/\/www.ramatuelle-tourisme.com\/fr\/wp-json\/wp\/v2\/pages\/128"}],"wp:featuredmedia":[{"embeddable":true,"href":"https:\/\/www.ramatuelle-tourisme.com\/fr\/wp-json\/wp\/v2\/media\/303"}],"wp:attachment":[{"href":"https:\/\/www.ramatuelle-tourisme.com\/fr\/wp-json\/wp\/v2\/media?parent=209"}],"curies":[{"name":"wp","href":"https:\/\/api.w.org\/{rel}","templated":true}]}}