{"id":204,"date":"2016-12-01T21:40:42","date_gmt":"2016-12-01T20:40:42","guid":{"rendered":"http:\/\/www.ramatuelle-tourisme.com\/?page_id=204"},"modified":"2025-01-28T11:20:42","modified_gmt":"2025-01-28T10:20:42","slug":"origine-du-nom","status":"publish","type":"page","link":"https:\/\/www.ramatuelle-tourisme.com\/fr\/decouvrir-la-presquile\/cote-village\/le-village-authentique\/origine-du-nom\/","title":{"rendered":"Origine du nom"},"content":{"rendered":"<p>Le nom de Ramatuelle ne se rattache \u00e0 aucun groupe de toponymes connus. Deux hypoth\u00e8ses avanc\u00e9es jadis, sont contest\u00e9es aujourd&rsquo;hui par les historiens :<\/p>\n<p>Rahmatu&rsquo;llah :\u00a0qui signifie en arabe \u00ab\u00a0providence divine\u00a0\u00bb. Origine arabe due \u00e0 l&rsquo;occupation sarrasine du X\u00e8me si\u00e8cle.<\/p>\n<p>Camatullici :\u00a0une peuplade celto ligure \u00e9tait \u00e9tablie sur les rives du Gapeau quand survint la conqu\u00eate romaine. Elle fut chass\u00e9e de ses rivages et se r\u00e9fugia dans les for\u00eats et montagnes qui dominent le golfe Sambracitain. Cette peuplade s&rsquo;\u00e9tablit sur l&#8217;emplacement du village de Ramatuelle. Elle s&rsquo;appelait Camatullici. On disait \u00e0 l&rsquo;\u00e9poque la r\u00e9gion des Camatullici. Le \u00ab\u00a0R\u00a0\u00bb de r\u00e9gion aurait supplant\u00e9 le \u00ab\u00a0C\u00a0\u00bb pour devenir Ramatullucci puis Ramatuelle.<\/p>\n<p>Le myst\u00e8re reste entier\u2026<\/p>\n","protected":false},"excerpt":{"rendered":"<p>Le nom de Ramatuelle ne se rattache \u00e0 aucun groupe de toponymes connus. Deux hypoth\u00e8ses avanc\u00e9es jadis, sont contest\u00e9es aujourd&rsquo;hui par les historiens : Rahmatu&rsquo;llah :\u00a0qui signifie en arabe \u00ab\u00a0providence divine\u00a0\u00bb. Origine arabe due \u00e0 l&rsquo;occupation sarrasine du X\u00e8me si\u00e8cle. Camatullici :\u00a0une peuplade celto ligure \u00e9tait \u00e9tablie sur les rives du Gapeau quand survint la<a class=\"excerpt-read-more\" href=\"https:\/\/www.ramatuelle-tourisme.com\/fr\/decouvrir-la-presquile\/cote-village\/le-village-authentique\/origine-du-nom\/\" title=\"ReadOrigine du nom\">&#8230; Read more &raquo;<\/a><\/p>\n","protected":false},"author":1,"featured_media":15809,"parent":130,"menu_order":51,"comment_status":"closed","ping_status":"closed","template":"","meta":{"_acf_changed":false,"footnotes":""},"class_list":["post-204","page","type-page","status-publish","has-post-thumbnail","hentry"],"acf":{"black__white":false,"nugget":false,"type_daffichage":"saphir","liens_ancrage":false,"autoplay":true,"delay":"4000","gallery":false},"aioseo_notices":[],"_links":{"self":[{"href":"https:\/\/www.ramatuelle-tourisme.com\/fr\/wp-json\/wp\/v2\/pages\/204","targetHints":{"allow":["GET"]}}],"collection":[{"href":"https:\/\/www.ramatuelle-tourisme.com\/fr\/wp-json\/wp\/v2\/pages"}],"about":[{"href":"https:\/\/www.ramatuelle-tourisme.com\/fr\/wp-json\/wp\/v2\/types\/page"}],"author":[{"embeddable":true,"href":"https:\/\/www.ramatuelle-tourisme.com\/fr\/wp-json\/wp\/v2\/users\/1"}],"replies":[{"embeddable":true,"href":"https:\/\/www.ramatuelle-tourisme.com\/fr\/wp-json\/wp\/v2\/comments?post=204"}],"version-history":[{"count":4,"href":"https:\/\/www.ramatuelle-tourisme.com\/fr\/wp-json\/wp\/v2\/pages\/204\/revisions"}],"predecessor-version":[{"id":788,"href":"https:\/\/www.ramatuelle-tourisme.com\/fr\/wp-json\/wp\/v2\/pages\/204\/revisions\/788"}],"up":[{"embeddable":true,"href":"https:\/\/www.ramatuelle-tourisme.com\/fr\/wp-json\/wp\/v2\/pages\/130"}],"wp:featuredmedia":[{"embeddable":true,"href":"https:\/\/www.ramatuelle-tourisme.com\/fr\/wp-json\/wp\/v2\/media\/15809"}],"wp:attachment":[{"href":"https:\/\/www.ramatuelle-tourisme.com\/fr\/wp-json\/wp\/v2\/media?parent=204"}],"curies":[{"name":"wp","href":"https:\/\/api.w.org\/{rel}","templated":true}]}}