{"id":2,"date":"2016-11-08T00:32:12","date_gmt":"2016-11-07T23:32:12","guid":{"rendered":"http:\/\/www.ramatuelle-tourisme.com\/?page_id=2"},"modified":"2025-08-28T09:27:54","modified_gmt":"2025-08-28T07:27:54","slug":"page-d-exemple","status":"publish","type":"page","link":"https:\/\/www.ramatuelle-tourisme.com\/fr\/","title":{"rendered":"Page d\u2019accueil"},"content":{"rendered":"\n<p>Site officiel de l&rsquo;Office de Tourisme de Ramatuelle sur la presqu&rsquo;\u00eele de Saint-Tropez, Tourisme, H\u00f4tels, Campings, plages de Pampelonne \u00e0 Ramatuelle<\/p>\n","protected":false},"excerpt":{"rendered":"<p>Site officiel de l&rsquo;Office de Tourisme de Ramatuelle sur la presqu&rsquo;\u00eele de Saint-Tropez, Tourisme, H\u00f4tels, Campings, plages de Pampelonne \u00e0 Ramatuelle<\/p>\n","protected":false},"author":1,"featured_media":0,"parent":0,"menu_order":44,"comment_status":"closed","ping_status":"open","template":"front-page.php","meta":{"_acf_changed":false,"footnotes":""},"class_list":["post-2","page","type-page","status-publish","hentry"],"acf":{"black__white":true,"nugget":false,"type_daffichage":"default","gallery":[{"ID":10382,"id":10382,"title":"Phare de Camarat","filename":"4_Phare-de-Camarat-\u00a9JL_Chaix-scaled.jpg","filesize":593387,"url":"https:\/\/www.ramatuelle-tourisme.com\/wp-content\/uploads\/2023\/01\/4_Phare-de-Camarat-\u00a9JL_Chaix-scaled.jpg","link":"https:\/\/www.ramatuelle-tourisme.com\/fr\/page-d-exemple\/default-10\/","alt":"","author":"1","description":"","caption":"","name":"default-10","status":"inherit","uploaded_to":2,"date":"2023-01-10 09:51:55","modified":"2023-01-18 08:36:04","menu_order":0,"mime_type":"image\/jpeg","type":"image","subtype":"jpeg","icon":"https:\/\/www.ramatuelle-tourisme.com\/wp-includes\/images\/media\/default.png","width":2560,"height":1366,"sizes":{"thumbnail":"https:\/\/www.ramatuelle-tourisme.com\/wp-content\/uploads\/2023\/01\/4_Phare-de-Camarat-\u00a9JL_Chaix-150x150.jpg","thumbnail-width":150,"thumbnail-height":150,"medium":"https:\/\/www.ramatuelle-tourisme.com\/wp-content\/uploads\/2023\/01\/4_Phare-de-Camarat-\u00a9JL_Chaix-300x160.jpg","medium-width":300,"medium-height":160,"medium_large":"https:\/\/www.ramatuelle-tourisme.com\/wp-content\/uploads\/2023\/01\/4_Phare-de-Camarat-\u00a9JL_Chaix-768x410.jpg","medium_large-width":768,"medium_large-height":410,"large":"https:\/\/www.ramatuelle-tourisme.com\/wp-content\/uploads\/2023\/01\/4_Phare-de-Camarat-\u00a9JL_Chaix-1170x624.jpg","large-width":1170,"large-height":624,"1536x1536":"https:\/\/www.ramatuelle-tourisme.com\/wp-content\/uploads\/2023\/01\/4_Phare-de-Camarat-\u00a9JL_Chaix-1536x820.jpg","1536x1536-width":1536,"1536x1536-height":820,"2048x2048":"https:\/\/www.ramatuelle-tourisme.com\/wp-content\/uploads\/2023\/01\/4_Phare-de-Camarat-\u00a9JL_Chaix-2048x1093.jpg","2048x2048-width":2048,"2048x2048-height":1093,"post-thumbnail":"https:\/\/www.ramatuelle-tourisme.com\/wp-content\/uploads\/2023\/01\/4_Phare-de-Camarat-\u00a9JL_Chaix-125x125.jpg","post-thumbnail-width":125,"post-thumbnail-height":125,"small_large":"https:\/\/www.ramatuelle-tourisme.com\/wp-content\/uploads\/2023\/01\/4_Phare-de-Camarat-\u00a9JL_Chaix-300x160.jpg","small_large-width":300,"small_large-height":160,"thumb_370_247":"https:\/\/www.ramatuelle-tourisme.com\/wp-content\/uploads\/2023\/01\/4_Phare-de-Camarat-\u00a9JL_Chaix-370x247.jpg","thumb_370_247-width":370,"thumb_370_247-height":247}},{"ID":15938,"id":15938,"title":"Ramatuelle","filename":"porte-sarrasine-couv-2.jpg","filesize":1171046,"url":"https:\/\/www.ramatuelle-tourisme.com\/wp-content\/uploads\/2025\/01\/porte-sarrasine-couv-2.jpg","link":"https:\/\/www.ramatuelle-tourisme.com\/fr\/page-d-exemple\/ramatuelle-12\/","alt":"","author":"1","description":"","caption":"Ramatuelle","name":"ramatuelle-12","status":"inherit","uploaded_to":2,"date":"2025-01-28 13:29:09","modified":"2025-01-28 13:29:12","menu_order":0,"mime_type":"image\/jpeg","type":"image","subtype":"jpeg","icon":"https:\/\/www.ramatuelle-tourisme.com\/wp-includes\/images\/media\/default.png","width":2560,"height":1707,"sizes":{"thumbnail":"https:\/\/www.ramatuelle-tourisme.com\/wp-content\/uploads\/2025\/01\/porte-sarrasine-couv-2-150x150.jpg","thumbnail-width":150,"thumbnail-height":150,"medium":"https:\/\/www.ramatuelle-tourisme.com\/wp-content\/uploads\/2025\/01\/porte-sarrasine-couv-2-300x200.jpg","medium-width":300,"medium-height":200,"medium_large":"https:\/\/www.ramatuelle-tourisme.com\/wp-content\/uploads\/2025\/01\/porte-sarrasine-couv-2-768x512.jpg","medium_large-width":768,"medium_large-height":512,"large":"https:\/\/www.ramatuelle-tourisme.com\/wp-content\/uploads\/2025\/01\/porte-sarrasine-couv-2-1170x780.jpg","large-width":1170,"large-height":780,"1536x1536":"https:\/\/www.ramatuelle-tourisme.com\/wp-content\/uploads\/2025\/01\/porte-sarrasine-couv-2-1536x1024.jpg","1536x1536-width":1536,"1536x1536-height":1024,"2048x2048":"https:\/\/www.ramatuelle-tourisme.com\/wp-content\/uploads\/2025\/01\/porte-sarrasine-couv-2-2048x1366.jpg","2048x2048-width":2048,"2048x2048-height":1366,"post-thumbnail":"https:\/\/www.ramatuelle-tourisme.com\/wp-content\/uploads\/2025\/01\/porte-sarrasine-couv-2-125x125.jpg","post-thumbnail-width":125,"post-thumbnail-height":125,"small_large":"https:\/\/www.ramatuelle-tourisme.com\/wp-content\/uploads\/2025\/01\/porte-sarrasine-couv-2-300x200.jpg","small_large-width":300,"small_large-height":200,"thumb_370_247":"https:\/\/www.ramatuelle-tourisme.com\/wp-content\/uploads\/2025\/01\/porte-sarrasine-couv-2-370x247.jpg","thumb_370_247-width":370,"thumb_370_247-height":247}},{"ID":10394,"id":10394,"title":"Vignes et mer","filename":"7bis_-IMG_20200720_142438-scaled.jpg","filesize":581354,"url":"https:\/\/www.ramatuelle-tourisme.com\/wp-content\/uploads\/2023\/01\/7bis_-IMG_20200720_142438-scaled.jpg","link":"https:\/\/www.ramatuelle-tourisme.com\/fr\/page-d-exemple\/7bis_-img_20200720_142438\/","alt":"","author":"1","description":"","caption":"","name":"7bis_-img_20200720_142438","status":"inherit","uploaded_to":2,"date":"2023-01-10 09:52:18","modified":"2023-01-18 08:41:58","menu_order":0,"mime_type":"image\/jpeg","type":"image","subtype":"jpeg","icon":"https:\/\/www.ramatuelle-tourisme.com\/wp-includes\/images\/media\/default.png","width":2560,"height":1485,"sizes":{"thumbnail":"https:\/\/www.ramatuelle-tourisme.com\/wp-content\/uploads\/2023\/01\/7bis_-IMG_20200720_142438-150x150.jpg","thumbnail-width":150,"thumbnail-height":150,"medium":"https:\/\/www.ramatuelle-tourisme.com\/wp-content\/uploads\/2023\/01\/7bis_-IMG_20200720_142438-300x174.jpg","medium-width":300,"medium-height":174,"medium_large":"https:\/\/www.ramatuelle-tourisme.com\/wp-content\/uploads\/2023\/01\/7bis_-IMG_20200720_142438-768x446.jpg","medium_large-width":768,"medium_large-height":446,"large":"https:\/\/www.ramatuelle-tourisme.com\/wp-content\/uploads\/2023\/01\/7bis_-IMG_20200720_142438-1170x679.jpg","large-width":1170,"large-height":679,"1536x1536":"https:\/\/www.ramatuelle-tourisme.com\/wp-content\/uploads\/2023\/01\/7bis_-IMG_20200720_142438-1536x891.jpg","1536x1536-width":1536,"1536x1536-height":891,"2048x2048":"https:\/\/www.ramatuelle-tourisme.com\/wp-content\/uploads\/2023\/01\/7bis_-IMG_20200720_142438-2048x1188.jpg","2048x2048-width":2048,"2048x2048-height":1188,"post-thumbnail":"https:\/\/www.ramatuelle-tourisme.com\/wp-content\/uploads\/2023\/01\/7bis_-IMG_20200720_142438-125x125.jpg","post-thumbnail-width":125,"post-thumbnail-height":125,"small_large":"https:\/\/www.ramatuelle-tourisme.com\/wp-content\/uploads\/2023\/01\/7bis_-IMG_20200720_142438-300x174.jpg","small_large-width":300,"small_large-height":174,"thumb_370_247":"https:\/\/www.ramatuelle-tourisme.com\/wp-content\/uploads\/2023\/01\/7bis_-IMG_20200720_142438-370x247.jpg","thumb_370_247-width":370,"thumb_370_247-height":247}},{"ID":15892,"id":15892,"title":"Ramatuelle","filename":"couv-pampelonne-famille.jpg","filesize":746649,"url":"https:\/\/www.ramatuelle-tourisme.com\/wp-content\/uploads\/2025\/01\/couv-pampelonne-famille.jpg","link":"https:\/\/www.ramatuelle-tourisme.com\/fr\/page-d-exemple\/ramatuelle-2\/","alt":"","author":"1","description":"","caption":"Ramatuelle","name":"ramatuelle-2","status":"inherit","uploaded_to":2,"date":"2025-01-28 12:56:42","modified":"2025-01-28 12:56:48","menu_order":0,"mime_type":"image\/jpeg","type":"image","subtype":"jpeg","icon":"https:\/\/www.ramatuelle-tourisme.com\/wp-includes\/images\/media\/default.png","width":2560,"height":1707,"sizes":{"thumbnail":"https:\/\/www.ramatuelle-tourisme.com\/wp-content\/uploads\/2025\/01\/couv-pampelonne-famille-150x150.jpg","thumbnail-width":150,"thumbnail-height":150,"medium":"https:\/\/www.ramatuelle-tourisme.com\/wp-content\/uploads\/2025\/01\/couv-pampelonne-famille-300x200.jpg","medium-width":300,"medium-height":200,"medium_large":"https:\/\/www.ramatuelle-tourisme.com\/wp-content\/uploads\/2025\/01\/couv-pampelonne-famille-768x512.jpg","medium_large-width":768,"medium_large-height":512,"large":"https:\/\/www.ramatuelle-tourisme.com\/wp-content\/uploads\/2025\/01\/couv-pampelonne-famille-1170x780.jpg","large-width":1170,"large-height":780,"1536x1536":"https:\/\/www.ramatuelle-tourisme.com\/wp-content\/uploads\/2025\/01\/couv-pampelonne-famille-1536x1024.jpg","1536x1536-width":1536,"1536x1536-height":1024,"2048x2048":"https:\/\/www.ramatuelle-tourisme.com\/wp-content\/uploads\/2025\/01\/couv-pampelonne-famille-2048x1366.jpg","2048x2048-width":2048,"2048x2048-height":1366,"post-thumbnail":"https:\/\/www.ramatuelle-tourisme.com\/wp-content\/uploads\/2025\/01\/couv-pampelonne-famille-125x125.jpg","post-thumbnail-width":125,"post-thumbnail-height":125,"small_large":"https:\/\/www.ramatuelle-tourisme.com\/wp-content\/uploads\/2025\/01\/couv-pampelonne-famille-300x200.jpg","small_large-width":300,"small_large-height":200,"thumb_370_247":"https:\/\/www.ramatuelle-tourisme.com\/wp-content\/uploads\/2025\/01\/couv-pampelonne-famille-370x247.jpg","thumb_370_247-width":370,"thumb_370_247-height":247}},{"ID":15916,"id":15916,"title":"Ramatuelle","filename":"couv-village1.jpg","filesize":984835,"url":"https:\/\/www.ramatuelle-tourisme.com\/wp-content\/uploads\/2025\/01\/couv-village1.jpg","link":"https:\/\/www.ramatuelle-tourisme.com\/fr\/page-d-exemple\/ramatuelle-7\/","alt":"","author":"1","description":"","caption":"Ramatuelle","name":"ramatuelle-7","status":"inherit","uploaded_to":2,"date":"2025-01-28 13:16:33","modified":"2025-01-28 13:16:38","menu_order":0,"mime_type":"image\/jpeg","type":"image","subtype":"jpeg","icon":"https:\/\/www.ramatuelle-tourisme.com\/wp-includes\/images\/media\/default.png","width":2560,"height":1707,"sizes":{"thumbnail":"https:\/\/www.ramatuelle-tourisme.com\/wp-content\/uploads\/2025\/01\/couv-village1-150x150.jpg","thumbnail-width":150,"thumbnail-height":150,"medium":"https:\/\/www.ramatuelle-tourisme.com\/wp-content\/uploads\/2025\/01\/couv-village1-300x200.jpg","medium-width":300,"medium-height":200,"medium_large":"https:\/\/www.ramatuelle-tourisme.com\/wp-content\/uploads\/2025\/01\/couv-village1-768x512.jpg","medium_large-width":768,"medium_large-height":512,"large":"https:\/\/www.ramatuelle-tourisme.com\/wp-content\/uploads\/2025\/01\/couv-village1-1170x780.jpg","large-width":1170,"large-height":780,"1536x1536":"https:\/\/www.ramatuelle-tourisme.com\/wp-content\/uploads\/2025\/01\/couv-village1-1536x1024.jpg","1536x1536-width":1536,"1536x1536-height":1024,"2048x2048":"https:\/\/www.ramatuelle-tourisme.com\/wp-content\/uploads\/2025\/01\/couv-village1-2048x1366.jpg","2048x2048-width":2048,"2048x2048-height":1366,"post-thumbnail":"https:\/\/www.ramatuelle-tourisme.com\/wp-content\/uploads\/2025\/01\/couv-village1-125x125.jpg","post-thumbnail-width":125,"post-thumbnail-height":125,"small_large":"https:\/\/www.ramatuelle-tourisme.com\/wp-content\/uploads\/2025\/01\/couv-village1-300x200.jpg","small_large-width":300,"small_large-height":200,"thumb_370_247":"https:\/\/www.ramatuelle-tourisme.com\/wp-content\/uploads\/2025\/01\/couv-village1-370x247.jpg","thumb_370_247-width":370,"thumb_370_247-height":247}},{"ID":15888,"id":15888,"title":"Ramatuelle-InstapadesStudio-240601-4261-2000px","filename":"Ramatuelle-InstapadesStudio-240601-4261-2000px.jpg","filesize":378147,"url":"https:\/\/www.ramatuelle-tourisme.com\/wp-content\/uploads\/2025\/01\/Ramatuelle-InstapadesStudio-240601-4261-2000px.jpg","link":"https:\/\/www.ramatuelle-tourisme.com\/fr\/page-d-exemple\/ramatuelle-instapadesstudio-240601-4261-2000px\/","alt":"","author":"1","description":"","caption":"","name":"ramatuelle-instapadesstudio-240601-4261-2000px","status":"inherit","uploaded_to":2,"date":"2025-01-28 12:51:52","modified":"2025-01-28 12:51:52","menu_order":0,"mime_type":"image\/jpeg","type":"image","subtype":"jpeg","icon":"https:\/\/www.ramatuelle-tourisme.com\/wp-includes\/images\/media\/default.png","width":2000,"height":1333,"sizes":{"thumbnail":"https:\/\/www.ramatuelle-tourisme.com\/wp-content\/uploads\/2025\/01\/Ramatuelle-InstapadesStudio-240601-4261-2000px-150x150.jpg","thumbnail-width":150,"thumbnail-height":150,"medium":"https:\/\/www.ramatuelle-tourisme.com\/wp-content\/uploads\/2025\/01\/Ramatuelle-InstapadesStudio-240601-4261-2000px-300x200.jpg","medium-width":300,"medium-height":200,"medium_large":"https:\/\/www.ramatuelle-tourisme.com\/wp-content\/uploads\/2025\/01\/Ramatuelle-InstapadesStudio-240601-4261-2000px-768x512.jpg","medium_large-width":768,"medium_large-height":512,"large":"https:\/\/www.ramatuelle-tourisme.com\/wp-content\/uploads\/2025\/01\/Ramatuelle-InstapadesStudio-240601-4261-2000px-1170x780.jpg","large-width":1170,"large-height":780,"1536x1536":"https:\/\/www.ramatuelle-tourisme.com\/wp-content\/uploads\/2025\/01\/Ramatuelle-InstapadesStudio-240601-4261-2000px-1536x1024.jpg","1536x1536-width":1536,"1536x1536-height":1024,"2048x2048":"https:\/\/www.ramatuelle-tourisme.com\/wp-content\/uploads\/2025\/01\/Ramatuelle-InstapadesStudio-240601-4261-2000px.jpg","2048x2048-width":2000,"2048x2048-height":1333,"post-thumbnail":"https:\/\/www.ramatuelle-tourisme.com\/wp-content\/uploads\/2025\/01\/Ramatuelle-InstapadesStudio-240601-4261-2000px-125x125.jpg","post-thumbnail-width":125,"post-thumbnail-height":125,"small_large":"https:\/\/www.ramatuelle-tourisme.com\/wp-content\/uploads\/2025\/01\/Ramatuelle-InstapadesStudio-240601-4261-2000px-300x200.jpg","small_large-width":300,"small_large-height":200,"thumb_370_247":"https:\/\/www.ramatuelle-tourisme.com\/wp-content\/uploads\/2025\/01\/Ramatuelle-InstapadesStudio-240601-4261-2000px-370x247.jpg","thumb_370_247-width":370,"thumb_370_247-height":247}},{"ID":10574,"id":10574,"title":"Pampelonne","filename":"1_Vues-Drone-jean-louis-Chaix-14-2-scaled.jpg","filesize":963881,"url":"https:\/\/www.ramatuelle-tourisme.com\/wp-content\/uploads\/2023\/01\/1_Vues-Drone-jean-louis-Chaix-14-2-scaled.jpg","link":"https:\/\/www.ramatuelle-tourisme.com\/fr\/page-d-exemple\/1_vues-drone-jean-louis-chaix-14-3\/","alt":"","author":"1","description":"","caption":"","name":"1_vues-drone-jean-louis-chaix-14-3","status":"inherit","uploaded_to":2,"date":"2023-01-18 08:32:08","modified":"2023-01-18 08:32:30","menu_order":0,"mime_type":"image\/jpeg","type":"image","subtype":"jpeg","icon":"https:\/\/www.ramatuelle-tourisme.com\/wp-includes\/images\/media\/default.png","width":2560,"height":1194,"sizes":{"thumbnail":"https:\/\/www.ramatuelle-tourisme.com\/wp-content\/uploads\/2023\/01\/1_Vues-Drone-jean-louis-Chaix-14-2-150x150.jpg","thumbnail-width":150,"thumbnail-height":150,"medium":"https:\/\/www.ramatuelle-tourisme.com\/wp-content\/uploads\/2023\/01\/1_Vues-Drone-jean-louis-Chaix-14-2-300x140.jpg","medium-width":300,"medium-height":140,"medium_large":"https:\/\/www.ramatuelle-tourisme.com\/wp-content\/uploads\/2023\/01\/1_Vues-Drone-jean-louis-Chaix-14-2-768x358.jpg","medium_large-width":768,"medium_large-height":358,"large":"https:\/\/www.ramatuelle-tourisme.com\/wp-content\/uploads\/2023\/01\/1_Vues-Drone-jean-louis-Chaix-14-2-1170x546.jpg","large-width":1170,"large-height":546,"1536x1536":"https:\/\/www.ramatuelle-tourisme.com\/wp-content\/uploads\/2023\/01\/1_Vues-Drone-jean-louis-Chaix-14-2-1536x717.jpg","1536x1536-width":1536,"1536x1536-height":717,"2048x2048":"https:\/\/www.ramatuelle-tourisme.com\/wp-content\/uploads\/2023\/01\/1_Vues-Drone-jean-louis-Chaix-14-2-2048x955.jpg","2048x2048-width":2048,"2048x2048-height":955,"post-thumbnail":"https:\/\/www.ramatuelle-tourisme.com\/wp-content\/uploads\/2023\/01\/1_Vues-Drone-jean-louis-Chaix-14-2-125x125.jpg","post-thumbnail-width":125,"post-thumbnail-height":125,"small_large":"https:\/\/www.ramatuelle-tourisme.com\/wp-content\/uploads\/2023\/01\/1_Vues-Drone-jean-louis-Chaix-14-2-300x140.jpg","small_large-width":300,"small_large-height":140,"thumb_370_247":"https:\/\/www.ramatuelle-tourisme.com\/wp-content\/uploads\/2023\/01\/1_Vues-Drone-jean-louis-Chaix-14-2-370x247.jpg","thumb_370_247-width":370,"thumb_370_247-height":247}},{"ID":10379,"id":10379,"title":"Cap Taillat","filename":"3_PXL_20210603_081628464.MP_-scaled.jpg","filesize":710087,"url":"https:\/\/www.ramatuelle-tourisme.com\/wp-content\/uploads\/2023\/01\/3_PXL_20210603_081628464.MP_-scaled.jpg","link":"https:\/\/www.ramatuelle-tourisme.com\/fr\/page-d-exemple\/3_pxl_20210603_081628464-mp\/","alt":"","author":"1","description":"","caption":"","name":"3_pxl_20210603_081628464-mp","status":"inherit","uploaded_to":2,"date":"2023-01-10 09:51:50","modified":"2023-01-10 09:54:35","menu_order":0,"mime_type":"image\/jpeg","type":"image","subtype":"jpeg","icon":"https:\/\/www.ramatuelle-tourisme.com\/wp-includes\/images\/media\/default.png","width":2560,"height":1194,"sizes":{"thumbnail":"https:\/\/www.ramatuelle-tourisme.com\/wp-content\/uploads\/2023\/01\/3_PXL_20210603_081628464.MP_-150x150.jpg","thumbnail-width":150,"thumbnail-height":150,"medium":"https:\/\/www.ramatuelle-tourisme.com\/wp-content\/uploads\/2023\/01\/3_PXL_20210603_081628464.MP_-300x140.jpg","medium-width":300,"medium-height":140,"medium_large":"https:\/\/www.ramatuelle-tourisme.com\/wp-content\/uploads\/2023\/01\/3_PXL_20210603_081628464.MP_-768x358.jpg","medium_large-width":768,"medium_large-height":358,"large":"https:\/\/www.ramatuelle-tourisme.com\/wp-content\/uploads\/2023\/01\/3_PXL_20210603_081628464.MP_-1170x546.jpg","large-width":1170,"large-height":546,"1536x1536":"https:\/\/www.ramatuelle-tourisme.com\/wp-content\/uploads\/2023\/01\/3_PXL_20210603_081628464.MP_-1536x717.jpg","1536x1536-width":1536,"1536x1536-height":717,"2048x2048":"https:\/\/www.ramatuelle-tourisme.com\/wp-content\/uploads\/2023\/01\/3_PXL_20210603_081628464.MP_-2048x955.jpg","2048x2048-width":2048,"2048x2048-height":955,"post-thumbnail":"https:\/\/www.ramatuelle-tourisme.com\/wp-content\/uploads\/2023\/01\/3_PXL_20210603_081628464.MP_-125x125.jpg","post-thumbnail-width":125,"post-thumbnail-height":125,"small_large":"https:\/\/www.ramatuelle-tourisme.com\/wp-content\/uploads\/2023\/01\/3_PXL_20210603_081628464.MP_-300x140.jpg","small_large-width":300,"small_large-height":140,"thumb_370_247":"https:\/\/www.ramatuelle-tourisme.com\/wp-content\/uploads\/2023\/01\/3_PXL_20210603_081628464.MP_-370x247.jpg","thumb_370_247-width":370,"thumb_370_247-height":247}}],"liens_ancrage":false,"autoplay":true,"delay":"4500"},"aioseo_notices":[],"_links":{"self":[{"href":"https:\/\/www.ramatuelle-tourisme.com\/fr\/wp-json\/wp\/v2\/pages\/2","targetHints":{"allow":["GET"]}}],"collection":[{"href":"https:\/\/www.ramatuelle-tourisme.com\/fr\/wp-json\/wp\/v2\/pages"}],"about":[{"href":"https:\/\/www.ramatuelle-tourisme.com\/fr\/wp-json\/wp\/v2\/types\/page"}],"author":[{"embeddable":true,"href":"https:\/\/www.ramatuelle-tourisme.com\/fr\/wp-json\/wp\/v2\/users\/1"}],"replies":[{"embeddable":true,"href":"https:\/\/www.ramatuelle-tourisme.com\/fr\/wp-json\/wp\/v2\/comments?post=2"}],"version-history":[{"count":58,"href":"https:\/\/www.ramatuelle-tourisme.com\/fr\/wp-json\/wp\/v2\/pages\/2\/revisions"}],"predecessor-version":[{"id":18309,"href":"https:\/\/www.ramatuelle-tourisme.com\/fr\/wp-json\/wp\/v2\/pages\/2\/revisions\/18309"}],"wp:attachment":[{"href":"https:\/\/www.ramatuelle-tourisme.com\/fr\/wp-json\/wp\/v2\/media?parent=2"}],"curies":[{"name":"wp","href":"https:\/\/api.w.org\/{rel}","templated":true}]}}