{"id":191,"date":"2016-12-01T00:42:11","date_gmt":"2016-11-30T23:42:11","guid":{"rendered":"http:\/\/www.ramatuelle-tourisme.com\/?page_id=191"},"modified":"2025-01-28T11:42:04","modified_gmt":"2025-01-28T10:42:04","slug":"leglise-notre-dame","status":"publish","type":"page","link":"https:\/\/www.ramatuelle-tourisme.com\/fr\/decouvrir-la-presquile\/cote-village\/les-monuments\/leglise-notre-dame\/","title":{"rendered":"L&rsquo;\u00e9glise Notre Dame"},"content":{"rendered":"<p><img loading=\"lazy\" decoding=\"async\" class=\"alignnone size-full wp-image-197\" src=\"https:\/\/www.ramatuelle-tourisme.com\/wp-content\/uploads\/2016\/12\/eglise.jpg\" alt=\"\" width=\"600\" height=\"400\" srcset=\"https:\/\/www.ramatuelle-tourisme.com\/wp-content\/uploads\/2016\/12\/eglise.jpg 600w, https:\/\/www.ramatuelle-tourisme.com\/wp-content\/uploads\/2016\/12\/eglise-300x200.jpg 300w, https:\/\/www.ramatuelle-tourisme.com\/wp-content\/uploads\/2016\/12\/eglise-370x247.jpg 370w\" sizes=\"auto, (max-width: 600px) 100vw, 600px\" \/><\/p>\n<p><strong><a href=\"https:\/\/app.avizi.fr\/fichiers\/preview\/6798b3a1aa27d\" target=\"_blank\" rel=\"noopener\">T\u00e9l\u00e9charger la brochure<\/a><\/strong><\/p>\n<p>L&rsquo;\u00e9glise paroissiale de Ramatuelle est adoss\u00e9e \u00e0 l&rsquo;ancien rempart qui entourait le village.<\/p>\n<p>A la fin du XVIe si\u00e8cle, l\u2019\u00e9glise paroissiale de Ramatuelle a \u00e9t\u00e9 d\u00e9truite \u00e0 la suite des Guerres de religions. Les consuls de la communaut\u00e9 d\u00e9cid\u00e8rent alors de la reb\u00e2tir sans en demander l\u2019autorisation \u00e0 l\u2019\u00e9v\u00eaque du dioc\u00e8se ni au prieur. Ce nouveau lieu de culte \u00e9difi\u00e9 autour de l\u2019ann\u00e9e 1582 fut adoss\u00e9 au rempart qui entourait le village afin de faire l\u2019\u00e9conomie de construction d\u2019un mur. Mais, dans les d\u00e9cennies qui suivirent, les Ramatuellois furent contraints d\u2019adresser de nombreuses plaintes aupr\u00e8s de l\u2019\u00e9v\u00eaque de Fr\u00e9jus, car le prieur refusait de payer sa quote-part des travaux. La toiture n\u2019\u00e9tant pas achev\u00e9e, par mauvais temps il pleuvait dans l\u2019\u00e9glise et cela emp\u00eachait la c\u00e9l\u00e9bration du \u00ab culte divin \u00bb. Ce n\u2019est que dans les premi\u00e8res ann\u00e9es du XVIIe si\u00e8cle que cette \u00e9glise fut achev\u00e9e avec le percement de la grande porte dat\u00e9e de 1620. Cette entr\u00e9e est orn\u00e9e d\u2019un riche portail en serpentinite (plus commun\u00e9ment appel\u00e9e serpentine), porphyre vert dont on a extrait les blocs dans une carri\u00e8re du quartier de la Carrade \u00e0 Cavalaire.<\/p>\n<p>Plusieurs indices laissent supposer que l\u2019\u00e9glise \u00e9tait \u00e0 l\u2019origine dispos\u00e9e en sens inverse. Le ma\u00eetre-autel devait donc se situer \u00e0 la place de l\u2019actuelle porte d\u2019entr\u00e9e (on y voit encore sur les c\u00f4t\u00e9s, les petites niches d\u2019\u00e9vacuation des eaux de service de l\u2019autel). La sacristie actuelle n\u2019existait pas et sa place \u00e9tait occup\u00e9e par une tribune ouverte sur la vo\u00fbte de l\u2019\u00e9glise et domin\u00e9e par un grand axe de pierre visible encore au-dessus de la sacristie. \u00ab\u00a0L\u2019\u0153il de b\u0153uf\u00a0\u00bb qui s\u2019ouvre sur la rue du clocher \u00e9clairait alors l\u2019int\u00e9rieur de l\u2019\u00e9glise. Le clocher est le vestige d\u2019une des quatre tours de guet attest\u00e9es au XIVe si\u00e8cle et qui faisaient partie de l\u2019enceinte fortifi\u00e9e. La salle des gardes a \u00e9t\u00e9 conserv\u00e9e et une partie du chemin de ronde court toujours sur le toit de l\u2019\u00e9glise. Ces tours \u00e9taient indispensables \u00e0 la population car elles permettaient de voir les nombreux dangers venant de la mer ou de la plaine : pirates, barbaresques, soldats et envahisseurs de toutes sortes dont on essayait ainsi de se pr\u00e9munir.<\/p>\n<p>La partie lat\u00e9rale gauche de l\u2019\u00e9glise correspond au mur de l\u2019ancien rempart et comprend quatre arcs. Le deuxi\u00e8me arc abrite une vitrine blind\u00e9e qui pr\u00e9sente 3 santons : Saint Joseph et la Sainte Vierge (XVIe s.) class\u00e9s au titre des Monuments historiques et un enfant J\u00e9sus offert par l\u2019acteur Jean-Claude Brialy (1933-2007) qui a r\u00e9sid\u00e9 \u00e0 Ramatuelle. Dans le troisi\u00e8me arc, on peut voir le buste reliquaire de saint Andr\u00e9, qui fut patron de la paroisse. D\u2019apr\u00e8s la tradition, saint Andr\u00e9 fut crucifi\u00e9 \u00e0 Patras (en Gr\u00e8ce, P\u00e9loponn\u00e8se) en l\u2019an 60. Il aurait \u00e9t\u00e9 martyris\u00e9 sur une croix \u00e0 branches \u00e9gales dite depuis, croix de Saint Andr\u00e9. Les bustes reliquaires de Saint Tropez et Sainte Maxime flanquent celui de saint Andr\u00e9. Le ch\u0153ur renferme un magnifique retable du XVIIe si\u00e8cle class\u00e9, avec une repr\u00e9sentation de saint Andr\u00e9. Le d\u00e9cor peint de la vo\u00fbte (XIXe s.) a \u00e9t\u00e9 r\u00e9cemment restaur\u00e9. Des travaux ont r\u00e9v\u00e9l\u00e9 l\u2019existence de d\u00e9cors peints du XVIIe s. sur les murs qui soutiennent la vo\u00fbte du ch\u0153ur. Le mur de droite en propose une restitution.<\/p>\n<p>A droite de l\u2019entr\u00e9e une plaque comm\u00e9more la m\u00e9moire des \u00e9quipages de quatre sous-marins : \u00ab le S M 2326\u00a0\u00bb, \u00ab\u00a0la Sybille\u00a0\u00bb, \u00ab\u00a0la Minerve\u00a0\u00bb, \u00ab\u00a0l\u2019Eurydice\u00a0\u00bb, disparus au large du Cap Camarat de 1946 \u00e0 1970.<\/p>\n","protected":false},"excerpt":{"rendered":"<p>T\u00e9l\u00e9charger la brochure L&rsquo;\u00e9glise paroissiale de Ramatuelle est adoss\u00e9e \u00e0 l&rsquo;ancien rempart qui entourait le village. A la fin du XVIe si\u00e8cle, l\u2019\u00e9glise paroissiale de Ramatuelle a \u00e9t\u00e9 d\u00e9truite \u00e0 la suite des Guerres de religions. Les consuls de la communaut\u00e9 d\u00e9cid\u00e8rent alors de la reb\u00e2tir sans en demander l\u2019autorisation \u00e0 l\u2019\u00e9v\u00eaque du dioc\u00e8se ni<a class=\"excerpt-read-more\" href=\"https:\/\/www.ramatuelle-tourisme.com\/fr\/decouvrir-la-presquile\/cote-village\/les-monuments\/leglise-notre-dame\/\" title=\"ReadL&rsquo;\u00e9glise Notre Dame\">&#8230; Read more &raquo;<\/a><\/p>\n","protected":false},"author":1,"featured_media":506,"parent":134,"menu_order":285,"comment_status":"closed","ping_status":"closed","template":"","meta":{"_acf_changed":false,"footnotes":""},"class_list":["post-191","page","type-page","status-publish","has-post-thumbnail","hentry"],"acf":{"black__white":false,"nugget":false,"type_daffichage":"emeraude","liens_ancrage":false,"autoplay":true,"delay":"4000","gallery":false},"aioseo_notices":[],"_links":{"self":[{"href":"https:\/\/www.ramatuelle-tourisme.com\/fr\/wp-json\/wp\/v2\/pages\/191","targetHints":{"allow":["GET"]}}],"collection":[{"href":"https:\/\/www.ramatuelle-tourisme.com\/fr\/wp-json\/wp\/v2\/pages"}],"about":[{"href":"https:\/\/www.ramatuelle-tourisme.com\/fr\/wp-json\/wp\/v2\/types\/page"}],"author":[{"embeddable":true,"href":"https:\/\/www.ramatuelle-tourisme.com\/fr\/wp-json\/wp\/v2\/users\/1"}],"replies":[{"embeddable":true,"href":"https:\/\/www.ramatuelle-tourisme.com\/fr\/wp-json\/wp\/v2\/comments?post=191"}],"version-history":[{"count":13,"href":"https:\/\/www.ramatuelle-tourisme.com\/fr\/wp-json\/wp\/v2\/pages\/191\/revisions"}],"predecessor-version":[{"id":15818,"href":"https:\/\/www.ramatuelle-tourisme.com\/fr\/wp-json\/wp\/v2\/pages\/191\/revisions\/15818"}],"up":[{"embeddable":true,"href":"https:\/\/www.ramatuelle-tourisme.com\/fr\/wp-json\/wp\/v2\/pages\/134"}],"wp:featuredmedia":[{"embeddable":true,"href":"https:\/\/www.ramatuelle-tourisme.com\/fr\/wp-json\/wp\/v2\/media\/506"}],"wp:attachment":[{"href":"https:\/\/www.ramatuelle-tourisme.com\/fr\/wp-json\/wp\/v2\/media?parent=191"}],"curies":[{"name":"wp","href":"https:\/\/api.w.org\/{rel}","templated":true}]}}