{"id":173,"date":"2016-11-30T21:20:11","date_gmt":"2016-11-30T20:20:11","guid":{"rendered":"http:\/\/www.ramatuelle-tourisme.com\/?page_id=173"},"modified":"2025-01-28T11:35:18","modified_gmt":"2025-01-28T10:35:18","slug":"maison-des-douanes","status":"publish","type":"page","link":"https:\/\/www.ramatuelle-tourisme.com\/fr\/decouvrir-la-presquile\/cote-nature\/les-tresors-caches\/maison-des-douanes\/","title":{"rendered":"Maison des douanes"},"content":{"rendered":"<p>Situ\u00e9e au pied de la presqu&rsquo;\u00eele de Taillat, cette \u00e9trange b\u00e2tisse du XIXe si\u00e8cle a \u00e9t\u00e9 r\u00e9cemment restaur\u00e9e. Elle est la propri\u00e9t\u00e9 du\u00a0<a href=\"http:\/\/www.conservatoire-du-littoral.fr\/\" target=\"_blank\" rel=\"noopener\">Conservatoire du Littoral<\/a>\u00a0qui a en charge la sauvegarde et la surveillance des 3 caps class\u00e9s : Lardier, Taillat et Camarat. A proximit\u00e9, sur la petite plage on trouve <strong>une aiguade romaine (puits)<\/strong>.<\/p>\n","protected":false},"excerpt":{"rendered":"<p>Situ\u00e9e au pied de la presqu&rsquo;\u00eele de Taillat, cette \u00e9trange b\u00e2tisse du XIXe si\u00e8cle a \u00e9t\u00e9 r\u00e9cemment restaur\u00e9e. Elle est la propri\u00e9t\u00e9 du\u00a0Conservatoire du Littoral\u00a0qui a en charge la sauvegarde et la surveillance des 3 caps class\u00e9s : Lardier, Taillat et Camarat. A proximit\u00e9, sur la petite plage on trouve une aiguade romaine (puits).<\/p>\n","protected":false},"author":1,"featured_media":10311,"parent":126,"menu_order":68,"comment_status":"closed","ping_status":"closed","template":"","meta":{"_acf_changed":false,"footnotes":""},"class_list":["post-173","page","type-page","status-publish","has-post-thumbnail","hentry"],"acf":{"black__white":false,"nugget":false,"type_daffichage":"rubis","liens_ancrage":false,"gallery":false,"autoplay":true,"delay":"4000"},"aioseo_notices":[],"_links":{"self":[{"href":"https:\/\/www.ramatuelle-tourisme.com\/fr\/wp-json\/wp\/v2\/pages\/173","targetHints":{"allow":["GET"]}}],"collection":[{"href":"https:\/\/www.ramatuelle-tourisme.com\/fr\/wp-json\/wp\/v2\/pages"}],"about":[{"href":"https:\/\/www.ramatuelle-tourisme.com\/fr\/wp-json\/wp\/v2\/types\/page"}],"author":[{"embeddable":true,"href":"https:\/\/www.ramatuelle-tourisme.com\/fr\/wp-json\/wp\/v2\/users\/1"}],"replies":[{"embeddable":true,"href":"https:\/\/www.ramatuelle-tourisme.com\/fr\/wp-json\/wp\/v2\/comments?post=173"}],"version-history":[{"count":5,"href":"https:\/\/www.ramatuelle-tourisme.com\/fr\/wp-json\/wp\/v2\/pages\/173\/revisions"}],"predecessor-version":[{"id":15815,"href":"https:\/\/www.ramatuelle-tourisme.com\/fr\/wp-json\/wp\/v2\/pages\/173\/revisions\/15815"}],"up":[{"embeddable":true,"href":"https:\/\/www.ramatuelle-tourisme.com\/fr\/wp-json\/wp\/v2\/pages\/126"}],"wp:featuredmedia":[{"embeddable":true,"href":"https:\/\/www.ramatuelle-tourisme.com\/fr\/wp-json\/wp\/v2\/media\/10311"}],"wp:attachment":[{"href":"https:\/\/www.ramatuelle-tourisme.com\/fr\/wp-json\/wp\/v2\/media?parent=173"}],"curies":[{"name":"wp","href":"https:\/\/api.w.org\/{rel}","templated":true}]}}