{"id":170,"date":"2016-11-30T21:13:33","date_gmt":"2016-11-30T20:13:33","guid":{"rendered":"http:\/\/www.ramatuelle-tourisme.com\/?page_id=170"},"modified":"2021-06-18T09:46:26","modified_gmt":"2021-06-18T07:46:26","slug":"dolmen-de-la-baie-de-briande","status":"publish","type":"page","link":"https:\/\/www.ramatuelle-tourisme.com\/fr\/decouvrir-la-presquile\/cote-nature\/les-tresors-caches\/dolmen-de-la-baie-de-briande\/","title":{"rendered":"Dolmen de la baie de Briande"},"content":{"rendered":"<p>Le Dolmen est situ\u00e9 sur le domaine du <a href=\"http:\/\/www.conservatoire-du-littoral.fr\/\">Conservatoire du Littoral<\/a>. On ne lui conna\u00eet pas de dalle de couverture.<br \/>\nAu d\u00e9part de l\u2019Escalet, suivre le sentier du littoral. A la Maison des Douanes, remonter le vallon sur 500 m\u00e8tres (balis\u00e9 par des fl\u00e8ches en bois). Oscar RAPPAZ, arch\u00e9ologue, y a d\u00e9couvert en 1935 <strong>des pointes de fl\u00e8ches, des pendeloques en quartz et des perles en serpentine<\/strong>.<\/p>\n","protected":false},"excerpt":{"rendered":"<p>Le Dolmen est situ\u00e9 sur le domaine du Conservatoire du Littoral. On ne lui conna\u00eet pas de dalle de couverture. Au d\u00e9part de l\u2019Escalet, suivre le sentier du littoral. A la Maison des Douanes, remonter le vallon sur 500 m\u00e8tres (balis\u00e9 par des fl\u00e8ches en bois). Oscar RAPPAZ, arch\u00e9ologue, y a d\u00e9couvert en 1935 des<a class=\"excerpt-read-more\" href=\"https:\/\/www.ramatuelle-tourisme.com\/fr\/decouvrir-la-presquile\/cote-nature\/les-tresors-caches\/dolmen-de-la-baie-de-briande\/\" title=\"ReadDolmen de la baie de Briande\">&#8230; Read more &raquo;<\/a><\/p>\n","protected":false},"author":1,"featured_media":6320,"parent":126,"menu_order":66,"comment_status":"closed","ping_status":"closed","template":"","meta":{"_acf_changed":false,"footnotes":""},"class_list":["post-170","page","type-page","status-publish","has-post-thumbnail","hentry"],"acf":{"black__white":false,"nugget":false,"type_daffichage":"rubis","gallery":false},"aioseo_notices":[],"_links":{"self":[{"href":"https:\/\/www.ramatuelle-tourisme.com\/fr\/wp-json\/wp\/v2\/pages\/170","targetHints":{"allow":["GET"]}}],"collection":[{"href":"https:\/\/www.ramatuelle-tourisme.com\/fr\/wp-json\/wp\/v2\/pages"}],"about":[{"href":"https:\/\/www.ramatuelle-tourisme.com\/fr\/wp-json\/wp\/v2\/types\/page"}],"author":[{"embeddable":true,"href":"https:\/\/www.ramatuelle-tourisme.com\/fr\/wp-json\/wp\/v2\/users\/1"}],"replies":[{"embeddable":true,"href":"https:\/\/www.ramatuelle-tourisme.com\/fr\/wp-json\/wp\/v2\/comments?post=170"}],"version-history":[{"count":3,"href":"https:\/\/www.ramatuelle-tourisme.com\/fr\/wp-json\/wp\/v2\/pages\/170\/revisions"}],"predecessor-version":[{"id":1137,"href":"https:\/\/www.ramatuelle-tourisme.com\/fr\/wp-json\/wp\/v2\/pages\/170\/revisions\/1137"}],"up":[{"embeddable":true,"href":"https:\/\/www.ramatuelle-tourisme.com\/fr\/wp-json\/wp\/v2\/pages\/126"}],"wp:featuredmedia":[{"embeddable":true,"href":"https:\/\/www.ramatuelle-tourisme.com\/fr\/wp-json\/wp\/v2\/media\/6320"}],"wp:attachment":[{"href":"https:\/\/www.ramatuelle-tourisme.com\/fr\/wp-json\/wp\/v2\/media?parent=170"}],"curies":[{"name":"wp","href":"https:\/\/api.w.org\/{rel}","templated":true}]}}