{"id":163,"date":"2016-11-29T23:59:34","date_gmt":"2016-11-29T22:59:34","guid":{"rendered":"http:\/\/www.ramatuelle-tourisme.com\/?page_id=163"},"modified":"2017-04-28T10:10:01","modified_gmt":"2017-04-28T08:10:01","slug":"le-cap-taillat","status":"publish","type":"page","link":"https:\/\/www.ramatuelle-tourisme.com\/fr\/decouvrir-la-presquile\/cote-mer\/les-tresors-caches\/le-cap-taillat\/","title":{"rendered":"Le cap Taillat"},"content":{"rendered":"<p>Il suffit de 40 minutes de marche depuis la Plage de l\u2019Escalet pour d\u00e9couvrir la 8\u00e8me merveille du monde ! Nos anc\u00eatres ne s&rsquo;y \u00e9taient pas tromp\u00e9s, eux qui 200 ans avant J.C s&rsquo;y install\u00e8rent.<\/p>\n<p>Fronti\u00e8re naturelle entre La Croix-Valmer et Ramatuelle, cet espace remarquable o\u00f9 sont prot\u00e9g\u00e9es flore et faune, partage l&rsquo;espace marin en deux baies : la baie de Briande (La Croix Valmer) et la baie de Bonporteau (Ramatuelle). Quel que soit le vent, il vous permet de trouver un lieu abrit\u00e9. Class\u00e9 en 1993, ce site d&rsquo;une beaut\u00e9 indescriptible est devenu propri\u00e9t\u00e9 du Conservatoire du Littoral.<\/p>\n","protected":false},"excerpt":{"rendered":"<p>Il suffit de 40 minutes de marche depuis la Plage de l\u2019Escalet pour d\u00e9couvrir la 8\u00e8me merveille du monde ! Nos anc\u00eatres ne s&rsquo;y \u00e9taient pas tromp\u00e9s, eux qui 200 ans avant J.C s&rsquo;y install\u00e8rent. Fronti\u00e8re naturelle entre La Croix-Valmer et Ramatuelle, cet espace remarquable o\u00f9 sont prot\u00e9g\u00e9es flore et faune, partage l&rsquo;espace marin en<a class=\"excerpt-read-more\" href=\"https:\/\/www.ramatuelle-tourisme.com\/fr\/decouvrir-la-presquile\/cote-mer\/les-tresors-caches\/le-cap-taillat\/\" title=\"ReadLe cap Taillat\">&#8230; Read more &raquo;<\/a><\/p>\n","protected":false},"author":1,"featured_media":500,"parent":81,"menu_order":334,"comment_status":"closed","ping_status":"closed","template":"","meta":{"_acf_changed":false,"footnotes":""},"class_list":["post-163","page","type-page","status-publish","has-post-thumbnail","hentry"],"acf":{"black__white":false,"nugget":false,"type_daffichage":"rubis"},"aioseo_notices":[],"_links":{"self":[{"href":"https:\/\/www.ramatuelle-tourisme.com\/fr\/wp-json\/wp\/v2\/pages\/163","targetHints":{"allow":["GET"]}}],"collection":[{"href":"https:\/\/www.ramatuelle-tourisme.com\/fr\/wp-json\/wp\/v2\/pages"}],"about":[{"href":"https:\/\/www.ramatuelle-tourisme.com\/fr\/wp-json\/wp\/v2\/types\/page"}],"author":[{"embeddable":true,"href":"https:\/\/www.ramatuelle-tourisme.com\/fr\/wp-json\/wp\/v2\/users\/1"}],"replies":[{"embeddable":true,"href":"https:\/\/www.ramatuelle-tourisme.com\/fr\/wp-json\/wp\/v2\/comments?post=163"}],"version-history":[{"count":5,"href":"https:\/\/www.ramatuelle-tourisme.com\/fr\/wp-json\/wp\/v2\/pages\/163\/revisions"}],"predecessor-version":[{"id":1191,"href":"https:\/\/www.ramatuelle-tourisme.com\/fr\/wp-json\/wp\/v2\/pages\/163\/revisions\/1191"}],"up":[{"embeddable":true,"href":"https:\/\/www.ramatuelle-tourisme.com\/fr\/wp-json\/wp\/v2\/pages\/81"}],"wp:featuredmedia":[{"embeddable":true,"href":"https:\/\/www.ramatuelle-tourisme.com\/fr\/wp-json\/wp\/v2\/media\/500"}],"wp:attachment":[{"href":"https:\/\/www.ramatuelle-tourisme.com\/fr\/wp-json\/wp\/v2\/media?parent=163"}],"curies":[{"name":"wp","href":"https:\/\/api.w.org\/{rel}","templated":true}]}}